{"id":2355,"date":"2023-06-19T23:31:48","date_gmt":"2023-06-19T20:31:48","guid":{"rendered":"https:\/\/a-es.eu\/en\/?page_id=2355"},"modified":"2023-06-20T00:38:12","modified_gmt":"2023-06-19T21:38:12","slug":"cmr-fraktsedel","status":"publish","type":"page","link":"https:\/\/a-es.eu\/en\/cmr-fraktsedel","title":{"rendered":"CMR fraktsedel"},"content":{"rendered":"<p>[vc_row][vc_column][vc_custom_heading text=&#8221;Cmr fraktsedel&#8221; font_container=&#8221;tag:h2|text_align:center&#8221; use_theme_fonts=&#8221;yes&#8221;][vc_column_text]CMR fraktsedel, \u00e4ven k\u00e4nt som CMR-f\u00f6ljesedel eller CMR-fraktsedel, \u00e4r ett internationellt transportdokument som anv\u00e4nds inom v\u00e4gtransport. CMR st\u00e5r f\u00f6r Convention Relative au Contrat de Transport International de Marchandises par Route, vilket \u00e4r det franska namnet p\u00e5 den internationella konventionen om godstransport p\u00e5 v\u00e4g.<\/p>\n<p>CMR fraktsedel fungerar som bevis p\u00e5 transportavtalet mellan avs\u00e4ndaren (gods\u00e4garen) och transport\u00f6ren (\u00e5keriet) och ger information om de transporterade varorna. Det inneh\u00e5ller viktig information s\u00e5som:<\/p>\n<ol>\n<li>Parter: Namn och adresser f\u00f6r avs\u00e4ndare, transport\u00f6r och mottagare av godset.<\/li>\n<li>Beskrivning av godset: En beskrivning av de transporterade varorna, inklusive deras natur, kvantitet och eventuella s\u00e4rskilda markeringar eller hanteringsinstruktioner.<\/li>\n<li>F\u00f6rpackning: Information om vilken typ av f\u00f6rpackning som anv\u00e4nds f\u00f6r godset, s\u00e5som l\u00e5dor, pallar eller containrar.<\/li>\n<li>Transportrutt: Den avsedda rutten f\u00f6r transporten, inklusive platsen f\u00f6r lastning och lossning.<\/li>\n<li>Transportvillkor: Villkor som styr transporten, s\u00e5som ansvar, f\u00f6rs\u00e4kring och eventuella s\u00e4rskilda avtal mellan avs\u00e4ndaren och transport\u00f6ren.<\/li>\n<li>Underskrifter och datum: CMR-dokumentet m\u00e5ste undertecknas och dateras av avs\u00e4ndaren och transport\u00f6ren f\u00f6r att bekr\u00e4fta mottagandet och godk\u00e4nnandet av godset f\u00f6r transport.<\/li>\n<\/ol>\n<p>CMR fraktsedel fungerar som ett juridiskt bindande dokument och ger skydd f\u00f6r b\u00e5de avs\u00e4ndaren och transport\u00f6ren genom att fastst\u00e4lla tydliga ansvarsomr\u00e5den och skyldigheter. Det fungerar ocks\u00e5 som ett leveransbevis och kan anv\u00e4ndas f\u00f6r tullklarering och f\u00f6rs\u00e4krings\u00e4ndam\u00e5l.<\/p>\n<p>CMR fraktsedel \u00e4r allm\u00e4nt erk\u00e4nt och anv\u00e4nds inom internationell v\u00e4gtransport, s\u00e4rskilt inom Europa, d\u00e4r det underl\u00e4ttar smidig godstransport \u00f6ver gr\u00e4nserna.[\/vc_column_text][\/vc_column][\/vc_row][vc_row][vc_column][vc_btn title=&#8221;Ladda ner CMR-formul\u00e4r i PDF-format&#8221; style=&#8221;3d&#8221; color=&#8221;juicy-pink&#8221; link=&#8221;url:https%3A%2F%2Fa-es.eu%2Fen%2Fwp-content%2Fuploads%2Fsites%2F2%2F2022%2F12%2Fcmr_lv_en-1.pdf|||&#8221;][\/vc_column][\/vc_row][vc_row][vc_column][vc_custom_heading text=&#8221;Vad du beh\u00f6ver veta n\u00e4r du fyller i CMR-formul\u00e4ret:&#8221; font_container=&#8221;tag:h3|text_align:left&#8221; use_theme_fonts=&#8221;yes&#8221;][vc_column_text]CMR-vormi t\u00e4itmine n\u00f5uab palju keskendumist ja t\u00e4helepanu, millele tuleks t\u00e4helepanu p\u00f6\u00f6rata:<\/p>\n<ul>\n<li>K\u00f5ik v\u00e4ljad tuleb t\u00e4ita selgelt ja tr\u00fckivigadeta;<\/li>\n<li>V\u00e4ljad 6. &#8211; 11. tuleb t\u00e4ita, mis h\u00f5lmab kauba erip\u00e4ra. Kaupa tuleb \u00fcksikasjalikult kirjeldada, et kauba \u00fcle piirikontrollipunktide transportimisel ei tekiks tarbetuid probleeme. Samuti aitab korrektselt ja arusaadavalt t\u00e4idetud vorm v\u00e4ltida erinevate ootamatute olukordade tagaj\u00e4rgi. N\u00e4iteks kui kaup on kahjustatud, s\u00f5iduki kokkup\u00f5rke ajal.<\/li>\n<li>V\u00e4li 18 on oluline kauba vedaja enda jaoks, et ei tekiks arusaamatusi transporditava kauba seisundi kohta kuni kauba kohaletoimetamise punktini. Kauba vedaja &#8211; juht &#8211; vastutab osaliselt selle v\u00e4lja eest, ta peab hindama kauba seisukorda, kas see vastab kirjeldusele.<\/li>\n<li>V\u00e4ltige vea tegemist veergude 2 ja 19 t\u00e4itmisel, kuna need vastutavad kaubaveo laadimise, mahalaadimise ja \u00fcmberlaadimise kohtade eest. CMR-vorme kirjutatakse k\u00e4sitsi ja pastakaga, mis on sageli lihtne, kuid t\u00e4pset t\u00e4psust n\u00f5udev oluline protsess.<\/li>\n<li>Soovitame enne CMR-vormi t\u00e4itmist printida v\u00f5i osta mitu CMR-konventsiooni vormi. Kolmandatesse riikidesse kaubaveo korraldamisel tuleb t\u00e4ita v\u00e4li 13, kuhu tuleb sisestada tollikood.<\/li>\n<\/ul>\n<p>[\/vc_column_text][vc_column_text]<\/p>\n<div style=\"text-align: center;\"><a href=\"https:\/\/likumi.lv\/ta\/en\/lv\/starptautiskie-ligumi\/id\/673\" target=\"_blank\" rel=\"noopener\">CMR-KONVENTIONEN AVTAL OM INTERNATIONELL GODSTRANSPORT<\/a><\/div>\n<div style=\"text-align: center;\"><\/div>\n<div><\/div>\n<div><\/div>\n<p>[\/vc_column_text][\/vc_column][\/vc_row][vc_row][vc_column][vc_btn title=&#8221;GET A GUOTE&#8221; color=&#8221;juicy-pink&#8221; size=&#8221;lg&#8221; align=&#8221;center&#8221; button_block=&#8221;true&#8221; link=&#8221;url:https%3A%2F%2Fa-es.eu%2Fen%2Fget-a-quote|title:GET%20A%20QUOTE||&#8221;][\/vc_column][\/vc_row]<\/p>\n","protected":false},"excerpt":{"rendered":"<p>[vc_row][vc_column][vc_custom_heading text=&#8221;Cmr fraktsedel&#8221; font_container=&#8221;tag:h2|text_align:center&#8221; use_theme_fonts=&#8221;yes&#8221;][vc_column_text]CMR fraktsedel, \u00e4ven k\u00e4nt som CMR-f\u00f6ljesedel eller CMR-fraktsedel, \u00e4r ett internationellt transportdokument som anv\u00e4nds inom v\u00e4gtransport. CMR st\u00e5r f\u00f6r Convention Relative au Contrat de Transport International de Marchandises par Route, vilket \u00e4r det franska namnet p\u00e5 den internationella konventionen om godstransport p\u00e5 v\u00e4g. CMR fraktsedel fungerar som bevis p\u00e5 transportavtalet mellan [&hellip;]<\/p>\n","protected":false},"author":1,"featured_media":2141,"parent":0,"menu_order":0,"comment_status":"closed","ping_status":"closed","template":"","meta":{"footnotes":""},"class_list":["post-2355","page","type-page","status-publish","has-post-thumbnail","hentry"],"_links":{"self":[{"href":"https:\/\/a-es.eu\/en\/wp-json\/wp\/v2\/pages\/2355","targetHints":{"allow":["GET"]}}],"collection":[{"href":"https:\/\/a-es.eu\/en\/wp-json\/wp\/v2\/pages"}],"about":[{"href":"https:\/\/a-es.eu\/en\/wp-json\/wp\/v2\/types\/page"}],"author":[{"embeddable":true,"href":"https:\/\/a-es.eu\/en\/wp-json\/wp\/v2\/users\/1"}],"replies":[{"embeddable":true,"href":"https:\/\/a-es.eu\/en\/wp-json\/wp\/v2\/comments?post=2355"}],"version-history":[{"count":0,"href":"https:\/\/a-es.eu\/en\/wp-json\/wp\/v2\/pages\/2355\/revisions"}],"wp:featuredmedia":[{"embeddable":true,"href":"https:\/\/a-es.eu\/en\/wp-json\/wp\/v2\/media\/2141"}],"wp:attachment":[{"href":"https:\/\/a-es.eu\/en\/wp-json\/wp\/v2\/media?parent=2355"}],"curies":[{"name":"wp","href":"https:\/\/api.w.org\/{rel}","templated":true}]}}