{"id":2349,"date":"2023-06-19T21:50:21","date_gmt":"2023-06-19T18:50:21","guid":{"rendered":"https:\/\/a-es.eu\/en\/?page_id=2349"},"modified":"2023-06-19T21:50:21","modified_gmt":"2023-06-19T18:50:21","slug":"ldm-kalkulaattori","status":"publish","type":"page","link":"https:\/\/a-es.eu\/en\/ldm-kalkulaattori","title":{"rendered":"LDM kalkulaattori"},"content":{"rendered":"<p>[vc_row][vc_column]\t\t<div  class=\"sigma_custom_heading_wrapper sigma-custom-heading-1247050030 sigma-shortcode-wrapper custom-heading-style-1 subtitle-text- title-text- heading-alignment-left\">\n\t\t\t<div class=\"sigma-custom-heading-wrapper\">\n\t\t\t<div class=\"sigma-heading-subtitle-wrapper\">\n\t\t\t<h2 class=\"heading-subtitle\">\n\t\t\t\tRahtikuljetusten hinnat\t\t\t<\/h2>\n\t\t<\/div>\n\t\t\t\t<div class=\"sigma-heading-title-wrapper\">\n\t\t\t<h1 class=\"heading-title\">\n\t\t\t\tLDM-kalkulaattori\t\t\t<\/h1>\n\t\t<\/div>\n\t\t<\/div>\n\t\t<\/div>\n\t\t[vc_row_inner][vc_column_inner width=&#8221;1\/2&#8243;][vc_column_text]<style>#fbuilder span { color: #092246; }\n#fbuilder .fform h2 {color: #e5383b;}\n#fbuilder .fform h2 {font-family: Arial, Helvetica, sans-serif;}\n#fbuilder .fform h2 {font-size:18px;}<\/style><style>@media (max-width:480px){#cp_calculatedfieldsf_pform_1{min-height:692px;}}@media (max-width:768px){#cp_calculatedfieldsf_pform_1{min-height:523px;}}@media (max-width:1024px){#cp_calculatedfieldsf_pform_1{min-height:606px;}}@media (min-width:1024px){#cp_calculatedfieldsf_pform_1{min-height:536px;}}<\/style><form name=\"cp_calculatedfieldsf_pform_1\" id=\"cp_calculatedfieldsf_pform_1\" action=\"https:\/\/a-es.eu\/en\/ldm-kalkulaattori\" method=\"post\" enctype=\"multipart\/form-data\" onsubmit=\"return fbuilderjQuery.fbuilder.doValidate(this);\" class=\"cff-form no-prefetch  cff-form-5 cp_cff_13\"  data-nonce=\"6d0f35d4b0\">\n<input type=\"hidden\" name=\"cp_calculatedfieldsf_pform_psequence\" value=\"_1\" \/>\n<input type=\"hidden\" name=\"cp_calculatedfieldsf_id\" value=\"5\" \/>\n<input type=\"hidden\" name=\"cp_ref_page\" value=\"https:\/\/a-es.eu\/en\" \/>\n<pre style=\"display:none !important;\"><script data-category=\"functional\" type=\"text\/javascript\">form_structure_1=[[{\"form_identifier\":\"\",\"name\":\"fieldname2\",\"shortlabel\":\"\",\"index\":0,\"ftype\":\"fnumber\",\"userhelp\":\"\",\"audiotutorial\":\"\",\"userhelpTooltip\":false,\"tooltipIcon\":false,\"csslayout\":\"\",\"title\":\"Length (m)\",\"predefined\":\"\",\"predefinedClick\":false,\"required\":false,\"exclude\":false,\"readonly\":false,\"numberpad\":false,\"spinner\":false,\"size\":\"small\",\"thousandSeparator\":\"\",\"decimalSymbol\":\".\",\"min\":\"\",\"max\":\"\",\"formatDynamically\":false,\"dformat\":\"number\",\"formats\":[\"digits\",\"number\",\"percent\"],\"fBuild\":{},\"parent\":\"\"},{\"form_identifier\":\"\",\"name\":\"fieldname6\",\"shortlabel\":\"\",\"index\":1,\"ftype\":\"fnumber\",\"userhelp\":\"\",\"audiotutorial\":\"\",\"userhelpTooltip\":false,\"tooltipIcon\":false,\"csslayout\":\"\",\"title\":\"Width (m)\",\"predefined\":\"\",\"predefinedClick\":false,\"required\":false,\"exclude\":false,\"readonly\":false,\"numberpad\":false,\"spinner\":false,\"size\":\"small\",\"thousandSeparator\":\"\",\"decimalSymbol\":\".\",\"min\":\"\",\"max\":\"\",\"formatDynamically\":false,\"dformat\":\"number\",\"formats\":[\"digits\",\"number\",\"percent\"],\"fBuild\":{},\"parent\":\"\"},{\"form_identifier\":\"\",\"name\":\"fieldname5\",\"shortlabel\":\"\",\"index\":2,\"ftype\":\"fSectionBreak\",\"userhelp\":\"Results based in the data entered above:\",\"audiotutorial\":\"\",\"userhelpTooltip\":false,\"tooltipIcon\":false,\"csslayout\":\"\",\"title\":\"\",\"fBuild\":{},\"parent\":\"\"},{\"dependencies\":[{\"rule\":\"\",\"complex\":false,\"fields\":[\"\"]}],\"form_identifier\":\"\",\"name\":\"fieldname10\",\"shortlabel\":\"\",\"index\":3,\"ftype\":\"fCalculated\",\"userhelp\":\"\",\"audiotutorial\":\"\",\"userhelpTooltip\":false,\"tooltipIcon\":false,\"csslayout\":\"\",\"title\":\"Loading Meters (LDM)\",\"predefined\":\"\",\"required\":false,\"exclude\":false,\"size\":\"small\",\"eq\":\"SUM=fieldname2*fieldname6\\\/2.4\",\"min\":\"\",\"max\":\"\",\"suffix\":\"\",\"prefix\":\"\",\"decimalsymbol\":\".\",\"groupingsymbol\":\"\",\"readonly\":true,\"currency\":false,\"noEvalIfManual\":true,\"formatDynamically\":false,\"hidefield\":false,\"fBuild\":{},\"parent\":\"\"}],{\"0\":{\"title\":\"NON-STANDARD CARGO SIZE LDM CALCULATOR\",\"description\":\"Fill in the fields of the calculator and find out the loading meters for non-standard cargo (prec) functions.\",\"formlayout\":\"top_aligned\",\"formtemplate\":\"cp_cff_13\",\"evalequations\":1,\"evalequationsevent\":2,\"loading_animation\":0,\"autocomplete\":1,\"persistence\":0,\"animate_form\":0,\"customstyles\":\"#fbuilder span { color: #092246; }\\n#fbuilder .fform h2 {color: #e5383b;}\\n#fbuilder .fform h2 {font-family: Arial, Helvetica, sans-serif;}\\n#fbuilder .fform h2 {font-size:18px;}\\n\"},\"formid\":\"cp_calculatedfieldsf_pform_1\"}];<\/script><\/pre>\n<div id=\"fbuilder\">\n\t\t<div id=\"fbuilder_1\">\n\t\t<div id=\"formheader_1\"><\/div>\n\t\t<div id=\"fieldlist_1\"><\/div>\n\t\t<div class=\"clearer\"><\/div>\n\t<\/div>\n<\/div>\n\t<div id=\"cp_subbtn_1\" class=\"cp_subbtn\" style=\"display:none;\">Submit<\/div><div class=\"clearer\"><\/div>\n\t<input type=\"hidden\" id=\"_cpcff_public_nonce\" name=\"_cpcff_public_nonce\" value=\"598b3e7923\" \/><input type=\"hidden\" name=\"_wp_http_referer\" value=\"\/en\/wp-json\/wp\/v2\/pages\/2349\" \/><\/form>\n\t[\/vc_column_text][vc_column_text]<style>#fbuilder span { color: #092246; }\n#fbuilder .fform h2 {color: #e5383b;}\n#fbuilder .fform h2 {font-family: Arial, Helvetica, sans-serif;}\n#fbuilder .fform h2 {font-size:18px;}<\/style><style>@media (max-width:480px){#cp_calculatedfieldsf_pform_2{min-height:612px;}}@media (max-width:768px){#cp_calculatedfieldsf_pform_2{min-height:296px;}}@media (max-width:1024px){#cp_calculatedfieldsf_pform_2{min-height:315px;}}@media (min-width:1024px){#cp_calculatedfieldsf_pform_2{min-height:312px;}}<\/style><form name=\"cp_calculatedfieldsf_pform_2\" id=\"cp_calculatedfieldsf_pform_2\" action=\"https:\/\/a-es.eu\/en\/ldm-kalkulaattori\" method=\"post\" enctype=\"multipart\/form-data\" onsubmit=\"return fbuilderjQuery.fbuilder.doValidate(this);\" class=\"cff-form no-prefetch  cff-form-4 cp_cff_13\"  data-nonce=\"6d0f35d4b0\">\n<input type=\"hidden\" name=\"cp_calculatedfieldsf_pform_psequence\" value=\"_2\" \/>\n<input type=\"hidden\" name=\"cp_calculatedfieldsf_id\" value=\"4\" \/>\n<input type=\"hidden\" name=\"cp_ref_page\" value=\"https:\/\/a-es.eu\/en\" \/>\n<pre style=\"display:none !important;\"><script data-category=\"functional\" type=\"text\/javascript\">form_structure_2=[[{\"form_identifier\":\"\",\"name\":\"fieldname7\",\"shortlabel\":\"\",\"index\":0,\"ftype\":\"fcheck\",\"userhelp\":\"\",\"audiotutorial\":\"\",\"userhelpTooltip\":false,\"tooltipIcon\":false,\"csslayout\":\"\",\"title\":\"Choose the type of palette\",\"layout\":\"one_column\",\"required\":false,\"exclude\":false,\"readonly\":false,\"toSubmit\":\"text\",\"merge\":1,\"onoff\":1,\"max\":1,\"maxError\":\"Check no more than {0} boxes\",\"showDep\":true,\"choices\":[\"Euro palette\",\"Finnish palette\",\"Industrial palette\"],\"choicesVal\":[\"Euro palette\",\"Finnish palette\",\"Industrial palette\"],\"choiceSelected\":[false,false,false],\"choicesDep\":[[\"fieldname8\",\"fieldname11\",\"fieldname6\",\"fieldname16\"],[\"fieldname9\",\"fieldname12\",\"fieldname14\",\"fieldname17\"],[\"fieldname10\",\"fieldname13\",\"fieldname15\",\"fieldname18\"]],\"fBuild\":{},\"parent\":\"\"},{\"form_identifier\":\"\",\"name\":\"fieldname8\",\"shortlabel\":\"\",\"index\":1,\"ftype\":\"fnumber\",\"userhelp\":\"\",\"audiotutorial\":\"\",\"userhelpTooltip\":false,\"tooltipIcon\":false,\"csslayout\":\"\",\"title\":\"Euro palette\",\"predefined\":\"\",\"predefinedClick\":false,\"required\":false,\"exclude\":false,\"readonly\":false,\"numberpad\":false,\"spinner\":false,\"size\":\"small\",\"thousandSeparator\":\"\",\"decimalSymbol\":\".\",\"min\":\"\",\"max\":\"\",\"formatDynamically\":false,\"dformat\":\"digits\",\"formats\":[\"digits\",\"number\",\"percent\"],\"fBuild\":{},\"parent\":\"\"},{\"form_identifier\":\"\",\"name\":\"fieldname9\",\"shortlabel\":\"\",\"index\":2,\"ftype\":\"fnumber\",\"userhelp\":\"\",\"audiotutorial\":\"\",\"userhelpTooltip\":false,\"tooltipIcon\":false,\"csslayout\":\"\",\"title\":\"Finnish palette\",\"predefined\":\"\",\"predefinedClick\":false,\"required\":false,\"exclude\":false,\"readonly\":false,\"numberpad\":false,\"spinner\":false,\"size\":\"small\",\"thousandSeparator\":\"\",\"decimalSymbol\":\".\",\"min\":\"\",\"max\":\"\",\"formatDynamically\":false,\"dformat\":\"digits\",\"formats\":[\"digits\",\"number\",\"percent\"],\"fBuild\":{},\"parent\":\"\"},{\"form_identifier\":\"\",\"name\":\"fieldname10\",\"shortlabel\":\"\",\"index\":3,\"ftype\":\"fnumber\",\"userhelp\":\"\",\"audiotutorial\":\"\",\"userhelpTooltip\":false,\"tooltipIcon\":false,\"csslayout\":\"\",\"title\":\"Industrial palette\",\"predefined\":\"\",\"predefinedClick\":false,\"required\":false,\"exclude\":false,\"readonly\":false,\"numberpad\":false,\"spinner\":false,\"size\":\"small\",\"thousandSeparator\":\"\",\"decimalSymbol\":\".\",\"min\":\"\",\"max\":\"\",\"formatDynamically\":false,\"dformat\":\"digits\",\"formats\":[\"digits\",\"number\",\"percent\"],\"fBuild\":{},\"parent\":\"\"},{\"form_identifier\":\"\",\"name\":\"fieldname11\",\"shortlabel\":\"\",\"index\":4,\"ftype\":\"fCommentArea\",\"userhelp\":\"\",\"audiotutorial\":\"\",\"userhelpTooltip\":false,\"tooltipIcon\":false,\"csslayout\":\"\",\"title\":\"Euro pallet weight 700kg (120x80cm)\",\"fBuild\":{},\"parent\":\"\"},{\"form_identifier\":\"\",\"name\":\"fieldname12\",\"shortlabel\":\"\",\"index\":5,\"ftype\":\"fCommentArea\",\"userhelp\":\"\",\"audiotutorial\":\"\",\"userhelpTooltip\":false,\"tooltipIcon\":false,\"csslayout\":\"\",\"title\":\"Finnish pallet weight 875kg (120x100cm)\",\"fBuild\":{},\"parent\":\"\"},{\"form_identifier\":\"\",\"name\":\"fieldname13\",\"shortlabel\":\"\",\"index\":6,\"ftype\":\"fCommentArea\",\"userhelp\":\"\",\"audiotutorial\":\"\",\"userhelpTooltip\":false,\"tooltipIcon\":false,\"csslayout\":\"\",\"title\":\"Industrial pallet weight 1050kg (120x120cm)\",\"fBuild\":{},\"parent\":\"\"},{\"dependencies\":[{\"rule\":\"\",\"complex\":false,\"fields\":[\"\"]}],\"form_identifier\":\"\",\"name\":\"fieldname6\",\"shortlabel\":\"\",\"index\":7,\"ftype\":\"fCalculated\",\"userhelp\":\"\",\"audiotutorial\":\"\",\"userhelpTooltip\":false,\"tooltipIcon\":false,\"csslayout\":\"\",\"title\":\"Total weight (kg)\",\"predefined\":\"\",\"required\":false,\"exclude\":false,\"size\":\"small\",\"eq\":\"SUM=700*fieldname8\",\"min\":\"\",\"max\":\"\",\"suffix\":\"\",\"prefix\":\"\",\"decimalsymbol\":\".\",\"groupingsymbol\":\"\",\"readonly\":false,\"currency\":false,\"noEvalIfManual\":true,\"formatDynamically\":false,\"hidefield\":false,\"fBuild\":{},\"parent\":\"\"},{\"dependencies\":[{\"rule\":\"\",\"complex\":false,\"fields\":[\"\"]}],\"form_identifier\":\"\",\"name\":\"fieldname14\",\"shortlabel\":\"\",\"index\":8,\"ftype\":\"fCalculated\",\"userhelp\":\"\",\"audiotutorial\":\"\",\"userhelpTooltip\":false,\"tooltipIcon\":false,\"csslayout\":\"\",\"title\":\"Total weight (kg)\",\"predefined\":\"\",\"required\":false,\"exclude\":false,\"size\":\"small\",\"eq\":\"SUM=875*fieldname9\",\"min\":\"\",\"max\":\"\",\"suffix\":\"\",\"prefix\":\"\",\"decimalsymbol\":\".\",\"groupingsymbol\":\"\",\"readonly\":false,\"currency\":false,\"noEvalIfManual\":true,\"formatDynamically\":false,\"hidefield\":false,\"fBuild\":{},\"parent\":\"\"},{\"dependencies\":[{\"rule\":\"\",\"complex\":false,\"fields\":[\"\"]}],\"form_identifier\":\"\",\"name\":\"fieldname15\",\"shortlabel\":\"\",\"index\":9,\"ftype\":\"fCalculated\",\"userhelp\":\"\",\"audiotutorial\":\"\",\"userhelpTooltip\":false,\"tooltipIcon\":false,\"csslayout\":\"\",\"title\":\"Total weight (kg)\",\"predefined\":\"\",\"required\":false,\"exclude\":false,\"size\":\"small\",\"eq\":\"SUM=1050*fieldname10\",\"min\":\"\",\"max\":\"\",\"suffix\":\"\",\"prefix\":\"\",\"decimalsymbol\":\".\",\"groupingsymbol\":\"\",\"readonly\":false,\"currency\":false,\"noEvalIfManual\":true,\"formatDynamically\":false,\"hidefield\":false,\"fBuild\":{},\"parent\":\"\"},{\"dependencies\":[{\"rule\":\"\",\"complex\":false,\"fields\":[\"\"]}],\"form_identifier\":\"\",\"name\":\"fieldname16\",\"shortlabel\":\"\",\"index\":10,\"ftype\":\"fCalculated\",\"userhelp\":\"\",\"audiotutorial\":\"\",\"userhelpTooltip\":false,\"tooltipIcon\":false,\"csslayout\":\"\",\"title\":\"Loading Meters (LDM)\",\"predefined\":\"\",\"required\":false,\"exclude\":false,\"size\":\"small\",\"eq\":\"SUM=0.4*fieldname8\",\"min\":\"\",\"max\":\"\",\"suffix\":\"\",\"prefix\":\"\",\"decimalsymbol\":\".\",\"groupingsymbol\":\"\",\"readonly\":false,\"currency\":false,\"noEvalIfManual\":true,\"formatDynamically\":false,\"hidefield\":false,\"fBuild\":{},\"parent\":\"\"},{\"dependencies\":[{\"rule\":\"\",\"complex\":false,\"fields\":[\"\"]}],\"form_identifier\":\"\",\"name\":\"fieldname17\",\"shortlabel\":\"\",\"index\":11,\"ftype\":\"fCalculated\",\"userhelp\":\"\",\"audiotutorial\":\"\",\"userhelpTooltip\":false,\"tooltipIcon\":false,\"csslayout\":\"\",\"title\":\"Loading Meters (LDM)\",\"predefined\":\"\",\"required\":false,\"exclude\":false,\"size\":\"small\",\"eq\":\"SUM=0.5*fieldname9\",\"min\":\"\",\"max\":\"\",\"suffix\":\"\",\"prefix\":\"\",\"decimalsymbol\":\".\",\"groupingsymbol\":\"\",\"readonly\":false,\"currency\":false,\"noEvalIfManual\":true,\"formatDynamically\":false,\"hidefield\":false,\"fBuild\":{},\"parent\":\"\"},{\"dependencies\":[{\"rule\":\"\",\"complex\":false,\"fields\":[\"\"]}],\"form_identifier\":\"\",\"name\":\"fieldname18\",\"shortlabel\":\"\",\"index\":12,\"ftype\":\"fCalculated\",\"userhelp\":\"\",\"audiotutorial\":\"\",\"userhelpTooltip\":false,\"tooltipIcon\":false,\"csslayout\":\"\",\"title\":\"Loading Meters (LDM)\",\"predefined\":\"\",\"required\":false,\"exclude\":false,\"size\":\"small\",\"eq\":\"SUM=0.6*fieldname10\",\"min\":\"\",\"max\":\"\",\"suffix\":\"\",\"prefix\":\"\",\"decimalsymbol\":\".\",\"groupingsymbol\":\"\",\"readonly\":false,\"currency\":false,\"noEvalIfManual\":true,\"formatDynamically\":false,\"hidefield\":false,\"fBuild\":{},\"parent\":\"\"}],{\"0\":{\"title\":\"LDM CALCULATOR\",\"description\":\"Fill in the fields of the calculator and find out the loading meters for standard cargo\",\"formlayout\":\"top_aligned\",\"formtemplate\":\"cp_cff_13\",\"evalequations\":1,\"evalequationsevent\":2,\"loading_animation\":0,\"autocomplete\":1,\"persistence\":0,\"animate_form\":0,\"customstyles\":\"#fbuilder span { color: #092246; }\\n#fbuilder .fform h2 {color: #e5383b;}\\n#fbuilder .fform h2 {font-family: Arial, Helvetica, sans-serif;}\\n#fbuilder .fform h2 {font-size:18px;}\"},\"formid\":\"cp_calculatedfieldsf_pform_2\"}];<\/script><\/pre>\n<div id=\"fbuilder\">\n\t\t<div id=\"fbuilder_2\">\n\t\t<div id=\"formheader_2\"><\/div>\n\t\t<div id=\"fieldlist_2\"><\/div>\n\t\t<div class=\"clearer\"><\/div>\n\t<\/div>\n<\/div>\n\t<div id=\"cp_subbtn_2\" class=\"cp_subbtn\" style=\"display:none;\">Submit<\/div><div class=\"clearer\"><\/div>\n\t<input type=\"hidden\" id=\"_cpcff_public_nonce\" name=\"_cpcff_public_nonce\" value=\"0a3d4bb73d\" \/><input type=\"hidden\" name=\"_wp_http_referer\" value=\"\/en\/wp-json\/wp\/v2\/pages\/2349\" \/><\/form>\n\t[\/vc_column_text][\/vc_column_inner][vc_column_inner width=&#8221;1\/2&#8243;][vc_column_text]LDM-kalkulaattori (LDM-laskin) on ty\u00f6kalu, joka auttaa laskemaan Lastikelpoinen Dimension Meter (LDM) -arvon. LDM on standardiyksikk\u00f6, jota k\u00e4ytet\u00e4\u00e4n lastikapasiteetin mittaamiseen kuljetuksissa. Kalkulaattorilla voit sy\u00f6tt\u00e4\u00e4 rahtisi mitat, kuten pituuden, leveyden ja korkeuden, ja se laskee rahtisi LDM-tilavuuden. T\u00e4m\u00e4 antaa sinulle arvion siit\u00e4, kuinka paljon tilaa rahtisi vie kuljetusv\u00e4lineess\u00e4, kuten kuorma-autossa, kontissa tai laivassa. LDM-kalkulaattorin avulla voit suunnitella rahtisi lastauksen ja optimoida kuljetuksen suunnittelua. Huomaa, ett\u00e4 LDM-kalkulaattori antaa arvioivan tuloksen. Tarkemman tiedon ja tarkkojen LDM-laskelmien saamiseksi suositellaan ottamaan yhteytt\u00e4 kuljetusyritykseen tai logistiikkakumppaniin.[\/vc_column_text][\/vc_column_inner][\/vc_row_inner][\/vc_column][\/vc_row][vc_row][vc_column]\t\t<div  class=\"sigma_custom_heading_wrapper sigma-custom-heading-550300824 sigma-shortcode-wrapper custom-heading-style-1 subtitle-text- title-text- heading-alignment-left\">\n\t\t\t<div class=\"sigma-custom-heading-wrapper\">\n\t\t\t<div class=\"sigma-heading-subtitle-wrapper\">\n\t\t\t<h3 class=\"heading-subtitle\">\n\t\t\t\tKansainv\u00e4liset tavarankuljetukset\t\t\t<\/h3>\n\t\t<\/div>\n\t\t\t\t<div class=\"sigma-heading-title-wrapper\">\n\t\t\t<h2 class=\"heading-title\">\n\t\t\t\tT\u00e4yt\u00e4 lomake ja selvit\u00e4 rahtikulut 20 minuutin kuluessa!\t\t\t<\/h2>\n\t\t<\/div>\n\t\t<\/div>\n\t\t<\/div>\n\t\t<div class=\"wpforms-container wpforms-container-full\" id=\"wpforms-1976\"><form id=\"wpforms-form-1976\" class=\"wpforms-validate wpforms-form\" data-formid=\"1976\" method=\"post\" enctype=\"multipart\/form-data\" action=\"\/en\/wp-json\/wp\/v2\/pages\/2349\" data-token=\"8d75175a9cc1f92f555fba11eeb5473f\"><noscript class=\"wpforms-error-noscript\">Please enable JavaScript in your browser to complete this form.<\/noscript><div class=\"wpforms-field-container\"><div id=\"wpforms-1976-field_2-container\" class=\"wpforms-field wpforms-field-name wpforms-one-half wpforms-first\" data-field-id=\"2\"><label class=\"wpforms-field-label\" for=\"wpforms-1976-field_2\">Name <span class=\"wpforms-required-label\">*<\/span><\/label><input type=\"text\" id=\"wpforms-1976-field_2\" class=\"wpforms-field-medium wpforms-field-required\" name=\"wpforms[fields][2]\" required><\/div><div id=\"wpforms-1976-field_4-container\" class=\"wpforms-field wpforms-field-email wpforms-one-half\" data-field-id=\"4\"><label class=\"wpforms-field-label\" for=\"wpforms-1976-field_4\">Email <span class=\"wpforms-required-label\">*<\/span><\/label><input type=\"email\" id=\"wpforms-1976-field_4\" class=\"wpforms-field-medium wpforms-field-required\" name=\"wpforms[fields][4]\" spellcheck=\"false\" required><\/div><div id=\"wpforms-1976-field_7-container\" class=\"wpforms-field wpforms-field-phone\" data-field-id=\"7\"><label class=\"wpforms-field-label\" for=\"wpforms-1976-field_7\">Phone<\/label><input type=\"tel\" id=\"wpforms-1976-field_7\" class=\"wpforms-field-large wpforms-smart-phone-field\" data-rule-smart-phone-field=\"true\" name=\"wpforms[fields][7]\" ><\/div><div id=\"wpforms-1976-field_3-container\" class=\"wpforms-field wpforms-field-text wpforms-one-half wpforms-first\" data-field-id=\"3\"><label class=\"wpforms-field-label\" for=\"wpforms-1976-field_3\">Loading place <span class=\"wpforms-required-label\">*<\/span><\/label><input type=\"text\" id=\"wpforms-1976-field_3\" class=\"wpforms-field-medium wpforms-field-required\" name=\"wpforms[fields][3]\" required><\/div><div id=\"wpforms-1976-field_5-container\" class=\"wpforms-field wpforms-field-text wpforms-one-half\" data-field-id=\"5\"><label class=\"wpforms-field-label\" for=\"wpforms-1976-field_5\">Unloading place <span class=\"wpforms-required-label\">*<\/span><\/label><input type=\"text\" id=\"wpforms-1976-field_5\" class=\"wpforms-field-medium wpforms-field-required\" name=\"wpforms[fields][5]\" required><\/div><div id=\"wpforms-1976-field_6-container\" class=\"wpforms-field wpforms-field-textarea\" data-field-id=\"6\"><label class=\"wpforms-field-label\" for=\"wpforms-1976-field_6\">Add a short description of the cargo<\/label><textarea id=\"wpforms-1976-field_6\" class=\"wpforms-field-large\" name=\"wpforms[fields][6]\" ><\/textarea><\/div><\/div><!-- .wpforms-field-container --><div class=\"wpforms-submit-container\" ><input type=\"hidden\" name=\"wpforms[id]\" value=\"1976\"><input type=\"hidden\" name=\"wpforms[author]\" value=\"1\"><button type=\"submit\" name=\"wpforms[submit]\" id=\"wpforms-submit-1976\" class=\"wpforms-submit\" data-alt-text=\"Sending...\" data-submit-text=\"Submit\" aria-live=\"assertive\" value=\"wpforms-submit\">Submit<\/button><\/div><\/form><\/div>  <!-- .wpforms-container -->[\/vc_column][\/vc_row]<\/p>\n","protected":false},"excerpt":{"rendered":"<p>[vc_row][vc_column][vc_row_inner][vc_column_inner width=&#8221;1\/2&#8243;][vc_column_text][\/vc_column_text][vc_column_text][\/vc_column_text][\/vc_column_inner][vc_column_inner width=&#8221;1\/2&#8243;][vc_column_text]LDM-kalkulaattori (LDM-laskin) on ty\u00f6kalu, joka auttaa laskemaan Lastikelpoinen Dimension Meter (LDM) -arvon. LDM on standardiyksikk\u00f6, jota k\u00e4ytet\u00e4\u00e4n lastikapasiteetin mittaamiseen kuljetuksissa. Kalkulaattorilla voit sy\u00f6tt\u00e4\u00e4 rahtisi mitat, kuten pituuden, leveyden ja korkeuden, ja se laskee rahtisi LDM-tilavuuden. T\u00e4m\u00e4 antaa sinulle arvion siit\u00e4, kuinka paljon tilaa rahtisi vie kuljetusv\u00e4lineess\u00e4, kuten kuorma-autossa, kontissa tai laivassa. LDM-kalkulaattorin avulla [&hellip;]<\/p>\n","protected":false},"author":1,"featured_media":1936,"parent":0,"menu_order":0,"comment_status":"closed","ping_status":"closed","template":"","meta":{"footnotes":""},"class_list":["post-2349","page","type-page","status-publish","has-post-thumbnail","hentry"],"_links":{"self":[{"href":"https:\/\/a-es.eu\/en\/wp-json\/wp\/v2\/pages\/2349","targetHints":{"allow":["GET"]}}],"collection":[{"href":"https:\/\/a-es.eu\/en\/wp-json\/wp\/v2\/pages"}],"about":[{"href":"https:\/\/a-es.eu\/en\/wp-json\/wp\/v2\/types\/page"}],"author":[{"embeddable":true,"href":"https:\/\/a-es.eu\/en\/wp-json\/wp\/v2\/users\/1"}],"replies":[{"embeddable":true,"href":"https:\/\/a-es.eu\/en\/wp-json\/wp\/v2\/comments?post=2349"}],"version-history":[{"count":0,"href":"https:\/\/a-es.eu\/en\/wp-json\/wp\/v2\/pages\/2349\/revisions"}],"wp:featuredmedia":[{"embeddable":true,"href":"https:\/\/a-es.eu\/en\/wp-json\/wp\/v2\/media\/1936"}],"wp:attachment":[{"href":"https:\/\/a-es.eu\/en\/wp-json\/wp\/v2\/media?parent=2349"}],"curies":[{"name":"wp","href":"https:\/\/api.w.org\/{rel}","templated":true}]}}