{"id":2282,"date":"2023-04-24T20:46:01","date_gmt":"2023-04-24T17:46:01","guid":{"rendered":"https:\/\/a-es.eu\/en\/?page_id=2282"},"modified":"2023-04-26T21:36:23","modified_gmt":"2023-04-26T18:36:23","slug":"fraktpriser","status":"publish","type":"page","link":"https:\/\/a-es.eu\/en\/fraktpriser","title":{"rendered":"Fraktpriser"},"content":{"rendered":"<p>[vc_row][vc_column][vc_custom_heading text=&#8221;Fraktpriser&#8221; use_theme_fonts=&#8221;yes&#8221;][vc_column_text]<\/p>\n<p style=\"font-weight: 400;\">DE VIKTIGASTE FAKTORERNA SOM AVG\u00d6R FRAKTKOSTNADEN PER KM \u00c4R:<\/p>\n<ul>\n<li>Typ av transport;<\/li>\n<li>Lastvikt;<\/li>\n<li>Laststorlek;<\/li>\n<li>Avst\u00e5nd;<\/li>\n<li>Lastnings- och leveransplats;<\/li>\n<li>Faktiska f\u00f6rs\u00e4ndelser.<\/li>\n<\/ul>\n<p style=\"font-weight: 400;\">Beroende p\u00e5 destination och rutt \u00e4r fraktkostnaden per kilometer inte en fast avgift, utan det beror p\u00e5 ett antal faktorer som s\u00e4song, semester och &#8220;Fiesta tid&#8221; under sommarm\u00e5naderna, som ibland kr\u00e4ver n\u00e5got h\u00f6gre fraktavgifter. N\u00e4r lasterbjudandena \u00e4r mindre p\u00e5 den \u00f6nskade rutten \u00e4r kostnaden per kilometer h\u00f6gre och vice versa n\u00e4r det \u00e4r h\u00f6gre lasterbjudanden p\u00e5 den \u00f6nskade rutten desto billigare \u00e4r kostnaden per kilometer och transportkostnaderna begr\u00e4nsas av andra f\u00f6retags produktionsprocesser. V\u00e5ra erfarna f\u00f6retagsspecialister kan erbjuda dig de b\u00e4sta l\u00f6sningarna f\u00f6r att leverera din last till sin destination till rimliga priser! Vid transport av varor till tredjel\u00e4nder b\u00f6r h\u00e4nsyn tas till importens och exportens andel samt v\u00e4derf\u00f6rh\u00e5llanden som kan p\u00e5verka leveransen av varorna till den \u00f6nskade destinationen. Kostnaden f\u00f6r v\u00e4gtransporter best\u00e4ms huvudsakligen av andelen import\/export. Fraktkostnaderna ber\u00e4knas \u00e4ven utifr\u00e5n den totala volymen, vikten och specifikationen av lasten, liksom rutten som helhet. Det finns exempelvis platser d\u00e4r intr\u00e4de endast \u00e4r m\u00f6jligt med sm\u00e5 bilar, och s\u00e5dana laster levereras med fordon med hiss eller lyftanordningar fr\u00e5n v\u00e5r terminal \u2013 omlastningspunkter, och detta medf\u00f6r en extra kostnad. Dessa omr\u00e5den \u00e4r fr\u00e4mst bostadsomr\u00e5den, gr\u00f6nomr\u00e5den (med s\u00e4rskilda tillfartsv\u00e4gar) eller omr\u00e5den som inte kan n\u00e5s med stora fordon p\u00e5 grund av smala v\u00e4gar, bergsomr\u00e5den och s\u00e5 vidare. En optimal leveransv\u00e4g utvecklas f\u00f6r varje last, med h\u00e4nsyn till pris per kilometer och leveranstid. Eftersom att vi har ett brett utbud av internationella partners \u00e4r priserna f\u00f6r transport per kilometer flexibla, vilket tillhandah\u00e5ller den mest optimala prisl\u00f6sningen f\u00f6r alla typer av last (sj\u00f6, flyg, transport, j\u00e4rnv\u00e4g). Det b\u00f6r \u00e4ven noteras att konsoliderade styckgodsfrakt, n\u00e4r varorna fr\u00e5n flera kunder lastas i flera lastpunkter samt med flera leveranspunkter, g\u00f6r det m\u00f6jligt att planera fraktpriserna med h\u00e4nsyn till varje kund. F\u00f6r internationella och inhemska lasttransporter, n\u00e4r lasten transporteras med standardlutade lastbilar, ber\u00e4knas platserna i bilen med hj\u00e4lp av en LDM formel f\u00f6r att ber\u00e4kna kostnaden f\u00f6r transport per km. <span style=\"color: #ffffff;\">Fraktpriser<\/span><\/p>\n<p style=\"font-weight: 400;\">LDM formeln kan anv\u00e4ndas f\u00f6r:<\/p>\n<ul>\n<li>Tautliner;<\/li>\n<li>Mega;<\/li>\n<li>Refrigirator;<\/li>\n<li>Plattformar \u2013 \u00f6ppna lastbilar.<\/li>\n<\/ul>\n<p style=\"font-weight: 400;\">Vad \u00e4r LDM \u2013 Lastm\u00e4tare?<\/p>\n<p style=\"font-weight: 400;\">LDM &#8211; en lastm\u00e4tare \u00e4r standardenheten f\u00f6r m\u00e4tning f\u00f6r transport med lastbil. 1 LDM \u2013 en lastm\u00e4tare \u00e4r 1 meter lastutrymme av lastbilens l\u00e4ngd. Den maximala vikten per last \u00e4r 1850 kg.<\/p>\n<p style=\"font-weight: 400;\">Vad betyder detta?<\/p>\n<p style=\"font-weight: 400;\">N\u00e4r lastbilens bredd \u00e4r cirka 2,4 m \u00e4r 1 lastm\u00e4tare ca 2,4 m2 (2,4 m bred x 1 m l\u00e5ng).<\/p>\n<p style=\"font-weight: 400;\">Allm\u00e4nna storleken p\u00e5 lastbilarna i Europa?<\/p>\n<p style=\"font-weight: 400;\">I Europa \u00e4r den allm\u00e4nna l\u00e4ngden f\u00f6r lastbilar som tautliner 13,6 meter, i denna katagori kan Mega, Box och Frigo inkluderas.<\/p>\n<p>Blockpall<\/p>\n<ul>\n<li>Storlek: 1,00 \u0445 1,20 m (0,5 LDM);<\/li>\n<li>Max h\u00f6jd: 2,70 m;<\/li>\n<li>Max vikt: 925 kg.<\/li>\n<\/ul>\n<p>Europallet<\/p>\n<ul>\n<li>Storlek 0,80 \u0445 1,20 m (0,4 LDM);<\/li>\n<li>Max h\u00f6jd: 2,70 m;<\/li>\n<li>Max vikt: 740 kg.<\/li>\n<\/ul>\n<p>Industripall<\/p>\n<ul>\n<li>Storlek 1,20\u00d71,20 m ( 0,6 ldm)<\/li>\n<li>Max h\u00f6jd: 2,7 m<\/li>\n<li>Max vikt 1100 kg<\/li>\n<\/ul>\n<p>LDM kalkylator:<\/p>\n<p style=\"font-weight: 400;\">1,2x 0,8\/2,4m= 0,4 ldm- 1 pall beh\u00f6ver 0,4 ldm i lastbil<\/p>\n<p style=\"font-weight: 400;\">0,4 x 8= 3,2 ldm- 8 pallar beh\u00f6ver 3,2 ldm i lastbil<\/p>\n<p><span style=\"color: #ffffff;\">Fraktpriser<\/span>[\/vc_column_text][\/vc_column][\/vc_row][vc_row][vc_column][vc_single_image image=&#8221;1936&#8243; img_size=&#8221;large&#8221; alignment=&#8221;center&#8221;][\/vc_column][\/vc_row][vc_row][vc_column width=&#8221;1\/2&#8243;][vc_column_text]<style>#fbuilder span { color: #092246; }\n#fbuilder .fform h2 {color: #e5383b;}\n#fbuilder .fform h2 {font-family: Arial, Helvetica, sans-serif;}\n#fbuilder .fform h2 {font-size:18px;}<\/style><style>@media (max-width:480px){#cp_calculatedfieldsf_pform_1{min-height:692px;}}@media (max-width:768px){#cp_calculatedfieldsf_pform_1{min-height:523px;}}@media (max-width:1024px){#cp_calculatedfieldsf_pform_1{min-height:606px;}}@media (min-width:1024px){#cp_calculatedfieldsf_pform_1{min-height:536px;}}<\/style><form name=\"cp_calculatedfieldsf_pform_1\" id=\"cp_calculatedfieldsf_pform_1\" action=\"https:\/\/a-es.eu\/en\/fraktpriser\" method=\"post\" enctype=\"multipart\/form-data\" onsubmit=\"return fbuilderjQuery.fbuilder.doValidate(this);\" class=\"cff-form no-prefetch  cff-form-5 cp_cff_13\"  data-nonce=\"a1a5efa653\">\n<input type=\"hidden\" name=\"cp_calculatedfieldsf_pform_psequence\" value=\"_1\" \/>\n<input type=\"hidden\" name=\"cp_calculatedfieldsf_id\" value=\"5\" \/>\n<input type=\"hidden\" name=\"cp_ref_page\" value=\"https:\/\/a-es.eu\/en\" \/>\n<pre style=\"display:none !important;\"><script data-category=\"functional\" type=\"text\/javascript\">form_structure_1=[[{\"form_identifier\":\"\",\"name\":\"fieldname2\",\"shortlabel\":\"\",\"index\":0,\"ftype\":\"fnumber\",\"userhelp\":\"\",\"audiotutorial\":\"\",\"userhelpTooltip\":false,\"tooltipIcon\":false,\"csslayout\":\"\",\"title\":\"Length (m)\",\"predefined\":\"\",\"predefinedClick\":false,\"required\":false,\"exclude\":false,\"readonly\":false,\"numberpad\":false,\"spinner\":false,\"size\":\"small\",\"thousandSeparator\":\"\",\"decimalSymbol\":\".\",\"min\":\"\",\"max\":\"\",\"formatDynamically\":false,\"dformat\":\"number\",\"formats\":[\"digits\",\"number\",\"percent\"],\"fBuild\":{},\"parent\":\"\"},{\"form_identifier\":\"\",\"name\":\"fieldname6\",\"shortlabel\":\"\",\"index\":1,\"ftype\":\"fnumber\",\"userhelp\":\"\",\"audiotutorial\":\"\",\"userhelpTooltip\":false,\"tooltipIcon\":false,\"csslayout\":\"\",\"title\":\"Width (m)\",\"predefined\":\"\",\"predefinedClick\":false,\"required\":false,\"exclude\":false,\"readonly\":false,\"numberpad\":false,\"spinner\":false,\"size\":\"small\",\"thousandSeparator\":\"\",\"decimalSymbol\":\".\",\"min\":\"\",\"max\":\"\",\"formatDynamically\":false,\"dformat\":\"number\",\"formats\":[\"digits\",\"number\",\"percent\"],\"fBuild\":{},\"parent\":\"\"},{\"form_identifier\":\"\",\"name\":\"fieldname5\",\"shortlabel\":\"\",\"index\":2,\"ftype\":\"fSectionBreak\",\"userhelp\":\"Results based in the data entered above:\",\"audiotutorial\":\"\",\"userhelpTooltip\":false,\"tooltipIcon\":false,\"csslayout\":\"\",\"title\":\"\",\"fBuild\":{},\"parent\":\"\"},{\"dependencies\":[{\"rule\":\"\",\"complex\":false,\"fields\":[\"\"]}],\"form_identifier\":\"\",\"name\":\"fieldname10\",\"shortlabel\":\"\",\"index\":3,\"ftype\":\"fCalculated\",\"userhelp\":\"\",\"audiotutorial\":\"\",\"userhelpTooltip\":false,\"tooltipIcon\":false,\"csslayout\":\"\",\"title\":\"Loading Meters (LDM)\",\"predefined\":\"\",\"required\":false,\"exclude\":false,\"size\":\"small\",\"eq\":\"SUM=fieldname2*fieldname6\\\/2.4\",\"min\":\"\",\"max\":\"\",\"suffix\":\"\",\"prefix\":\"\",\"decimalsymbol\":\".\",\"groupingsymbol\":\"\",\"readonly\":true,\"currency\":false,\"noEvalIfManual\":true,\"formatDynamically\":false,\"hidefield\":false,\"fBuild\":{},\"parent\":\"\"}],{\"0\":{\"title\":\"NON-STANDARD CARGO SIZE LDM CALCULATOR\",\"description\":\"Fill in the fields of the calculator and find out the loading meters for non-standard cargo (prec) functions.\",\"formlayout\":\"top_aligned\",\"formtemplate\":\"cp_cff_13\",\"evalequations\":1,\"evalequationsevent\":2,\"loading_animation\":0,\"autocomplete\":1,\"persistence\":0,\"animate_form\":0,\"customstyles\":\"#fbuilder span { color: #092246; }\\n#fbuilder .fform h2 {color: #e5383b;}\\n#fbuilder .fform h2 {font-family: Arial, Helvetica, sans-serif;}\\n#fbuilder .fform h2 {font-size:18px;}\\n\"},\"formid\":\"cp_calculatedfieldsf_pform_1\"}];<\/script><\/pre>\n<div id=\"fbuilder\">\n\t\t<div id=\"fbuilder_1\">\n\t\t<div id=\"formheader_1\"><\/div>\n\t\t<div id=\"fieldlist_1\"><\/div>\n\t\t<div class=\"clearer\"><\/div>\n\t<\/div>\n<\/div>\n\t<div id=\"cp_subbtn_1\" class=\"cp_subbtn\" style=\"display:none;\">Submit<\/div><div class=\"clearer\"><\/div>\n\t<input type=\"hidden\" id=\"_cpcff_public_nonce\" name=\"_cpcff_public_nonce\" value=\"17922b980f\" \/><input type=\"hidden\" name=\"_wp_http_referer\" value=\"\/en\/wp-json\/wp\/v2\/pages\/2282\" \/><input type=\"hidden\" name=\"cff_form_start_time\" value=\"WNl6D24n9K1CE0smlg69Bw==\"><\/form>\n\t[\/vc_column_text][\/vc_column][vc_column width=&#8221;1\/2&#8243;][vc_column_text]<style>#fbuilder span { color: #092246; }\n#fbuilder .fform h2 {color: #e5383b;}\n#fbuilder .fform h2 {font-family: Arial, Helvetica, sans-serif;}\n#fbuilder .fform h2 {font-size:18px;}<\/style><style>@media (max-width:480px){#cp_calculatedfieldsf_pform_2{min-height:612px;}}@media (max-width:768px){#cp_calculatedfieldsf_pform_2{min-height:296px;}}@media (max-width:1024px){#cp_calculatedfieldsf_pform_2{min-height:315px;}}@media (min-width:1024px){#cp_calculatedfieldsf_pform_2{min-height:610px;}}<\/style><form name=\"cp_calculatedfieldsf_pform_2\" id=\"cp_calculatedfieldsf_pform_2\" action=\"https:\/\/a-es.eu\/en\/fraktpriser\" method=\"post\" enctype=\"multipart\/form-data\" onsubmit=\"return fbuilderjQuery.fbuilder.doValidate(this);\" class=\"cff-form no-prefetch  cff-form-4 cp_cff_13\"  data-nonce=\"a1a5efa653\">\n<input type=\"hidden\" name=\"cp_calculatedfieldsf_pform_psequence\" value=\"_2\" \/>\n<input type=\"hidden\" name=\"cp_calculatedfieldsf_id\" value=\"4\" \/>\n<input type=\"hidden\" name=\"cp_ref_page\" value=\"https:\/\/a-es.eu\/en\" \/>\n<pre style=\"display:none !important;\"><script data-category=\"functional\" type=\"text\/javascript\">form_structure_2=[[{\"form_identifier\":\"\",\"name\":\"fieldname7\",\"shortlabel\":\"\",\"index\":0,\"ftype\":\"fcheck\",\"userhelp\":\"\",\"audiotutorial\":\"\",\"userhelpTooltip\":false,\"tooltipIcon\":false,\"csslayout\":\"\",\"title\":\"Choose the type of palette\",\"layout\":\"one_column\",\"required\":false,\"exclude\":false,\"readonly\":false,\"toSubmit\":\"text\",\"merge\":1,\"onoff\":1,\"max\":1,\"maxError\":\"Check no more than {0} boxes\",\"showDep\":true,\"choices\":[\"Euro palette\",\"Finnish palette\",\"Industrial palette\"],\"choicesVal\":[\"Euro palette\",\"Finnish palette\",\"Industrial palette\"],\"choiceSelected\":[false,false,false],\"choicesDep\":[[\"fieldname8\",\"fieldname11\",\"fieldname6\",\"fieldname16\"],[\"fieldname9\",\"fieldname12\",\"fieldname14\",\"fieldname17\"],[\"fieldname10\",\"fieldname13\",\"fieldname15\",\"fieldname18\"]],\"fBuild\":{},\"parent\":\"\"},{\"form_identifier\":\"\",\"name\":\"fieldname8\",\"shortlabel\":\"\",\"index\":1,\"ftype\":\"fnumber\",\"userhelp\":\"\",\"audiotutorial\":\"\",\"userhelpTooltip\":false,\"tooltipIcon\":false,\"csslayout\":\"\",\"title\":\"Euro palette\",\"predefined\":\"\",\"predefinedClick\":false,\"required\":false,\"exclude\":false,\"readonly\":false,\"numberpad\":false,\"spinner\":false,\"size\":\"small\",\"thousandSeparator\":\"\",\"decimalSymbol\":\".\",\"min\":\"\",\"max\":\"\",\"formatDynamically\":false,\"dformat\":\"digits\",\"formats\":[\"digits\",\"number\",\"percent\"],\"fBuild\":{},\"parent\":\"\"},{\"form_identifier\":\"\",\"name\":\"fieldname9\",\"shortlabel\":\"\",\"index\":2,\"ftype\":\"fnumber\",\"userhelp\":\"\",\"audiotutorial\":\"\",\"userhelpTooltip\":false,\"tooltipIcon\":false,\"csslayout\":\"\",\"title\":\"Finnish palette\",\"predefined\":\"\",\"predefinedClick\":false,\"required\":false,\"exclude\":false,\"readonly\":false,\"numberpad\":false,\"spinner\":false,\"size\":\"small\",\"thousandSeparator\":\"\",\"decimalSymbol\":\".\",\"min\":\"\",\"max\":\"\",\"formatDynamically\":false,\"dformat\":\"digits\",\"formats\":[\"digits\",\"number\",\"percent\"],\"fBuild\":{},\"parent\":\"\"},{\"form_identifier\":\"\",\"name\":\"fieldname10\",\"shortlabel\":\"\",\"index\":3,\"ftype\":\"fnumber\",\"userhelp\":\"\",\"audiotutorial\":\"\",\"userhelpTooltip\":false,\"tooltipIcon\":false,\"csslayout\":\"\",\"title\":\"Industrial palette\",\"predefined\":\"\",\"predefinedClick\":false,\"required\":false,\"exclude\":false,\"readonly\":false,\"numberpad\":false,\"spinner\":false,\"size\":\"small\",\"thousandSeparator\":\"\",\"decimalSymbol\":\".\",\"min\":\"\",\"max\":\"\",\"formatDynamically\":false,\"dformat\":\"digits\",\"formats\":[\"digits\",\"number\",\"percent\"],\"fBuild\":{},\"parent\":\"\"},{\"form_identifier\":\"\",\"name\":\"fieldname11\",\"shortlabel\":\"\",\"index\":4,\"ftype\":\"fCommentArea\",\"userhelp\":\"\",\"audiotutorial\":\"\",\"userhelpTooltip\":false,\"tooltipIcon\":false,\"csslayout\":\"\",\"title\":\"Euro pallet weight 700kg (120x80cm)\",\"fBuild\":{},\"parent\":\"\"},{\"form_identifier\":\"\",\"name\":\"fieldname12\",\"shortlabel\":\"\",\"index\":5,\"ftype\":\"fCommentArea\",\"userhelp\":\"\",\"audiotutorial\":\"\",\"userhelpTooltip\":false,\"tooltipIcon\":false,\"csslayout\":\"\",\"title\":\"Finnish pallet weight 875kg (120x100cm)\",\"fBuild\":{},\"parent\":\"\"},{\"form_identifier\":\"\",\"name\":\"fieldname13\",\"shortlabel\":\"\",\"index\":6,\"ftype\":\"fCommentArea\",\"userhelp\":\"\",\"audiotutorial\":\"\",\"userhelpTooltip\":false,\"tooltipIcon\":false,\"csslayout\":\"\",\"title\":\"Industrial pallet weight 1050kg (120x120cm)\",\"fBuild\":{},\"parent\":\"\"},{\"dependencies\":[{\"rule\":\"\",\"complex\":false,\"fields\":[\"\"]}],\"form_identifier\":\"\",\"name\":\"fieldname6\",\"shortlabel\":\"\",\"index\":7,\"ftype\":\"fCalculated\",\"userhelp\":\"\",\"audiotutorial\":\"\",\"userhelpTooltip\":false,\"tooltipIcon\":false,\"csslayout\":\"\",\"title\":\"Total weight (kg)\",\"predefined\":\"\",\"required\":false,\"exclude\":false,\"size\":\"small\",\"eq\":\"SUM=700*fieldname8\",\"min\":\"\",\"max\":\"\",\"suffix\":\"\",\"prefix\":\"\",\"decimalsymbol\":\".\",\"groupingsymbol\":\"\",\"readonly\":false,\"currency\":false,\"noEvalIfManual\":true,\"formatDynamically\":false,\"hidefield\":false,\"fBuild\":{},\"parent\":\"\"},{\"dependencies\":[{\"rule\":\"\",\"complex\":false,\"fields\":[\"\"]}],\"form_identifier\":\"\",\"name\":\"fieldname14\",\"shortlabel\":\"\",\"index\":8,\"ftype\":\"fCalculated\",\"userhelp\":\"\",\"audiotutorial\":\"\",\"userhelpTooltip\":false,\"tooltipIcon\":false,\"csslayout\":\"\",\"title\":\"Total weight (kg)\",\"predefined\":\"\",\"required\":false,\"exclude\":false,\"size\":\"small\",\"eq\":\"SUM=875*fieldname9\",\"min\":\"\",\"max\":\"\",\"suffix\":\"\",\"prefix\":\"\",\"decimalsymbol\":\".\",\"groupingsymbol\":\"\",\"readonly\":false,\"currency\":false,\"noEvalIfManual\":true,\"formatDynamically\":false,\"hidefield\":false,\"fBuild\":{},\"parent\":\"\"},{\"dependencies\":[{\"rule\":\"\",\"complex\":false,\"fields\":[\"\"]}],\"form_identifier\":\"\",\"name\":\"fieldname15\",\"shortlabel\":\"\",\"index\":9,\"ftype\":\"fCalculated\",\"userhelp\":\"\",\"audiotutorial\":\"\",\"userhelpTooltip\":false,\"tooltipIcon\":false,\"csslayout\":\"\",\"title\":\"Total weight (kg)\",\"predefined\":\"\",\"required\":false,\"exclude\":false,\"size\":\"small\",\"eq\":\"SUM=1050*fieldname10\",\"min\":\"\",\"max\":\"\",\"suffix\":\"\",\"prefix\":\"\",\"decimalsymbol\":\".\",\"groupingsymbol\":\"\",\"readonly\":false,\"currency\":false,\"noEvalIfManual\":true,\"formatDynamically\":false,\"hidefield\":false,\"fBuild\":{},\"parent\":\"\"},{\"dependencies\":[{\"rule\":\"\",\"complex\":false,\"fields\":[\"\"]}],\"form_identifier\":\"\",\"name\":\"fieldname16\",\"shortlabel\":\"\",\"index\":10,\"ftype\":\"fCalculated\",\"userhelp\":\"\",\"audiotutorial\":\"\",\"userhelpTooltip\":false,\"tooltipIcon\":false,\"csslayout\":\"\",\"title\":\"Loading Meters (LDM)\",\"predefined\":\"\",\"required\":false,\"exclude\":false,\"size\":\"small\",\"eq\":\"SUM=0.4*fieldname8\",\"min\":\"\",\"max\":\"\",\"suffix\":\"\",\"prefix\":\"\",\"decimalsymbol\":\".\",\"groupingsymbol\":\"\",\"readonly\":false,\"currency\":false,\"noEvalIfManual\":true,\"formatDynamically\":false,\"hidefield\":false,\"fBuild\":{},\"parent\":\"\"},{\"dependencies\":[{\"rule\":\"\",\"complex\":false,\"fields\":[\"\"]}],\"form_identifier\":\"\",\"name\":\"fieldname17\",\"shortlabel\":\"\",\"index\":11,\"ftype\":\"fCalculated\",\"userhelp\":\"\",\"audiotutorial\":\"\",\"userhelpTooltip\":false,\"tooltipIcon\":false,\"csslayout\":\"\",\"title\":\"Loading Meters (LDM)\",\"predefined\":\"\",\"required\":false,\"exclude\":false,\"size\":\"small\",\"eq\":\"SUM=0.5*fieldname9\",\"min\":\"\",\"max\":\"\",\"suffix\":\"\",\"prefix\":\"\",\"decimalsymbol\":\".\",\"groupingsymbol\":\"\",\"readonly\":false,\"currency\":false,\"noEvalIfManual\":true,\"formatDynamically\":false,\"hidefield\":false,\"fBuild\":{},\"parent\":\"\"},{\"dependencies\":[{\"rule\":\"\",\"complex\":false,\"fields\":[\"\"]}],\"form_identifier\":\"\",\"name\":\"fieldname18\",\"shortlabel\":\"\",\"index\":12,\"ftype\":\"fCalculated\",\"userhelp\":\"\",\"audiotutorial\":\"\",\"userhelpTooltip\":false,\"tooltipIcon\":false,\"csslayout\":\"\",\"title\":\"Loading Meters (LDM)\",\"predefined\":\"\",\"required\":false,\"exclude\":false,\"size\":\"small\",\"eq\":\"SUM=0.6*fieldname10\",\"min\":\"\",\"max\":\"\",\"suffix\":\"\",\"prefix\":\"\",\"decimalsymbol\":\".\",\"groupingsymbol\":\"\",\"readonly\":false,\"currency\":false,\"noEvalIfManual\":true,\"formatDynamically\":false,\"hidefield\":false,\"fBuild\":{},\"parent\":\"\"}],{\"0\":{\"title\":\"LDM CALCULATOR\",\"description\":\"Fill in the fields of the calculator and find out the loading meters for standard cargo\",\"formlayout\":\"top_aligned\",\"formtemplate\":\"cp_cff_13\",\"evalequations\":1,\"evalequationsevent\":2,\"loading_animation\":0,\"autocomplete\":1,\"persistence\":0,\"animate_form\":0,\"customstyles\":\"#fbuilder span { color: #092246; }\\n#fbuilder .fform h2 {color: #e5383b;}\\n#fbuilder .fform h2 {font-family: Arial, Helvetica, sans-serif;}\\n#fbuilder .fform h2 {font-size:18px;}\"},\"formid\":\"cp_calculatedfieldsf_pform_2\"}];<\/script><\/pre>\n<div id=\"fbuilder\">\n\t\t<div id=\"fbuilder_2\">\n\t\t<div id=\"formheader_2\"><\/div>\n\t\t<div id=\"fieldlist_2\"><\/div>\n\t\t<div class=\"clearer\"><\/div>\n\t<\/div>\n<\/div>\n\t<div id=\"cp_subbtn_2\" class=\"cp_subbtn\" style=\"display:none;\">Submit<\/div><div class=\"clearer\"><\/div>\n\t<input type=\"hidden\" id=\"_cpcff_public_nonce\" name=\"_cpcff_public_nonce\" value=\"07ed457bbf\" \/><input type=\"hidden\" name=\"_wp_http_referer\" value=\"\/en\/wp-json\/wp\/v2\/pages\/2282\" \/><input type=\"hidden\" name=\"cff_form_start_time\" value=\"WNl6D24n9K1CE0smlg69Bw==\"><\/form>\n\t[\/vc_column_text][\/vc_column][\/vc_row]<\/p>\n","protected":false},"excerpt":{"rendered":"<p>[vc_row][vc_column][vc_custom_heading text=&#8221;Fraktpriser&#8221; use_theme_fonts=&#8221;yes&#8221;][vc_column_text] DE VIKTIGASTE FAKTORERNA SOM AVG\u00d6R FRAKTKOSTNADEN PER KM \u00c4R: Typ av transport; Lastvikt; Laststorlek; Avst\u00e5nd; Lastnings- och leveransplats; Faktiska f\u00f6rs\u00e4ndelser. Beroende p\u00e5 destination och rutt \u00e4r fraktkostnaden per kilometer inte en fast avgift, utan det beror p\u00e5 ett antal faktorer som s\u00e4song, semester och &#8220;Fiesta tid&#8221; under sommarm\u00e5naderna, som ibland kr\u00e4ver n\u00e5got [&hellip;]<\/p>\n","protected":false},"author":1,"featured_media":0,"parent":0,"menu_order":0,"comment_status":"closed","ping_status":"closed","template":"","meta":{"footnotes":""},"class_list":["post-2282","page","type-page","status-publish","hentry","without-image"],"_links":{"self":[{"href":"https:\/\/a-es.eu\/en\/wp-json\/wp\/v2\/pages\/2282","targetHints":{"allow":["GET"]}}],"collection":[{"href":"https:\/\/a-es.eu\/en\/wp-json\/wp\/v2\/pages"}],"about":[{"href":"https:\/\/a-es.eu\/en\/wp-json\/wp\/v2\/types\/page"}],"author":[{"embeddable":true,"href":"https:\/\/a-es.eu\/en\/wp-json\/wp\/v2\/users\/1"}],"replies":[{"embeddable":true,"href":"https:\/\/a-es.eu\/en\/wp-json\/wp\/v2\/comments?post=2282"}],"version-history":[{"count":0,"href":"https:\/\/a-es.eu\/en\/wp-json\/wp\/v2\/pages\/2282\/revisions"}],"wp:attachment":[{"href":"https:\/\/a-es.eu\/en\/wp-json\/wp\/v2\/media?parent=2282"}],"curies":[{"name":"wp","href":"https:\/\/api.w.org\/{rel}","templated":true}]}}