{"id":2279,"date":"2023-04-24T20:41:57","date_gmt":"2023-04-24T17:41:57","guid":{"rendered":"https:\/\/a-es.eu\/en\/?page_id=2279"},"modified":"2023-04-26T21:30:28","modified_gmt":"2023-04-26T18:30:28","slug":"frakt-pris","status":"publish","type":"page","link":"https:\/\/a-es.eu\/en\/frakt-pris","title":{"rendered":"Frakt pris"},"content":{"rendered":"<p>[vc_row][vc_column][vc_custom_heading text=&#8221;Frakt pris&#8221; use_theme_fonts=&#8221;yes&#8221;][vc_column_text]<\/p>\n<p style=\"font-weight: 400;\">DE VIKTIGSTE FAKTORENE SOM BESTEMMER KOSTNADENE FOR FRAKT PER KM ER:<\/p>\n<ul style=\"font-weight: 400;\">\n<li>Type transport;<\/li>\n<li>Lastens vekt;<\/li>\n<li>Lastens st\u00f8rrelse;<\/li>\n<li>Avstand;<\/li>\n<li>Sted for lasting og levering av last;<\/li>\n<li>Faktiske forsendelser.<\/li>\n<\/ul>\n<p style=\"font-weight: 400;\">Avhengig av destinasjon og rute er fraktkostnaden per kilometer ikke en fast kostnad, men den avhenger av en rekke faktorer som sesong, helligdager og &#8220;Fiesta-tid&#8221; i sommerm\u00e5nedene som noen ganger krever litt h\u00f8yere fraktkostnader. N\u00e5r frakttilbudene er mindre p\u00e5 den n\u00f8dvendige ruten, er kostnaden per kilometer h\u00f8yere, og omvendt n\u00e5r lastetilbud er h\u00f8yere p\u00e5 den n\u00f8dvendige ruten, er kostnaden per kilometer billigere, og transportkostnadene er begrenset av produksjonsprosessene til andre selskaper. V\u00e5re erfarne spesialister kan tilby deg de beste l\u00f8sningene for \u00e5 levere lasten din til destinasjonen til rimelige priser! Ved forsendelse av varer til tredjeland b\u00f8r det tas hensyn til andelen import og eksport, samt v\u00e6rforhold som kan p\u00e5virke levering av varene til \u00f8nsket destinasjon. Transportkostnadene p\u00e5 vei bestemmes hovedsakelig av andelen import\/eksport. Fraktkostnader beregnes ogs\u00e5 basert p\u00e5 lastens totale volum, vekt og spesifikasjon, samt ruten som helhet. For eksempel finnes det slike steder der kun sm\u00e5 biler kan reise inn og slike laster har blitt levert med kj\u00f8ret\u00f8y med heis eller l\u00f8fteutstyr fra terminalen v\u00e5r &#8211; omlastingspunkter, og dette gir en ekstra kostnad. Disse omr\u00e5dene er hovedsakelig boligomr\u00e5der, gr\u00f8nne omr\u00e5der (med spesielle adkomstveier) eller omr\u00e5der som ikke kan n\u00e5s av store kj\u00f8ret\u00f8y p\u00e5 grunn av smale veier, fjellomr\u00e5der osv. En optimal leveringsrute er utviklet for hver last, med tanke p\u00e5 pris per kilometer og leveringstid. Siden vi har et bredt spekter av internasjonale partnere, er prisene for transport per kilometer fleksible, hvilket gir den mest optimale prisl\u00f8sningen for alle typer last (sj\u00f8, luft, transport, jernbane). Det b\u00f8r ogs\u00e5 bemerkes at konsolidert frakt av stykkgods, n\u00e5r varene til flere kunder lastes i flere lastepunkter samt med flere leveringssteder, gj\u00f8r det mulig \u00e5 planlegge fraktpriser som tar hensyn til kunden. For internasjonal og innenlandsk godstransport, n\u00e5r lasten transporteres med standard tilt lastebiler, beregnes setene i bilen ved hjelp av LDM-formelen for \u00e5 beregne transportkostnadene per km. <span style=\"color: #ffffff;\">frakt pris<\/span><\/p>\n<p style=\"font-weight: 400;\">LDM-formelen kan brukes til:<\/p>\n<ul style=\"font-weight: 400;\">\n<li>Tautliner;<\/li>\n<li>Mega;<\/li>\n<li>Frysebil;<\/li>\n<li>Plattformer &#8211; \u00e5pne lastebiler.<\/li>\n<\/ul>\n<p style=\"font-weight: 400;\">Hva er LDM &#8211; Lastemeter?<\/p>\n<p style=\"font-weight: 400;\">LDM, eller lastemeter, er en standard m\u00e5leenhet for transport med lastebil. 1 LDM, eller en lastemeter, er 1 meter lasterom per lastebilens lengde. Maksimal vekt per lastemeter er 1850 kg.<\/p>\n<p style=\"font-weight: 400;\">Hva betyr det?<\/p>\n<p style=\"font-weight: 400;\">N\u00e5r lastebilens omtrentlige bredde er 2,4 m, er 1 lastemeter ca. 2,4 m2 (2,4 m bred x 1 m lang).<\/p>\n<p style=\"font-weight: 400;\">Generell st\u00f8rrelse p\u00e5 lastebiler i Europa?<\/p>\n<p style=\"font-weight: 400;\">I Europa er den generelle lengden for lastebiler som tautliner 13,6 meter, i denne kategorien kan Mega, Box og Frigo inkluderes.<\/p>\n<p style=\"font-weight: 400;\"><strong>Blokkpall<\/strong><\/p>\n<ul style=\"font-weight: 400;\">\n<li>St\u00f8rrelse: 1,00 \u0445 1,20 m (0,5 LDM);<\/li>\n<li>Maks h\u00f8yde: 2,70 m;<\/li>\n<li>Maks vekt: 925 kg.<\/li>\n<\/ul>\n<p style=\"font-weight: 400;\"><strong>Europall<\/strong><\/p>\n<ul style=\"font-weight: 400;\">\n<li>St\u00f8rrelse 0,80 \u0445 1,20 m (0,4 LDM);<\/li>\n<li>Maks h\u00f8yde: 2,70 m;<\/li>\n<li>Maks vekt: 740 kg.<\/li>\n<\/ul>\n<p style=\"font-weight: 400;\"><strong>Industriell pall<\/strong><\/p>\n<ul style=\"font-weight: 400;\">\n<li>St\u00f8rrelse 1,20 \u00d7 1,20 m (0,6 LDM)<\/li>\n<li>Maks h\u00f8yde: 2,7 m<\/li>\n<li>Maks vekt: 1100 kg<\/li>\n<\/ul>\n<p style=\"font-weight: 400;\"><strong>LDM-<\/strong><strong>beregningen<\/strong><strong>:<\/strong><\/p>\n<p style=\"font-weight: 400;\">1,2 x 0,8\/2,4m = 0,4 LDM \u2014 1 pall trenger 0,4 LDM i lastebilen.<\/p>\n<p style=\"font-weight: 400;\">0,4 x 8= 3,2 LDM \u2014 8 paller trenger 3,2 LDM i lastebilen.<\/p>\n<p><span style=\"color: #ffffff;\">frakt pris<\/span>[\/vc_column_text][\/vc_column][\/vc_row][vc_row][vc_column][vc_single_image image=&#8221;1936&#8243; img_size=&#8221;large&#8221; alignment=&#8221;center&#8221;][\/vc_column][\/vc_row][vc_row][vc_column width=&#8221;1\/2&#8243;][vc_column_text]<style>#fbuilder span { color: #092246; }\n#fbuilder .fform h2 {color: #e5383b;}\n#fbuilder .fform h2 {font-family: Arial, Helvetica, sans-serif;}\n#fbuilder .fform h2 {font-size:18px;}<\/style><style>@media (max-width:480px){#cp_calculatedfieldsf_pform_1{min-height:692px;}}@media (max-width:768px){#cp_calculatedfieldsf_pform_1{min-height:523px;}}@media (max-width:1024px){#cp_calculatedfieldsf_pform_1{min-height:606px;}}@media (min-width:1024px){#cp_calculatedfieldsf_pform_1{min-height:536px;}}<\/style><form name=\"cp_calculatedfieldsf_pform_1\" id=\"cp_calculatedfieldsf_pform_1\" action=\"https:\/\/a-es.eu\/en\/frakt-pris\" method=\"post\" enctype=\"multipart\/form-data\" onsubmit=\"return fbuilderjQuery.fbuilder.doValidate(this);\" class=\"cff-form no-prefetch  cff-form-5 cp_cff_13\"  data-nonce=\"a1a5efa653\">\n<input type=\"hidden\" name=\"cp_calculatedfieldsf_pform_psequence\" value=\"_1\" \/>\n<input type=\"hidden\" name=\"cp_calculatedfieldsf_id\" value=\"5\" \/>\n<input type=\"hidden\" name=\"cp_ref_page\" value=\"https:\/\/a-es.eu\/en\" \/>\n<pre style=\"display:none !important;\"><script data-category=\"functional\" type=\"text\/javascript\">form_structure_1=[[{\"form_identifier\":\"\",\"name\":\"fieldname2\",\"shortlabel\":\"\",\"index\":0,\"ftype\":\"fnumber\",\"userhelp\":\"\",\"audiotutorial\":\"\",\"userhelpTooltip\":false,\"tooltipIcon\":false,\"csslayout\":\"\",\"title\":\"Length (m)\",\"predefined\":\"\",\"predefinedClick\":false,\"required\":false,\"exclude\":false,\"readonly\":false,\"numberpad\":false,\"spinner\":false,\"size\":\"small\",\"thousandSeparator\":\"\",\"decimalSymbol\":\".\",\"min\":\"\",\"max\":\"\",\"formatDynamically\":false,\"dformat\":\"number\",\"formats\":[\"digits\",\"number\",\"percent\"],\"fBuild\":{},\"parent\":\"\"},{\"form_identifier\":\"\",\"name\":\"fieldname6\",\"shortlabel\":\"\",\"index\":1,\"ftype\":\"fnumber\",\"userhelp\":\"\",\"audiotutorial\":\"\",\"userhelpTooltip\":false,\"tooltipIcon\":false,\"csslayout\":\"\",\"title\":\"Width (m)\",\"predefined\":\"\",\"predefinedClick\":false,\"required\":false,\"exclude\":false,\"readonly\":false,\"numberpad\":false,\"spinner\":false,\"size\":\"small\",\"thousandSeparator\":\"\",\"decimalSymbol\":\".\",\"min\":\"\",\"max\":\"\",\"formatDynamically\":false,\"dformat\":\"number\",\"formats\":[\"digits\",\"number\",\"percent\"],\"fBuild\":{},\"parent\":\"\"},{\"form_identifier\":\"\",\"name\":\"fieldname5\",\"shortlabel\":\"\",\"index\":2,\"ftype\":\"fSectionBreak\",\"userhelp\":\"Results based in the data entered above:\",\"audiotutorial\":\"\",\"userhelpTooltip\":false,\"tooltipIcon\":false,\"csslayout\":\"\",\"title\":\"\",\"fBuild\":{},\"parent\":\"\"},{\"dependencies\":[{\"rule\":\"\",\"complex\":false,\"fields\":[\"\"]}],\"form_identifier\":\"\",\"name\":\"fieldname10\",\"shortlabel\":\"\",\"index\":3,\"ftype\":\"fCalculated\",\"userhelp\":\"\",\"audiotutorial\":\"\",\"userhelpTooltip\":false,\"tooltipIcon\":false,\"csslayout\":\"\",\"title\":\"Loading Meters (LDM)\",\"predefined\":\"\",\"required\":false,\"exclude\":false,\"size\":\"small\",\"eq\":\"SUM=fieldname2*fieldname6\\\/2.4\",\"min\":\"\",\"max\":\"\",\"suffix\":\"\",\"prefix\":\"\",\"decimalsymbol\":\".\",\"groupingsymbol\":\"\",\"readonly\":true,\"currency\":false,\"noEvalIfManual\":true,\"formatDynamically\":false,\"hidefield\":false,\"fBuild\":{},\"parent\":\"\"}],{\"0\":{\"title\":\"NON-STANDARD CARGO SIZE LDM CALCULATOR\",\"description\":\"Fill in the fields of the calculator and find out the loading meters for non-standard cargo (prec) functions.\",\"formlayout\":\"top_aligned\",\"formtemplate\":\"cp_cff_13\",\"evalequations\":1,\"evalequationsevent\":2,\"loading_animation\":0,\"autocomplete\":1,\"persistence\":0,\"animate_form\":0,\"customstyles\":\"#fbuilder span { color: #092246; }\\n#fbuilder .fform h2 {color: #e5383b;}\\n#fbuilder .fform h2 {font-family: Arial, Helvetica, sans-serif;}\\n#fbuilder .fform h2 {font-size:18px;}\\n\"},\"formid\":\"cp_calculatedfieldsf_pform_1\"}];<\/script><\/pre>\n<div id=\"fbuilder\">\n\t\t<div id=\"fbuilder_1\">\n\t\t<div id=\"formheader_1\"><\/div>\n\t\t<div id=\"fieldlist_1\"><\/div>\n\t\t<div class=\"clearer\"><\/div>\n\t<\/div>\n<\/div>\n\t<div id=\"cp_subbtn_1\" class=\"cp_subbtn\" style=\"display:none;\">Submit<\/div><div class=\"clearer\"><\/div>\n\t<input type=\"hidden\" id=\"_cpcff_public_nonce\" name=\"_cpcff_public_nonce\" value=\"17922b980f\" \/><input type=\"hidden\" name=\"_wp_http_referer\" value=\"\/en\/wp-json\/wp\/v2\/pages\/2279\" \/><input type=\"hidden\" name=\"cff_form_start_time\" value=\"ywhP6xFiL4xyNhxj0SHSaw==\"><\/form>\n\t[\/vc_column_text][\/vc_column][vc_column width=&#8221;1\/2&#8243;][vc_column_text]<style>#fbuilder span { color: #092246; }\n#fbuilder .fform h2 {color: #e5383b;}\n#fbuilder .fform h2 {font-family: Arial, Helvetica, sans-serif;}\n#fbuilder .fform h2 {font-size:18px;}<\/style><style>@media (max-width:480px){#cp_calculatedfieldsf_pform_2{min-height:612px;}}@media (max-width:768px){#cp_calculatedfieldsf_pform_2{min-height:296px;}}@media (max-width:1024px){#cp_calculatedfieldsf_pform_2{min-height:315px;}}@media (min-width:1024px){#cp_calculatedfieldsf_pform_2{min-height:610px;}}<\/style><form name=\"cp_calculatedfieldsf_pform_2\" id=\"cp_calculatedfieldsf_pform_2\" action=\"https:\/\/a-es.eu\/en\/frakt-pris\" method=\"post\" enctype=\"multipart\/form-data\" onsubmit=\"return fbuilderjQuery.fbuilder.doValidate(this);\" class=\"cff-form no-prefetch  cff-form-4 cp_cff_13\"  data-nonce=\"a1a5efa653\">\n<input type=\"hidden\" name=\"cp_calculatedfieldsf_pform_psequence\" value=\"_2\" \/>\n<input type=\"hidden\" name=\"cp_calculatedfieldsf_id\" value=\"4\" \/>\n<input type=\"hidden\" name=\"cp_ref_page\" value=\"https:\/\/a-es.eu\/en\" \/>\n<pre style=\"display:none !important;\"><script data-category=\"functional\" type=\"text\/javascript\">form_structure_2=[[{\"form_identifier\":\"\",\"name\":\"fieldname7\",\"shortlabel\":\"\",\"index\":0,\"ftype\":\"fcheck\",\"userhelp\":\"\",\"audiotutorial\":\"\",\"userhelpTooltip\":false,\"tooltipIcon\":false,\"csslayout\":\"\",\"title\":\"Choose the type of palette\",\"layout\":\"one_column\",\"required\":false,\"exclude\":false,\"readonly\":false,\"toSubmit\":\"text\",\"merge\":1,\"onoff\":1,\"max\":1,\"maxError\":\"Check no more than {0} boxes\",\"showDep\":true,\"choices\":[\"Euro palette\",\"Finnish palette\",\"Industrial palette\"],\"choicesVal\":[\"Euro palette\",\"Finnish palette\",\"Industrial palette\"],\"choiceSelected\":[false,false,false],\"choicesDep\":[[\"fieldname8\",\"fieldname11\",\"fieldname6\",\"fieldname16\"],[\"fieldname9\",\"fieldname12\",\"fieldname14\",\"fieldname17\"],[\"fieldname10\",\"fieldname13\",\"fieldname15\",\"fieldname18\"]],\"fBuild\":{},\"parent\":\"\"},{\"form_identifier\":\"\",\"name\":\"fieldname8\",\"shortlabel\":\"\",\"index\":1,\"ftype\":\"fnumber\",\"userhelp\":\"\",\"audiotutorial\":\"\",\"userhelpTooltip\":false,\"tooltipIcon\":false,\"csslayout\":\"\",\"title\":\"Euro palette\",\"predefined\":\"\",\"predefinedClick\":false,\"required\":false,\"exclude\":false,\"readonly\":false,\"numberpad\":false,\"spinner\":false,\"size\":\"small\",\"thousandSeparator\":\"\",\"decimalSymbol\":\".\",\"min\":\"\",\"max\":\"\",\"formatDynamically\":false,\"dformat\":\"digits\",\"formats\":[\"digits\",\"number\",\"percent\"],\"fBuild\":{},\"parent\":\"\"},{\"form_identifier\":\"\",\"name\":\"fieldname9\",\"shortlabel\":\"\",\"index\":2,\"ftype\":\"fnumber\",\"userhelp\":\"\",\"audiotutorial\":\"\",\"userhelpTooltip\":false,\"tooltipIcon\":false,\"csslayout\":\"\",\"title\":\"Finnish palette\",\"predefined\":\"\",\"predefinedClick\":false,\"required\":false,\"exclude\":false,\"readonly\":false,\"numberpad\":false,\"spinner\":false,\"size\":\"small\",\"thousandSeparator\":\"\",\"decimalSymbol\":\".\",\"min\":\"\",\"max\":\"\",\"formatDynamically\":false,\"dformat\":\"digits\",\"formats\":[\"digits\",\"number\",\"percent\"],\"fBuild\":{},\"parent\":\"\"},{\"form_identifier\":\"\",\"name\":\"fieldname10\",\"shortlabel\":\"\",\"index\":3,\"ftype\":\"fnumber\",\"userhelp\":\"\",\"audiotutorial\":\"\",\"userhelpTooltip\":false,\"tooltipIcon\":false,\"csslayout\":\"\",\"title\":\"Industrial palette\",\"predefined\":\"\",\"predefinedClick\":false,\"required\":false,\"exclude\":false,\"readonly\":false,\"numberpad\":false,\"spinner\":false,\"size\":\"small\",\"thousandSeparator\":\"\",\"decimalSymbol\":\".\",\"min\":\"\",\"max\":\"\",\"formatDynamically\":false,\"dformat\":\"digits\",\"formats\":[\"digits\",\"number\",\"percent\"],\"fBuild\":{},\"parent\":\"\"},{\"form_identifier\":\"\",\"name\":\"fieldname11\",\"shortlabel\":\"\",\"index\":4,\"ftype\":\"fCommentArea\",\"userhelp\":\"\",\"audiotutorial\":\"\",\"userhelpTooltip\":false,\"tooltipIcon\":false,\"csslayout\":\"\",\"title\":\"Euro pallet weight 700kg (120x80cm)\",\"fBuild\":{},\"parent\":\"\"},{\"form_identifier\":\"\",\"name\":\"fieldname12\",\"shortlabel\":\"\",\"index\":5,\"ftype\":\"fCommentArea\",\"userhelp\":\"\",\"audiotutorial\":\"\",\"userhelpTooltip\":false,\"tooltipIcon\":false,\"csslayout\":\"\",\"title\":\"Finnish pallet weight 875kg (120x100cm)\",\"fBuild\":{},\"parent\":\"\"},{\"form_identifier\":\"\",\"name\":\"fieldname13\",\"shortlabel\":\"\",\"index\":6,\"ftype\":\"fCommentArea\",\"userhelp\":\"\",\"audiotutorial\":\"\",\"userhelpTooltip\":false,\"tooltipIcon\":false,\"csslayout\":\"\",\"title\":\"Industrial pallet weight 1050kg (120x120cm)\",\"fBuild\":{},\"parent\":\"\"},{\"dependencies\":[{\"rule\":\"\",\"complex\":false,\"fields\":[\"\"]}],\"form_identifier\":\"\",\"name\":\"fieldname6\",\"shortlabel\":\"\",\"index\":7,\"ftype\":\"fCalculated\",\"userhelp\":\"\",\"audiotutorial\":\"\",\"userhelpTooltip\":false,\"tooltipIcon\":false,\"csslayout\":\"\",\"title\":\"Total weight (kg)\",\"predefined\":\"\",\"required\":false,\"exclude\":false,\"size\":\"small\",\"eq\":\"SUM=700*fieldname8\",\"min\":\"\",\"max\":\"\",\"suffix\":\"\",\"prefix\":\"\",\"decimalsymbol\":\".\",\"groupingsymbol\":\"\",\"readonly\":false,\"currency\":false,\"noEvalIfManual\":true,\"formatDynamically\":false,\"hidefield\":false,\"fBuild\":{},\"parent\":\"\"},{\"dependencies\":[{\"rule\":\"\",\"complex\":false,\"fields\":[\"\"]}],\"form_identifier\":\"\",\"name\":\"fieldname14\",\"shortlabel\":\"\",\"index\":8,\"ftype\":\"fCalculated\",\"userhelp\":\"\",\"audiotutorial\":\"\",\"userhelpTooltip\":false,\"tooltipIcon\":false,\"csslayout\":\"\",\"title\":\"Total weight (kg)\",\"predefined\":\"\",\"required\":false,\"exclude\":false,\"size\":\"small\",\"eq\":\"SUM=875*fieldname9\",\"min\":\"\",\"max\":\"\",\"suffix\":\"\",\"prefix\":\"\",\"decimalsymbol\":\".\",\"groupingsymbol\":\"\",\"readonly\":false,\"currency\":false,\"noEvalIfManual\":true,\"formatDynamically\":false,\"hidefield\":false,\"fBuild\":{},\"parent\":\"\"},{\"dependencies\":[{\"rule\":\"\",\"complex\":false,\"fields\":[\"\"]}],\"form_identifier\":\"\",\"name\":\"fieldname15\",\"shortlabel\":\"\",\"index\":9,\"ftype\":\"fCalculated\",\"userhelp\":\"\",\"audiotutorial\":\"\",\"userhelpTooltip\":false,\"tooltipIcon\":false,\"csslayout\":\"\",\"title\":\"Total weight (kg)\",\"predefined\":\"\",\"required\":false,\"exclude\":false,\"size\":\"small\",\"eq\":\"SUM=1050*fieldname10\",\"min\":\"\",\"max\":\"\",\"suffix\":\"\",\"prefix\":\"\",\"decimalsymbol\":\".\",\"groupingsymbol\":\"\",\"readonly\":false,\"currency\":false,\"noEvalIfManual\":true,\"formatDynamically\":false,\"hidefield\":false,\"fBuild\":{},\"parent\":\"\"},{\"dependencies\":[{\"rule\":\"\",\"complex\":false,\"fields\":[\"\"]}],\"form_identifier\":\"\",\"name\":\"fieldname16\",\"shortlabel\":\"\",\"index\":10,\"ftype\":\"fCalculated\",\"userhelp\":\"\",\"audiotutorial\":\"\",\"userhelpTooltip\":false,\"tooltipIcon\":false,\"csslayout\":\"\",\"title\":\"Loading Meters (LDM)\",\"predefined\":\"\",\"required\":false,\"exclude\":false,\"size\":\"small\",\"eq\":\"SUM=0.4*fieldname8\",\"min\":\"\",\"max\":\"\",\"suffix\":\"\",\"prefix\":\"\",\"decimalsymbol\":\".\",\"groupingsymbol\":\"\",\"readonly\":false,\"currency\":false,\"noEvalIfManual\":true,\"formatDynamically\":false,\"hidefield\":false,\"fBuild\":{},\"parent\":\"\"},{\"dependencies\":[{\"rule\":\"\",\"complex\":false,\"fields\":[\"\"]}],\"form_identifier\":\"\",\"name\":\"fieldname17\",\"shortlabel\":\"\",\"index\":11,\"ftype\":\"fCalculated\",\"userhelp\":\"\",\"audiotutorial\":\"\",\"userhelpTooltip\":false,\"tooltipIcon\":false,\"csslayout\":\"\",\"title\":\"Loading Meters (LDM)\",\"predefined\":\"\",\"required\":false,\"exclude\":false,\"size\":\"small\",\"eq\":\"SUM=0.5*fieldname9\",\"min\":\"\",\"max\":\"\",\"suffix\":\"\",\"prefix\":\"\",\"decimalsymbol\":\".\",\"groupingsymbol\":\"\",\"readonly\":false,\"currency\":false,\"noEvalIfManual\":true,\"formatDynamically\":false,\"hidefield\":false,\"fBuild\":{},\"parent\":\"\"},{\"dependencies\":[{\"rule\":\"\",\"complex\":false,\"fields\":[\"\"]}],\"form_identifier\":\"\",\"name\":\"fieldname18\",\"shortlabel\":\"\",\"index\":12,\"ftype\":\"fCalculated\",\"userhelp\":\"\",\"audiotutorial\":\"\",\"userhelpTooltip\":false,\"tooltipIcon\":false,\"csslayout\":\"\",\"title\":\"Loading Meters (LDM)\",\"predefined\":\"\",\"required\":false,\"exclude\":false,\"size\":\"small\",\"eq\":\"SUM=0.6*fieldname10\",\"min\":\"\",\"max\":\"\",\"suffix\":\"\",\"prefix\":\"\",\"decimalsymbol\":\".\",\"groupingsymbol\":\"\",\"readonly\":false,\"currency\":false,\"noEvalIfManual\":true,\"formatDynamically\":false,\"hidefield\":false,\"fBuild\":{},\"parent\":\"\"}],{\"0\":{\"title\":\"LDM CALCULATOR\",\"description\":\"Fill in the fields of the calculator and find out the loading meters for standard cargo\",\"formlayout\":\"top_aligned\",\"formtemplate\":\"cp_cff_13\",\"evalequations\":1,\"evalequationsevent\":2,\"loading_animation\":0,\"autocomplete\":1,\"persistence\":0,\"animate_form\":0,\"customstyles\":\"#fbuilder span { color: #092246; }\\n#fbuilder .fform h2 {color: #e5383b;}\\n#fbuilder .fform h2 {font-family: Arial, Helvetica, sans-serif;}\\n#fbuilder .fform h2 {font-size:18px;}\"},\"formid\":\"cp_calculatedfieldsf_pform_2\"}];<\/script><\/pre>\n<div id=\"fbuilder\">\n\t\t<div id=\"fbuilder_2\">\n\t\t<div id=\"formheader_2\"><\/div>\n\t\t<div id=\"fieldlist_2\"><\/div>\n\t\t<div class=\"clearer\"><\/div>\n\t<\/div>\n<\/div>\n\t<div id=\"cp_subbtn_2\" class=\"cp_subbtn\" style=\"display:none;\">Submit<\/div><div class=\"clearer\"><\/div>\n\t<input type=\"hidden\" id=\"_cpcff_public_nonce\" name=\"_cpcff_public_nonce\" value=\"07ed457bbf\" \/><input type=\"hidden\" name=\"_wp_http_referer\" value=\"\/en\/wp-json\/wp\/v2\/pages\/2279\" \/><input type=\"hidden\" name=\"cff_form_start_time\" value=\"ywhP6xFiL4xyNhxj0SHSaw==\"><\/form>\n\t[\/vc_column_text][\/vc_column][\/vc_row]<\/p>\n","protected":false},"excerpt":{"rendered":"<p>[vc_row][vc_column][vc_custom_heading text=&#8221;Frakt pris&#8221; use_theme_fonts=&#8221;yes&#8221;][vc_column_text] DE VIKTIGSTE FAKTORENE SOM BESTEMMER KOSTNADENE FOR FRAKT PER KM ER: Type transport; Lastens vekt; Lastens st\u00f8rrelse; Avstand; Sted for lasting og levering av last; Faktiske forsendelser. Avhengig av destinasjon og rute er fraktkostnaden per kilometer ikke en fast kostnad, men den avhenger av en rekke faktorer som sesong, helligdager og [&hellip;]<\/p>\n","protected":false},"author":1,"featured_media":0,"parent":0,"menu_order":0,"comment_status":"closed","ping_status":"closed","template":"","meta":{"footnotes":""},"class_list":["post-2279","page","type-page","status-publish","hentry","without-image"],"_links":{"self":[{"href":"https:\/\/a-es.eu\/en\/wp-json\/wp\/v2\/pages\/2279","targetHints":{"allow":["GET"]}}],"collection":[{"href":"https:\/\/a-es.eu\/en\/wp-json\/wp\/v2\/pages"}],"about":[{"href":"https:\/\/a-es.eu\/en\/wp-json\/wp\/v2\/types\/page"}],"author":[{"embeddable":true,"href":"https:\/\/a-es.eu\/en\/wp-json\/wp\/v2\/users\/1"}],"replies":[{"embeddable":true,"href":"https:\/\/a-es.eu\/en\/wp-json\/wp\/v2\/comments?post=2279"}],"version-history":[{"count":0,"href":"https:\/\/a-es.eu\/en\/wp-json\/wp\/v2\/pages\/2279\/revisions"}],"wp:attachment":[{"href":"https:\/\/a-es.eu\/en\/wp-json\/wp\/v2\/media?parent=2279"}],"curies":[{"name":"wp","href":"https:\/\/api.w.org\/{rel}","templated":true}]}}