{"id":2253,"date":"2023-03-27T19:44:06","date_gmt":"2023-03-27T16:44:06","guid":{"rendered":"https:\/\/a-es.eu\/en\/?page_id=2253"},"modified":"2023-04-26T20:31:19","modified_gmt":"2023-04-26T17:31:19","slug":"transporditeenuse-hind","status":"publish","type":"page","link":"https:\/\/a-es.eu\/en\/transporditeenuse-hind","title":{"rendered":"Transporditeenuse hind"},"content":{"rendered":"<p>[vc_row][vc_column][vc_custom_heading text=&#8221;Transporditeenuse hind&#8221; use_theme_fonts=&#8221;yes&#8221;][vc_column_text]<\/p>\n<p style=\"font-weight: 400;\">PEAMISED TEGURID, MIS M\u00c4\u00c4RAVAD KAUBAVEO MAKSUMUSE KILOMEETRI KOHTA, ON J\u00c4RGMISED:<\/p>\n<ul style=\"font-weight: 400;\">\n<li>Transpordi liik;<\/li>\n<li>Lasti kaal;<\/li>\n<li>Lasti m\u00f5\u00f5dud;<\/li>\n<li>Vahemaa;<\/li>\n<li>Lasti pealelaadimise ja kohaletoimetamise koht;<\/li>\n<li>Tegelikud saadetised.<\/li>\n<\/ul>\n<p style=\"font-weight: 400;\">S\u00f5ltuvalt sihtkohast ja marsruudist ei ole kaubaveo maksumus kilomeetri kohta fikseeritud tasu, kuid see s\u00f5ltub paljudest teguritest, nagu hooaeg, p\u00fchad ja \u201epidude aeg\u201c suvekuudel, mis m\u00f5nikord n\u00f5uavad veidi k\u00f5rgemaid veotasusid. Kui kaubapakkumisi on n\u00f5utaval marsruudil v\u00e4hem, on maksumus kilomeetri kohta k\u00f5rgem ja vastupidi, mida rohkem on laadimispakkumisi vajalikul marsruudil, seda odavam on maksumus kilomeetri kohta ja transpordi maksumust piiravad teiste ettev\u00f5tete tootmisprotsessid. Meie ettev\u00f5tte kogenud spetsialistid oskavad pakkuda Teile parimaid lahendusi kauba sihtkohta toimetamiseks m\u00f5istliku hinnaga! Kaupade transportimisel kolmandatesse riikidesse tuleks arvesse v\u00f5tta impordi ja ekspordi osakaalu ning ilmastikutingimusi, mis v\u00f5ivad m\u00f5jutada kaupade toimetamist vajalikku sihtkohta. Maanteetranspordi maksumus s\u00f5ltub peamiselt impordi \/ ekspordi osakaalust. Saatmiskulud arvutatakse ka lasti kogumahu, kaalu ja spetsifikatsiooni ning marsruudi kui terviku p\u00f5hjal.N\u00e4iteks on kohti, kuhu on v\u00f5imalik siseneda ainult v\u00e4ikeautodega ja sellised veosed on meie terminalist-\u00fcmberlaadimispunktist kohale toimetatud s\u00f5idukitega, millel on t\u00f5stuk v\u00f5i t\u00f5steseade ja see tekitab lisakulu. Need alad on peamiselt elamupiirkonnad, rohealad (spetsiaalsete juurdep\u00e4\u00e4suteedega) v\u00f5i kohad, kuhu kitsaste teede, m\u00e4giste piirkondade jms t\u00f5ttu suurte s\u00f5idukitega ei p\u00e4\u00e4se. Iga veose jaoks t\u00f6\u00f6tatakse v\u00e4lja optimaalne kohaletoimetamise marsruut, v\u00f5ttes arvesse maksumust kilomeetri kohta ja kohaletoimetamise aega. Kuna meil on lai valik rahvusvahelisi partnereid, on kaubaveo maksumus kilomeetri kohta paindlik, mis tagab optimaalseima hinnalahenduse igat liiki veostele (meri, \u00f5hk, transport, raudtee). Samuti tuleb m\u00e4rkida, et konsolideeritud koondkaubavedu, mille puhul mitme kliendi kaubad laaditakse mitmes laadimispunktis ja kohaletoimetamise kohti on mitu, v\u00f5imaldab planeerida veo maksumust, v\u00f5ttes arvesse iga klienti. Rahvusvahelise ja riigisisese kaubaveo puhul, kui lasti veetakse standardsete kallurautodega, arvutatakse autos olevad kohad LDM-valemi abil, et arvutada kaubaveo maksumus kilomeetri kohta. <span style=\"color: #ffffff;\">Transporditeenuse hind<\/span><\/p>\n<p style=\"font-weight: 400;\"><strong>LDM valemit saab kasutada j\u00e4rgmiseks:<\/strong><\/p>\n<ul style=\"font-weight: 400;\">\n<li>K\u00fclgkardinaga veokid;<\/li>\n<li>Mega;<\/li>\n<li>K\u00fclmutusveokid;<\/li>\n<li>Platvormveokid ja lahtised veokid.<\/li>\n<\/ul>\n<p style=\"font-weight: 400;\"><strong>Mis on LDM \u2013 laadimismeeter?<\/strong><\/p>\n<p style=\"font-weight: 400;\">LDM \u2013 laadimismeeter on veokiga transportimise standardne m\u00f5\u00f5t\u00fchik. 1 LDM \u2013 \u00fcks laadimismeeter on 1 meeter veoki pikkuse laadimisruumist. Maksimaalne kaal \u00fche laadimise kohta on 1850 kg.<\/p>\n<p style=\"font-weight: 400;\"><strong>Mida see t\u00e4hendab?<\/strong><\/p>\n<p style=\"font-weight: 400;\">Kui veoki ligikaudne laius on 2,4 m, on 1 laadimismeeter ligikaudu 2,4 m2 (2,4 m lai x 1 m pikk).<\/p>\n<p style=\"font-weight: 400;\"><strong>Euroopa veokite tavaline suurus?<\/strong><\/p>\n<p style=\"font-weight: 400;\">Euroopa k\u00fclgkardinaga veoki tavaline pikkus on 13,6 meetrit, sellesse kategooriasse v\u00f5ib lisada Mega, Boxi ja Frigo.<\/p>\n<p style=\"font-weight: 400;\"><strong>Kaubaaluste plokk<\/strong><\/p>\n<ul style=\"font-weight: 400;\">\n<li>M\u00f5\u00f5dud: 1,00 \u0445 1,20 m (0,5 LDM);<\/li>\n<li>Maks. k\u00f5rgus: 2,70 m;<\/li>\n<li>Maks. kaal: 925 kg.<\/li>\n<\/ul>\n<p style=\"font-weight: 400;\"><strong>Euroalus<\/strong><\/p>\n<ul style=\"font-weight: 400;\">\n<li>M\u00f5\u00f5dud: 0,80 \u0445 1,20 m (0,4 LDM);<\/li>\n<li>Maks. k\u00f5rgus: 2,70 m;<\/li>\n<li>Maks. kaal: 740 kg.<\/li>\n<\/ul>\n<p style=\"font-weight: 400;\"><strong>T\u00f6\u00f6stuslik kaubaalus<\/strong><\/p>\n<ul style=\"font-weight: 400;\">\n<li>M\u00f5\u00f5dud: 1,20\u00d71,20 m (0,6 ldm)<\/li>\n<li>Maks. k\u00f5rgus: 2,7 m<\/li>\n<li>Maks. kaal: 1100 kg<\/li>\n<\/ul>\n<p style=\"font-weight: 400;\"><strong>LDM kalkulaator:<\/strong><\/p>\n<p style=\"font-weight: 400;\">1,2x 0,8\/2,4 m= 0,4 ldm &#8211; 1 kaubaalus vajab veokis 0,4 ldm<\/p>\n<p style=\"font-weight: 400;\">0,4 x 8= 3,2 ldm- 8 kaubaalust vajavad veokis 3,2 ldm<\/p>\n<p><span style=\"color: #ffffff;\">Transporditeenuse hind<\/span>[\/vc_column_text][\/vc_column][\/vc_row][vc_row][vc_column][vc_single_image image=&#8221;1936&#8243; img_size=&#8221;large&#8221; alignment=&#8221;center&#8221;][\/vc_column][\/vc_row][vc_row][vc_column width=&#8221;1\/2&#8243;][vc_raw_html]JTVCQ1BfQ0FMQ1VMQVRFRF9GSUVMRFMlMjBpZCUzRCUyMjUlMjIlNUQ=[\/vc_raw_html][\/vc_column][vc_column width=&#8221;1\/2&#8243;][vc_raw_html]JTVCQ1BfQ0FMQ1VMQVRFRF9GSUVMRFMlMjBpZCUzRCUyMjQlMjIlNUQ=[\/vc_raw_html][\/vc_column][\/vc_row]<\/p>\n","protected":false},"excerpt":{"rendered":"<p>[vc_row][vc_column][vc_custom_heading text=&#8221;Transporditeenuse hind&#8221; use_theme_fonts=&#8221;yes&#8221;][vc_column_text] PEAMISED TEGURID, MIS M\u00c4\u00c4RAVAD KAUBAVEO MAKSUMUSE KILOMEETRI KOHTA, ON J\u00c4RGMISED: Transpordi liik; Lasti kaal; Lasti m\u00f5\u00f5dud; Vahemaa; Lasti pealelaadimise ja kohaletoimetamise koht; Tegelikud saadetised. S\u00f5ltuvalt sihtkohast ja marsruudist ei ole kaubaveo maksumus kilomeetri kohta fikseeritud tasu, kuid see s\u00f5ltub paljudest teguritest, nagu hooaeg, p\u00fchad ja \u201epidude aeg\u201c suvekuudel, mis m\u00f5nikord n\u00f5uavad [&hellip;]<\/p>\n","protected":false},"author":1,"featured_media":0,"parent":0,"menu_order":0,"comment_status":"closed","ping_status":"closed","template":"","meta":{"footnotes":""},"class_list":["post-2253","page","type-page","status-publish","hentry","without-image"],"_links":{"self":[{"href":"https:\/\/a-es.eu\/en\/wp-json\/wp\/v2\/pages\/2253","targetHints":{"allow":["GET"]}}],"collection":[{"href":"https:\/\/a-es.eu\/en\/wp-json\/wp\/v2\/pages"}],"about":[{"href":"https:\/\/a-es.eu\/en\/wp-json\/wp\/v2\/types\/page"}],"author":[{"embeddable":true,"href":"https:\/\/a-es.eu\/en\/wp-json\/wp\/v2\/users\/1"}],"replies":[{"embeddable":true,"href":"https:\/\/a-es.eu\/en\/wp-json\/wp\/v2\/comments?post=2253"}],"version-history":[{"count":0,"href":"https:\/\/a-es.eu\/en\/wp-json\/wp\/v2\/pages\/2253\/revisions"}],"wp:attachment":[{"href":"https:\/\/a-es.eu\/en\/wp-json\/wp\/v2\/media?parent=2253"}],"curies":[{"name":"wp","href":"https:\/\/api.w.org\/{rel}","templated":true}]}}