{"id":2247,"date":"2023-03-27T18:24:31","date_gmt":"2023-03-27T15:24:31","guid":{"rendered":"https:\/\/a-es.eu\/en\/?page_id=2247"},"modified":"2023-04-26T21:45:35","modified_gmt":"2023-04-26T18:45:35","slug":"rahdin-hinta","status":"publish","type":"page","link":"https:\/\/a-es.eu\/en\/rahdin-hinta","title":{"rendered":"Rahdin hinta"},"content":{"rendered":"<p>[vc_row][vc_column][vc_custom_heading text=&#8221;Rahdin hinta&#8221; use_theme_fonts=&#8221;yes&#8221;][vc_column_text]<\/p>\n<h3 style=\"font-weight: 400;\">T\u00c4RKEIMM\u00c4T TEKIJ\u00c4T, JOTKA M\u00c4\u00c4RITT\u00c4V\u00c4T RAHTIKUSTANNUKSET KILOMETRI\u00c4 KOHTI, OVAT SEURAAVAT:<\/h3>\n<ul style=\"font-weight: 400;\">\n<li>Kuljetustyyppi;<\/li>\n<li>Lastin paino;<\/li>\n<li>Tavaratilan koko;<\/li>\n<li>Et\u00e4isyys:<\/li>\n<li>Lastaus- ja toimituspaikka;<\/li>\n<li>Varsinaiset l\u00e4hetykset.<\/li>\n<\/ul>\n<p style=\"font-weight: 400;\">M\u00e4\u00e4r\u00e4np\u00e4\u00e4st\u00e4 ja reitist\u00e4 riippuen rahtikustannukset kilometri\u00e4 kohti eiv\u00e4t ole kiinte\u00e4 maksu, vaan ne riippuvat useista tekij\u00f6ist\u00e4, kuten vuodenajasta, juhlapyhist\u00e4 ja kes\u00e4kuukausien &#8220;Fiesta-ajasta&#8221;, jolloin rahtikustannukset (logistiikkayhti\u00f6 p\u00e4\u00e4tt\u00e4\u00e4) ovat joskus hieman korkeammat\u00a0 Kun lastitarjouksia (logistiikkapalvelu) on v\u00e4hemm\u00e4n vaaditulla reitill\u00e4, kilometrikustannukset ovat korkeammat ja p\u00e4invastoin, kun lastitarjouksia on enemm\u00e4n vaaditulla reitill\u00e4, kilometrikustannukset ovat halvemmat, ja kuljetuskustannuksia (kuljetuspalvelu) rajoittavat muiden yritysten tuotantoprosessit. Yrityksemme kokeneet asiantuntijat voivat tarjota sinulle parhaat ratkaisut rahtisi toimittamiseksi m\u00e4\u00e4r\u00e4np\u00e4\u00e4h\u00e4n kohtuulliseen hintaan! Kuljetettaessa tavaroita kolmansiin maihin olisi otettava huomioon tuonnin ja viennin osuus sek\u00e4 s\u00e4\u00e4olosuhteet, jotka voivat vaikuttaa tavaroiden toimittamiseen haluttuun m\u00e4\u00e4r\u00e4np\u00e4\u00e4h\u00e4n. Tieliikenteen kuljetuskustannukset m\u00e4\u00e4r\u00e4ytyv\u00e4t p\u00e4\u00e4asiassa tuonnin\/viennin osuuden mukaan. Kuljetuskustannukset lasketaan my\u00f6s rahdin kokonaism\u00e4\u00e4r\u00e4n, painon ja eritelm\u00e4n sek\u00e4 koko reitin perusteella. On esimerkiksi paikkoja, joihin p\u00e4\u00e4sy on mahdollista vain pienill\u00e4 autoilla, ja t\u00e4llaiset lastit on toimitettu ajoneuvoilla, joissa on hissi tai nostolaitteita terminaalistamme &#8211; uudelleenlastauspisteist\u00e4, ja t\u00e4m\u00e4 aiheuttaa lis\u00e4kustannuksia. N\u00e4m\u00e4 alueet ovat p\u00e4\u00e4asiassa asuinalueita, viheralueita (erityisten kulkureittien avulla) tai alueita, joille ei p\u00e4\u00e4se suurilla ajoneuvoilla kapeiden teiden, vuoristoalueiden jne. vuoksi. Kullekin rahdille laaditaan optimaalinen toimitusreitti, jossa otetaan huomioon kilometrikohtainen hinta ja toimitusaika. Koska meill\u00e4 on laaja valikoima kansainv\u00e4lisi\u00e4 yhteisty\u00f6kumppaneita, kilometrikohtaiset kuljetusmaksut ovat joustavia, mik\u00e4 tarjoaa optimaalisen hintaratkaisun kaikentyyppiselle rahdille (meri-, lento-, kuljetus- ja rautatieliikenne). On my\u00f6s huomattava, ett\u00e4 konsolidoidut kimppakuljetukset, joissa useiden asiakkaiden tavarat lastataan useisiin lastauspisteisiin ja useisiin toimituspisteisiin, mahdollistavat rahtimaksujen suunnittelun ottaen huomioon jokaisen asiakkaan. Kun kansainv\u00e4list\u00e4 ja kotimaan rahtiliikennett\u00e4 kuljetetaan tavallisilla kallistetuilla kuorma-autoilla, auton istumapaikat lasketaan LDM-kaavalla kuljetuskustannusten laskemiseksi kilometri\u00e4 kohti. <span style=\"color: #ffffff;\">rahdin hinta<\/span><\/p>\n<p style=\"font-weight: 400;\">LDM-kaava voidaan k\u00e4ytt\u00e4\u00e4 seuraaviin tarkoituksiin:<\/p>\n<ul style=\"font-weight: 400;\">\n<li>Tautliner;<\/li>\n<li>Mega;<\/li>\n<li>Refrigirator;<\/li>\n<li>Lavat &#8211; avoimet kuorma-autot.<\/li>\n<\/ul>\n<p style=\"font-weight: 400;\">Mik\u00e4 on LDM &#8211; kuormausmittari?<\/p>\n<p style=\"font-weight: 400;\">LDM-kuormamittari on kuorma-autokuljetusten vakiomittayksikk\u00f6. 1 LDM &#8211; yksi lastausmetri on 1 metri kuormaustilaa kuorma-auton pituudelta. Lodaingin enimm\u00e4ispaino on 1850 kg.<\/p>\n<p style=\"font-weight: 400;\">En ymm\u00e4rr\u00e4 mit\u00e4 se tarkoittaa?<\/p>\n<p style=\"font-weight: 400;\">Kun kuorma-auton leveys on noin 2,4 m, yksi kuormausmetri on noin 2,4 m2 (2,4 m leve\u00e4 x 1 m pitk\u00e4).<\/p>\n<p style=\"font-weight: 400;\">Kuorma-autojen yleinen koko Euroopassa?<\/p>\n<p style=\"font-weight: 400;\">Euroopassa tautliner-tyyppisten kuorma-autojen yleinen pituus on 13,6 metri\u00e4, ja t\u00e4h\u00e4n luokkaan voidaan sis\u00e4llytt\u00e4\u00e4 Mega, Box ja Frigo.<\/p>\n<p style=\"font-weight: 400;\"><strong>Lohkolava<\/strong><\/p>\n<ul style=\"font-weight: 400;\">\n<li>Koko: 1,00 \u0445 1,20 m (0,5 LDM);<\/li>\n<li>Maksimikorkeus: 2,70 m;<\/li>\n<li>Maksimipaino: 925 kg.<\/li>\n<\/ul>\n<p style=\"font-weight: 400;\"><strong>Europallet<\/strong><\/p>\n<ul style=\"font-weight: 400;\">\n<li>Koko 0,80 \u0445 1,20 m (0,4 LDM);<\/li>\n<li>Maksimikorkeus: 2,70 m;<\/li>\n<li>Maksimipaino: 740 kg.<\/li>\n<\/ul>\n<p style=\"font-weight: 400;\"><strong>Teollinen kuormalava<\/strong><\/p>\n<ul style=\"font-weight: 400;\">\n<li>Koko 1,20 \u00d7 1,20 m ( 0,6 ldm)<\/li>\n<li>Maksimikorkeus: 2,7 m<\/li>\n<li>Maksimipaino 1100 kg<\/li>\n<\/ul>\n<p style=\"font-weight: 400;\"><strong>LDM-laskin:<\/strong><\/p>\n<p style=\"font-weight: 400;\">1,2x 0,8\/2,4m= 0,4 ldm- 1 kuormalava tarvitsee 0,4 ldm kuorma-autossa<\/p>\n<p style=\"font-weight: 400;\">0,4 x 8= 3,2 ldm- 8 kuormalavaa tarvitsee 3,2 ldm kuorma-autossa<\/p>\n<p><span style=\"color: #ffffff;\">rahdin hinta<\/span>[\/vc_column_text][\/vc_column][\/vc_row][vc_row][vc_column][vc_single_image image=&#8221;1936&#8243; img_size=&#8221;large&#8221; alignment=&#8221;center&#8221;][\/vc_column][\/vc_row][vc_row][vc_column width=&#8221;1\/2&#8243;][vc_column_text]<style>#fbuilder span { color: #092246; }\n#fbuilder .fform h2 {color: #e5383b;}\n#fbuilder .fform h2 {font-family: Arial, Helvetica, sans-serif;}\n#fbuilder .fform h2 {font-size:18px;}<\/style><style>@media (max-width:480px){#cp_calculatedfieldsf_pform_1{min-height:692px;}}@media (max-width:768px){#cp_calculatedfieldsf_pform_1{min-height:523px;}}@media (max-width:1024px){#cp_calculatedfieldsf_pform_1{min-height:606px;}}@media (min-width:1024px){#cp_calculatedfieldsf_pform_1{min-height:536px;}}<\/style><form name=\"cp_calculatedfieldsf_pform_1\" id=\"cp_calculatedfieldsf_pform_1\" action=\"https:\/\/a-es.eu\/en\/rahdin-hinta\" method=\"post\" enctype=\"multipart\/form-data\" onsubmit=\"return fbuilderjQuery.fbuilder.doValidate(this);\" class=\"cff-form no-prefetch  cff-form-5 cp_cff_13\"  data-nonce=\"a1a5efa653\">\n<input type=\"hidden\" name=\"cp_calculatedfieldsf_pform_psequence\" value=\"_1\" \/>\n<input type=\"hidden\" name=\"cp_calculatedfieldsf_id\" value=\"5\" \/>\n<input type=\"hidden\" name=\"cp_ref_page\" value=\"https:\/\/a-es.eu\/en\" \/>\n<pre style=\"display:none !important;\"><script data-category=\"functional\" type=\"text\/javascript\">form_structure_1=[[{\"form_identifier\":\"\",\"name\":\"fieldname2\",\"shortlabel\":\"\",\"index\":0,\"ftype\":\"fnumber\",\"userhelp\":\"\",\"audiotutorial\":\"\",\"userhelpTooltip\":false,\"tooltipIcon\":false,\"csslayout\":\"\",\"title\":\"Length (m)\",\"predefined\":\"\",\"predefinedClick\":false,\"required\":false,\"exclude\":false,\"readonly\":false,\"numberpad\":false,\"spinner\":false,\"size\":\"small\",\"thousandSeparator\":\"\",\"decimalSymbol\":\".\",\"min\":\"\",\"max\":\"\",\"formatDynamically\":false,\"dformat\":\"number\",\"formats\":[\"digits\",\"number\",\"percent\"],\"fBuild\":{},\"parent\":\"\"},{\"form_identifier\":\"\",\"name\":\"fieldname6\",\"shortlabel\":\"\",\"index\":1,\"ftype\":\"fnumber\",\"userhelp\":\"\",\"audiotutorial\":\"\",\"userhelpTooltip\":false,\"tooltipIcon\":false,\"csslayout\":\"\",\"title\":\"Width (m)\",\"predefined\":\"\",\"predefinedClick\":false,\"required\":false,\"exclude\":false,\"readonly\":false,\"numberpad\":false,\"spinner\":false,\"size\":\"small\",\"thousandSeparator\":\"\",\"decimalSymbol\":\".\",\"min\":\"\",\"max\":\"\",\"formatDynamically\":false,\"dformat\":\"number\",\"formats\":[\"digits\",\"number\",\"percent\"],\"fBuild\":{},\"parent\":\"\"},{\"form_identifier\":\"\",\"name\":\"fieldname5\",\"shortlabel\":\"\",\"index\":2,\"ftype\":\"fSectionBreak\",\"userhelp\":\"Results based in the data entered above:\",\"audiotutorial\":\"\",\"userhelpTooltip\":false,\"tooltipIcon\":false,\"csslayout\":\"\",\"title\":\"\",\"fBuild\":{},\"parent\":\"\"},{\"dependencies\":[{\"rule\":\"\",\"complex\":false,\"fields\":[\"\"]}],\"form_identifier\":\"\",\"name\":\"fieldname10\",\"shortlabel\":\"\",\"index\":3,\"ftype\":\"fCalculated\",\"userhelp\":\"\",\"audiotutorial\":\"\",\"userhelpTooltip\":false,\"tooltipIcon\":false,\"csslayout\":\"\",\"title\":\"Loading Meters (LDM)\",\"predefined\":\"\",\"required\":false,\"exclude\":false,\"size\":\"small\",\"eq\":\"SUM=fieldname2*fieldname6\\\/2.4\",\"min\":\"\",\"max\":\"\",\"suffix\":\"\",\"prefix\":\"\",\"decimalsymbol\":\".\",\"groupingsymbol\":\"\",\"readonly\":true,\"currency\":false,\"noEvalIfManual\":true,\"formatDynamically\":false,\"hidefield\":false,\"fBuild\":{},\"parent\":\"\"}],{\"0\":{\"title\":\"NON-STANDARD CARGO SIZE LDM CALCULATOR\",\"description\":\"Fill in the fields of the calculator and find out the loading meters for non-standard cargo (prec) functions.\",\"formlayout\":\"top_aligned\",\"formtemplate\":\"cp_cff_13\",\"evalequations\":1,\"evalequationsevent\":2,\"loading_animation\":0,\"autocomplete\":1,\"persistence\":0,\"animate_form\":0,\"customstyles\":\"#fbuilder span { color: #092246; }\\n#fbuilder .fform h2 {color: #e5383b;}\\n#fbuilder .fform h2 {font-family: Arial, Helvetica, sans-serif;}\\n#fbuilder .fform h2 {font-size:18px;}\\n\"},\"formid\":\"cp_calculatedfieldsf_pform_1\"}];<\/script><\/pre>\n<div id=\"fbuilder\">\n\t\t<div id=\"fbuilder_1\">\n\t\t<div id=\"formheader_1\"><\/div>\n\t\t<div id=\"fieldlist_1\"><\/div>\n\t\t<div class=\"clearer\"><\/div>\n\t<\/div>\n<\/div>\n\t<div id=\"cp_subbtn_1\" class=\"cp_subbtn\" style=\"display:none;\">Submit<\/div><div class=\"clearer\"><\/div>\n\t<input type=\"hidden\" id=\"_cpcff_public_nonce\" name=\"_cpcff_public_nonce\" value=\"17922b980f\" \/><input type=\"hidden\" name=\"_wp_http_referer\" value=\"\/en\/wp-json\/wp\/v2\/pages\/2247\" \/><input type=\"hidden\" name=\"cff_form_start_time\" value=\"EDZ5FcQeKf0NV\/x4ipO\/kA==\"><\/form>\n\t[\/vc_column_text][\/vc_column][vc_column width=&#8221;1\/2&#8243;][vc_column_text]<style>#fbuilder span { color: #092246; }\n#fbuilder .fform h2 {color: #e5383b;}\n#fbuilder .fform h2 {font-family: Arial, Helvetica, sans-serif;}\n#fbuilder .fform h2 {font-size:18px;}<\/style><style>@media (max-width:480px){#cp_calculatedfieldsf_pform_2{min-height:612px;}}@media (max-width:768px){#cp_calculatedfieldsf_pform_2{min-height:296px;}}@media (max-width:1024px){#cp_calculatedfieldsf_pform_2{min-height:315px;}}@media (min-width:1024px){#cp_calculatedfieldsf_pform_2{min-height:610px;}}<\/style><form name=\"cp_calculatedfieldsf_pform_2\" id=\"cp_calculatedfieldsf_pform_2\" action=\"https:\/\/a-es.eu\/en\/rahdin-hinta\" method=\"post\" enctype=\"multipart\/form-data\" onsubmit=\"return fbuilderjQuery.fbuilder.doValidate(this);\" class=\"cff-form no-prefetch  cff-form-4 cp_cff_13\"  data-nonce=\"a1a5efa653\">\n<input type=\"hidden\" name=\"cp_calculatedfieldsf_pform_psequence\" value=\"_2\" \/>\n<input type=\"hidden\" name=\"cp_calculatedfieldsf_id\" value=\"4\" \/>\n<input type=\"hidden\" name=\"cp_ref_page\" value=\"https:\/\/a-es.eu\/en\" \/>\n<pre style=\"display:none !important;\"><script data-category=\"functional\" type=\"text\/javascript\">form_structure_2=[[{\"form_identifier\":\"\",\"name\":\"fieldname7\",\"shortlabel\":\"\",\"index\":0,\"ftype\":\"fcheck\",\"userhelp\":\"\",\"audiotutorial\":\"\",\"userhelpTooltip\":false,\"tooltipIcon\":false,\"csslayout\":\"\",\"title\":\"Choose the type of palette\",\"layout\":\"one_column\",\"required\":false,\"exclude\":false,\"readonly\":false,\"toSubmit\":\"text\",\"merge\":1,\"onoff\":1,\"max\":1,\"maxError\":\"Check no more than {0} boxes\",\"showDep\":true,\"choices\":[\"Euro palette\",\"Finnish palette\",\"Industrial palette\"],\"choicesVal\":[\"Euro palette\",\"Finnish palette\",\"Industrial palette\"],\"choiceSelected\":[false,false,false],\"choicesDep\":[[\"fieldname8\",\"fieldname11\",\"fieldname6\",\"fieldname16\"],[\"fieldname9\",\"fieldname12\",\"fieldname14\",\"fieldname17\"],[\"fieldname10\",\"fieldname13\",\"fieldname15\",\"fieldname18\"]],\"fBuild\":{},\"parent\":\"\"},{\"form_identifier\":\"\",\"name\":\"fieldname8\",\"shortlabel\":\"\",\"index\":1,\"ftype\":\"fnumber\",\"userhelp\":\"\",\"audiotutorial\":\"\",\"userhelpTooltip\":false,\"tooltipIcon\":false,\"csslayout\":\"\",\"title\":\"Euro palette\",\"predefined\":\"\",\"predefinedClick\":false,\"required\":false,\"exclude\":false,\"readonly\":false,\"numberpad\":false,\"spinner\":false,\"size\":\"small\",\"thousandSeparator\":\"\",\"decimalSymbol\":\".\",\"min\":\"\",\"max\":\"\",\"formatDynamically\":false,\"dformat\":\"digits\",\"formats\":[\"digits\",\"number\",\"percent\"],\"fBuild\":{},\"parent\":\"\"},{\"form_identifier\":\"\",\"name\":\"fieldname9\",\"shortlabel\":\"\",\"index\":2,\"ftype\":\"fnumber\",\"userhelp\":\"\",\"audiotutorial\":\"\",\"userhelpTooltip\":false,\"tooltipIcon\":false,\"csslayout\":\"\",\"title\":\"Finnish palette\",\"predefined\":\"\",\"predefinedClick\":false,\"required\":false,\"exclude\":false,\"readonly\":false,\"numberpad\":false,\"spinner\":false,\"size\":\"small\",\"thousandSeparator\":\"\",\"decimalSymbol\":\".\",\"min\":\"\",\"max\":\"\",\"formatDynamically\":false,\"dformat\":\"digits\",\"formats\":[\"digits\",\"number\",\"percent\"],\"fBuild\":{},\"parent\":\"\"},{\"form_identifier\":\"\",\"name\":\"fieldname10\",\"shortlabel\":\"\",\"index\":3,\"ftype\":\"fnumber\",\"userhelp\":\"\",\"audiotutorial\":\"\",\"userhelpTooltip\":false,\"tooltipIcon\":false,\"csslayout\":\"\",\"title\":\"Industrial palette\",\"predefined\":\"\",\"predefinedClick\":false,\"required\":false,\"exclude\":false,\"readonly\":false,\"numberpad\":false,\"spinner\":false,\"size\":\"small\",\"thousandSeparator\":\"\",\"decimalSymbol\":\".\",\"min\":\"\",\"max\":\"\",\"formatDynamically\":false,\"dformat\":\"digits\",\"formats\":[\"digits\",\"number\",\"percent\"],\"fBuild\":{},\"parent\":\"\"},{\"form_identifier\":\"\",\"name\":\"fieldname11\",\"shortlabel\":\"\",\"index\":4,\"ftype\":\"fCommentArea\",\"userhelp\":\"\",\"audiotutorial\":\"\",\"userhelpTooltip\":false,\"tooltipIcon\":false,\"csslayout\":\"\",\"title\":\"Euro pallet weight 700kg (120x80cm)\",\"fBuild\":{},\"parent\":\"\"},{\"form_identifier\":\"\",\"name\":\"fieldname12\",\"shortlabel\":\"\",\"index\":5,\"ftype\":\"fCommentArea\",\"userhelp\":\"\",\"audiotutorial\":\"\",\"userhelpTooltip\":false,\"tooltipIcon\":false,\"csslayout\":\"\",\"title\":\"Finnish pallet weight 875kg (120x100cm)\",\"fBuild\":{},\"parent\":\"\"},{\"form_identifier\":\"\",\"name\":\"fieldname13\",\"shortlabel\":\"\",\"index\":6,\"ftype\":\"fCommentArea\",\"userhelp\":\"\",\"audiotutorial\":\"\",\"userhelpTooltip\":false,\"tooltipIcon\":false,\"csslayout\":\"\",\"title\":\"Industrial pallet weight 1050kg (120x120cm)\",\"fBuild\":{},\"parent\":\"\"},{\"dependencies\":[{\"rule\":\"\",\"complex\":false,\"fields\":[\"\"]}],\"form_identifier\":\"\",\"name\":\"fieldname6\",\"shortlabel\":\"\",\"index\":7,\"ftype\":\"fCalculated\",\"userhelp\":\"\",\"audiotutorial\":\"\",\"userhelpTooltip\":false,\"tooltipIcon\":false,\"csslayout\":\"\",\"title\":\"Total weight (kg)\",\"predefined\":\"\",\"required\":false,\"exclude\":false,\"size\":\"small\",\"eq\":\"SUM=700*fieldname8\",\"min\":\"\",\"max\":\"\",\"suffix\":\"\",\"prefix\":\"\",\"decimalsymbol\":\".\",\"groupingsymbol\":\"\",\"readonly\":false,\"currency\":false,\"noEvalIfManual\":true,\"formatDynamically\":false,\"hidefield\":false,\"fBuild\":{},\"parent\":\"\"},{\"dependencies\":[{\"rule\":\"\",\"complex\":false,\"fields\":[\"\"]}],\"form_identifier\":\"\",\"name\":\"fieldname14\",\"shortlabel\":\"\",\"index\":8,\"ftype\":\"fCalculated\",\"userhelp\":\"\",\"audiotutorial\":\"\",\"userhelpTooltip\":false,\"tooltipIcon\":false,\"csslayout\":\"\",\"title\":\"Total weight (kg)\",\"predefined\":\"\",\"required\":false,\"exclude\":false,\"size\":\"small\",\"eq\":\"SUM=875*fieldname9\",\"min\":\"\",\"max\":\"\",\"suffix\":\"\",\"prefix\":\"\",\"decimalsymbol\":\".\",\"groupingsymbol\":\"\",\"readonly\":false,\"currency\":false,\"noEvalIfManual\":true,\"formatDynamically\":false,\"hidefield\":false,\"fBuild\":{},\"parent\":\"\"},{\"dependencies\":[{\"rule\":\"\",\"complex\":false,\"fields\":[\"\"]}],\"form_identifier\":\"\",\"name\":\"fieldname15\",\"shortlabel\":\"\",\"index\":9,\"ftype\":\"fCalculated\",\"userhelp\":\"\",\"audiotutorial\":\"\",\"userhelpTooltip\":false,\"tooltipIcon\":false,\"csslayout\":\"\",\"title\":\"Total weight (kg)\",\"predefined\":\"\",\"required\":false,\"exclude\":false,\"size\":\"small\",\"eq\":\"SUM=1050*fieldname10\",\"min\":\"\",\"max\":\"\",\"suffix\":\"\",\"prefix\":\"\",\"decimalsymbol\":\".\",\"groupingsymbol\":\"\",\"readonly\":false,\"currency\":false,\"noEvalIfManual\":true,\"formatDynamically\":false,\"hidefield\":false,\"fBuild\":{},\"parent\":\"\"},{\"dependencies\":[{\"rule\":\"\",\"complex\":false,\"fields\":[\"\"]}],\"form_identifier\":\"\",\"name\":\"fieldname16\",\"shortlabel\":\"\",\"index\":10,\"ftype\":\"fCalculated\",\"userhelp\":\"\",\"audiotutorial\":\"\",\"userhelpTooltip\":false,\"tooltipIcon\":false,\"csslayout\":\"\",\"title\":\"Loading Meters (LDM)\",\"predefined\":\"\",\"required\":false,\"exclude\":false,\"size\":\"small\",\"eq\":\"SUM=0.4*fieldname8\",\"min\":\"\",\"max\":\"\",\"suffix\":\"\",\"prefix\":\"\",\"decimalsymbol\":\".\",\"groupingsymbol\":\"\",\"readonly\":false,\"currency\":false,\"noEvalIfManual\":true,\"formatDynamically\":false,\"hidefield\":false,\"fBuild\":{},\"parent\":\"\"},{\"dependencies\":[{\"rule\":\"\",\"complex\":false,\"fields\":[\"\"]}],\"form_identifier\":\"\",\"name\":\"fieldname17\",\"shortlabel\":\"\",\"index\":11,\"ftype\":\"fCalculated\",\"userhelp\":\"\",\"audiotutorial\":\"\",\"userhelpTooltip\":false,\"tooltipIcon\":false,\"csslayout\":\"\",\"title\":\"Loading Meters (LDM)\",\"predefined\":\"\",\"required\":false,\"exclude\":false,\"size\":\"small\",\"eq\":\"SUM=0.5*fieldname9\",\"min\":\"\",\"max\":\"\",\"suffix\":\"\",\"prefix\":\"\",\"decimalsymbol\":\".\",\"groupingsymbol\":\"\",\"readonly\":false,\"currency\":false,\"noEvalIfManual\":true,\"formatDynamically\":false,\"hidefield\":false,\"fBuild\":{},\"parent\":\"\"},{\"dependencies\":[{\"rule\":\"\",\"complex\":false,\"fields\":[\"\"]}],\"form_identifier\":\"\",\"name\":\"fieldname18\",\"shortlabel\":\"\",\"index\":12,\"ftype\":\"fCalculated\",\"userhelp\":\"\",\"audiotutorial\":\"\",\"userhelpTooltip\":false,\"tooltipIcon\":false,\"csslayout\":\"\",\"title\":\"Loading Meters (LDM)\",\"predefined\":\"\",\"required\":false,\"exclude\":false,\"size\":\"small\",\"eq\":\"SUM=0.6*fieldname10\",\"min\":\"\",\"max\":\"\",\"suffix\":\"\",\"prefix\":\"\",\"decimalsymbol\":\".\",\"groupingsymbol\":\"\",\"readonly\":false,\"currency\":false,\"noEvalIfManual\":true,\"formatDynamically\":false,\"hidefield\":false,\"fBuild\":{},\"parent\":\"\"}],{\"0\":{\"title\":\"LDM CALCULATOR\",\"description\":\"Fill in the fields of the calculator and find out the loading meters for standard cargo\",\"formlayout\":\"top_aligned\",\"formtemplate\":\"cp_cff_13\",\"evalequations\":1,\"evalequationsevent\":2,\"loading_animation\":0,\"autocomplete\":1,\"persistence\":0,\"animate_form\":0,\"customstyles\":\"#fbuilder span { color: #092246; }\\n#fbuilder .fform h2 {color: #e5383b;}\\n#fbuilder .fform h2 {font-family: Arial, Helvetica, sans-serif;}\\n#fbuilder .fform h2 {font-size:18px;}\"},\"formid\":\"cp_calculatedfieldsf_pform_2\"}];<\/script><\/pre>\n<div id=\"fbuilder\">\n\t\t<div id=\"fbuilder_2\">\n\t\t<div id=\"formheader_2\"><\/div>\n\t\t<div id=\"fieldlist_2\"><\/div>\n\t\t<div class=\"clearer\"><\/div>\n\t<\/div>\n<\/div>\n\t<div id=\"cp_subbtn_2\" class=\"cp_subbtn\" style=\"display:none;\">Submit<\/div><div class=\"clearer\"><\/div>\n\t<input type=\"hidden\" id=\"_cpcff_public_nonce\" name=\"_cpcff_public_nonce\" value=\"07ed457bbf\" \/><input type=\"hidden\" name=\"_wp_http_referer\" value=\"\/en\/wp-json\/wp\/v2\/pages\/2247\" \/><input type=\"hidden\" name=\"cff_form_start_time\" value=\"EDZ5FcQeKf0NV\/x4ipO\/kA==\"><\/form>\n\t[\/vc_column_text][\/vc_column][\/vc_row]<\/p>\n","protected":false},"excerpt":{"rendered":"<p>[vc_row][vc_column][vc_custom_heading text=&#8221;Rahdin hinta&#8221; use_theme_fonts=&#8221;yes&#8221;][vc_column_text] T\u00c4RKEIMM\u00c4T TEKIJ\u00c4T, JOTKA M\u00c4\u00c4RITT\u00c4V\u00c4T RAHTIKUSTANNUKSET KILOMETRI\u00c4 KOHTI, OVAT SEURAAVAT: Kuljetustyyppi; Lastin paino; Tavaratilan koko; Et\u00e4isyys: Lastaus- ja toimituspaikka; Varsinaiset l\u00e4hetykset. M\u00e4\u00e4r\u00e4np\u00e4\u00e4st\u00e4 ja reitist\u00e4 riippuen rahtikustannukset kilometri\u00e4 kohti eiv\u00e4t ole kiinte\u00e4 maksu, vaan ne riippuvat useista tekij\u00f6ist\u00e4, kuten vuodenajasta, juhlapyhist\u00e4 ja kes\u00e4kuukausien &#8220;Fiesta-ajasta&#8221;, jolloin rahtikustannukset (logistiikkayhti\u00f6 p\u00e4\u00e4tt\u00e4\u00e4) ovat joskus hieman korkeammat\u00a0 Kun [&hellip;]<\/p>\n","protected":false},"author":1,"featured_media":0,"parent":0,"menu_order":0,"comment_status":"closed","ping_status":"closed","template":"","meta":{"footnotes":""},"class_list":["post-2247","page","type-page","status-publish","hentry","without-image"],"_links":{"self":[{"href":"https:\/\/a-es.eu\/en\/wp-json\/wp\/v2\/pages\/2247","targetHints":{"allow":["GET"]}}],"collection":[{"href":"https:\/\/a-es.eu\/en\/wp-json\/wp\/v2\/pages"}],"about":[{"href":"https:\/\/a-es.eu\/en\/wp-json\/wp\/v2\/types\/page"}],"author":[{"embeddable":true,"href":"https:\/\/a-es.eu\/en\/wp-json\/wp\/v2\/users\/1"}],"replies":[{"embeddable":true,"href":"https:\/\/a-es.eu\/en\/wp-json\/wp\/v2\/comments?post=2247"}],"version-history":[{"count":0,"href":"https:\/\/a-es.eu\/en\/wp-json\/wp\/v2\/pages\/2247\/revisions"}],"wp:attachment":[{"href":"https:\/\/a-es.eu\/en\/wp-json\/wp\/v2\/media?parent=2247"}],"curies":[{"name":"wp","href":"https:\/\/api.w.org\/{rel}","templated":true}]}}