{"id":50,"date":"2020-05-31T09:37:09","date_gmt":"2020-05-31T09:37:09","guid":{"rendered":"http:\/\/testing.metropolitanhost.com\/?page_id=50"},"modified":"2021-07-12T09:59:39","modified_gmt":"2021-07-12T06:59:39","slug":"uber-uns","status":"publish","type":"page","link":"https:\/\/a-es.eu\/de\/uber-uns","title":{"rendered":"\u00dcBER UNS"},"content":{"rendered":"<p>[vc_row bg_position=&#8221;center-center&#8221; el_class=&#8221;sigma-about-us2&#8243; css=&#8221;.vc_custom_1620753423717{background-position: 0 0 !important;background-repeat: no-repeat !important;}&#8221;][vc_column bg_position=&#8221;center-center&#8221; css=&#8221;.vc_custom_1587125037824{background-position: 0 0 !important;background-repeat: no-repeat !important;}&#8221; offset=&#8221;vc_col-lg-6 vc_col-md-6&#8243;]\t\t<div  class=\"sigma_custom_heading_wrapper sigma-custom-heading-416202638 sigma-shortcode-wrapper custom-heading-style-1 subtitle-text- title-text- heading-alignment-left\">\n\t\t\t<div class=\"sigma-custom-heading-wrapper\">\n\t\t\t<div class=\"sigma-heading-subtitle-wrapper\">\n\t\t\t<h3 class=\"heading-subtitle\">\n\t\t\t\t\u00dcber uns\t\t\t<\/h3>\n\t\t<\/div>\n\t\t\t\t<div class=\"sigma-heading-title-wrapper\">\n\t\t\t<h2 class=\"heading-title\">\n\t\t\t\tLogistik-Dienstleistungen\t\t\t<\/h2>\n\t\t<\/div>\n\t\t<\/div>\n\t\t<\/div>\n\t\t[vc_row_inner css=&#8221;.vc_custom_1586792078715{padding-left: 90px !important;}&#8221; el_class=&#8221;sigma-about-introbox position-relative&#8221;][vc_column_inner][vc_column_text css=&#8221;.vc_custom_1615369137025{margin-bottom: 0px !important;}&#8221;]Wir arbeiten mit gro\u00dfen Transportunternehmen, H\u00e4fen und Flugterminals zusammen, um einen unterbrechungsfreien internationalen\u00a0Warentransport auch durch Lettland zu gew\u00e4hrleisten. Wir planen und organisieren Import-, Export- und Transit-Transporte sowie eine breite Palette von Infrastrukturen und Fahrzeugen. Schneller und effizienter Transport zu Land, zu Wasser und in der Luft mit Frachtlieferung zum Endziel.<\/p>\n<p>Unabh\u00e4ngig davon, welche Anforderungen Sie stellen, finden wir die optimale L\u00f6sung f\u00fcr Sie, mit minimalen Kostenfaktor. Wir arbeiten mit jedem Kunden individuell zusammen und achten dabei auf seine W\u00fcnsche und Anforderungen, um den effizientesten Transport von Waren und Eigentum zu realisieren. Mit Hilfe unseres Unternehmens f\u00fchren wir t\u00e4glich erfolgreich lokale und internationale Warentransporte durch.<\/p>\n<p>Unser Team besteht nur aus qualifizierten Fachkr\u00e4ften und zertifizierten Fahrern mit umfassender Erfahrung und hohem Verantwortungsbewusstsein. Hochwertige Logistikdienstleistungen k\u00f6nnen nur unter Anleitung von verantwortungsbewussten und reaktionsschnellen Mitarbeitern erbracht werden. Unsere Logistikspezialisten stehen Ihnen rund um die Uhr zur Verf\u00fcgung![\/vc_column_text][vc_column_text css=&#8221;.vc_custom_1586792938372{margin-bottom: 0px !important;}&#8221;]<\/p>\n<p>25 years of experience<br \/>\n[\/vc_column_text][vc_custom_heading text=&#8221;Our Services&#8221; font_container=&#8221;tag:h5|font_size:18px|text_align:left|line_height:18px&#8221; use_theme_fonts=&#8221;yes&#8221; link=&#8221;url:%23|||&#8221; css=&#8221;.vc_custom_1596724923440{margin-top: 30px !important;}&#8221;][\/vc_column_inner][\/vc_row_inner][\/vc_column][vc_column offset=&#8221;vc_col-lg-6 vc_col-md-6&#8243; column_css_sm=&#8221;.vc_custom_1587126085058{margin-top: 40px !important;}&#8221;][vc_single_image image=&#8221;1755&#8243; img_size=&#8221;455*610&#8243; alignment=&#8221;right&#8221; css=&#8221;.vc_custom_1615369260159{margin-bottom: 0px !important;}&#8221;][\/vc_column][\/vc_row][vc_row disable_element=&#8221;yes&#8221; css=&#8221;.vc_custom_1626073167071{padding-bottom: 0px !important;}&#8221; el_class=&#8221;sigma-z-index-2&#8243;][vc_column css=&#8221;.vc_custom_1586064936583{margin-bottom: -100px !important;}&#8221;][vc_empty_space]\t\t<div  class=\"sigma_custom_heading_wrapper sigma-custom-heading-2132041101 sigma-shortcode-wrapper custom-heading-style-1 subtitle-text- title-text- heading-alignment-left text-center\">\n\t\t\t<div class=\"sigma-custom-heading-wrapper\">\n\t\t\t<div class=\"sigma-heading-subtitle-wrapper\">\n\t\t\t<h3 class=\"heading-subtitle\">\n\t\t\t\tTeammitglieder\t\t\t<\/h3>\n\t\t<\/div>\n\t\t\t\t<div class=\"sigma-heading-title-wrapper\">\n\t\t\t<h3 class=\"heading-title\">\n\t\t\t\tExpertenteam\t\t\t<\/h3>\n\t\t<\/div>\n\t\t<\/div>\n\t\t<\/div>\n\t\t[vc_empty_space]\t\t<div  class=\"sigma_team_wrapper sigma-team-173409683 sigma-shortcode-wrapper text-center team-style-1 team-layout-grid\">\n\t\t\t<div class=\"row\">\n\t\t\t<div class=\"col-xl-4 col-lg-4 col-md-6 col-sm-12\">\n\t\t\t<div class=\"sigma-teammember-slide\">\n\t<div class=\"sigma-teammember-wrapper\">\n\t\t<div class=\"sigma-teammember-thumbnail-wrapper\">\n\t\t\t\t\t\t<div class=\"sigma-teammember-image-container\">\n\t\t\t\t\t\t\t\t\t<img decoding=\"async\" class=\"teammember-image\" src=\"https:\/\/a-es.eu\/de\/wp-content\/uploads\/sites\/4\/2020\/05\/9-removebg-preview.png\" alt=\"Antra Andrejeva\">\n\t\t\t\t\t\t\t\t\t\t\t\t<\/div>\n\t\t<\/div>\n\t\t<div class=\"sigma-teammember-content-cover\">\n\t\t\t<div class=\"sigma-teammember-title\">\n\t\t\t\t<h3 class=\"teammember-title\">\n\t\t\t\t\t<a href=\"https:\/\/a-es.eu\/de\/team\/antra-andrejeva\" class=\"teammember-title-link\">Antra Andrejeva<\/a>\n\t\t\t\t<\/h3>\n\t\t\t<\/div>\n\t\t\t\t\t\t\t<div class=\"sigma-teammember-designation-container\">\n\t\t\t\t\t<h5 class=\"sigma-teammember-designation\">Assistenz der Logistikleitung<\/h5>\n\t\t\t\t<\/div>\n\t\t\t\t\t\t<\/div>\n\t<\/div>\n<\/div>\n\t\t<\/div>\n\t\t\t\t<div class=\"col-xl-4 col-lg-4 col-md-6 col-sm-12\">\n\t\t\t<div class=\"sigma-teammember-slide\">\n\t<div class=\"sigma-teammember-wrapper\">\n\t\t<div class=\"sigma-teammember-thumbnail-wrapper\">\n\t\t\t\t\t\t<div class=\"sigma-teammember-image-container\">\n\t\t\t\t\t\t\t\t\t<img decoding=\"async\" class=\"teammember-image\" src=\"https:\/\/a-es.eu\/de\/wp-content\/uploads\/sites\/4\/2020\/05\/1-removebg-preview.png\" alt=\"Laura Sinkevica\">\n\t\t\t\t\t\t\t\t\t\t\t\t<\/div>\n\t\t<\/div>\n\t\t<div class=\"sigma-teammember-content-cover\">\n\t\t\t<div class=\"sigma-teammember-title\">\n\t\t\t\t<h3 class=\"teammember-title\">\n\t\t\t\t\t<a href=\"https:\/\/a-es.eu\/de\/team\/laura-sinkevica\" class=\"teammember-title-link\">Laura Sinkevica<\/a>\n\t\t\t\t<\/h3>\n\t\t\t<\/div>\n\t\t\t\t\t\t\t<div class=\"sigma-teammember-designation-container\">\n\t\t\t\t\t<h5 class=\"sigma-teammember-designation\">Transportmanager<\/h5>\n\t\t\t\t<\/div>\n\t\t\t\t\t\t<\/div>\n\t<\/div>\n<\/div>\n\t\t<\/div>\n\t\t\t\t<div class=\"col-xl-4 col-lg-4 col-md-6 col-sm-12\">\n\t\t\t<div class=\"sigma-teammember-slide\">\n\t<div class=\"sigma-teammember-wrapper\">\n\t\t<div class=\"sigma-teammember-thumbnail-wrapper\">\n\t\t\t\t\t\t<div class=\"sigma-teammember-image-container\">\n\t\t\t\t\t\t\t\t\t<img decoding=\"async\" class=\"teammember-image\" src=\"https:\/\/a-es.eu\/de\/wp-content\/uploads\/sites\/4\/2020\/05\/a-es-kolegi-1-removebg-preview.png\" alt=\"Laura Jauce\">\n\t\t\t\t\t\t\t\t\t\t\t\t<\/div>\n\t\t<\/div>\n\t\t<div class=\"sigma-teammember-content-cover\">\n\t\t\t<div class=\"sigma-teammember-title\">\n\t\t\t\t<h3 class=\"teammember-title\">\n\t\t\t\t\t<a href=\"https:\/\/a-es.eu\/de\/team\/laura-jauce\" class=\"teammember-title-link\">Laura Jauce<\/a>\n\t\t\t\t<\/h3>\n\t\t\t<\/div>\n\t\t\t\t\t\t\t<div class=\"sigma-teammember-designation-container\">\n\t\t\t\t\t<h5 class=\"sigma-teammember-designation\">Assistenz der Logistikleitung<\/h5>\n\t\t\t\t<\/div>\n\t\t\t\t\t\t<\/div>\n\t<\/div>\n<\/div>\n\t\t<\/div>\n\t\t\t\t<div class=\"col-xl-4 col-lg-4 col-md-6 col-sm-12\">\n\t\t\t<div class=\"sigma-teammember-slide\">\n\t<div class=\"sigma-teammember-wrapper\">\n\t\t<div class=\"sigma-teammember-thumbnail-wrapper\">\n\t\t\t\t\t\t<div class=\"sigma-teammember-image-container\">\n\t\t\t\t\t\t\t\t\t<img decoding=\"async\" class=\"teammember-image\" src=\"https:\/\/a-es.eu\/de\/wp-content\/uploads\/sites\/4\/2020\/05\/3-removebg-preview-1.png\" alt=\"Alexander Seebold\">\n\t\t\t\t\t\t\t\t\t\t\t\t<\/div>\n\t\t<\/div>\n\t\t<div class=\"sigma-teammember-content-cover\">\n\t\t\t<div class=\"sigma-teammember-title\">\n\t\t\t\t<h3 class=\"teammember-title\">\n\t\t\t\t\t<a href=\"https:\/\/a-es.eu\/de\/team\/alexander-seebold\" class=\"teammember-title-link\">Alexander Seebold<\/a>\n\t\t\t\t<\/h3>\n\t\t\t<\/div>\n\t\t\t\t\t\t\t<div class=\"sigma-teammember-designation-container\">\n\t\t\t\t\t<h5 class=\"sigma-teammember-designation\">Transportmanager<\/h5>\n\t\t\t\t<\/div>\n\t\t\t\t\t\t<\/div>\n\t<\/div>\n<\/div>\n\t\t<\/div>\n\t\t\t\t<div class=\"col-xl-4 col-lg-4 col-md-6 col-sm-12\">\n\t\t\t<div class=\"sigma-teammember-slide\">\n\t<div class=\"sigma-teammember-wrapper\">\n\t\t<div class=\"sigma-teammember-thumbnail-wrapper\">\n\t\t\t\t\t\t<div class=\"sigma-teammember-image-container\">\n\t\t\t\t\t\t\t\t\t<img decoding=\"async\" class=\"teammember-image\" src=\"https:\/\/a-es.eu\/de\/wp-content\/uploads\/sites\/4\/2020\/05\/a-es-kolegi-removebg-preview.png\" alt=\"Maria Babikova\">\n\t\t\t\t\t\t\t\t\t\t\t\t<\/div>\n\t\t<\/div>\n\t\t<div class=\"sigma-teammember-content-cover\">\n\t\t\t<div class=\"sigma-teammember-title\">\n\t\t\t\t<h3 class=\"teammember-title\">\n\t\t\t\t\t<a href=\"https:\/\/a-es.eu\/de\/team\/maria-babikova\" class=\"teammember-title-link\">Maria Babikova<\/a>\n\t\t\t\t<\/h3>\n\t\t\t<\/div>\n\t\t\t\t\t\t\t<div class=\"sigma-teammember-designation-container\">\n\t\t\t\t\t<h5 class=\"sigma-teammember-designation\">Administrator des Frachtverkehres<\/h5>\n\t\t\t\t<\/div>\n\t\t\t\t\t\t<\/div>\n\t<\/div>\n<\/div>\n\t\t<\/div>\n\t\t\t\t<div class=\"col-xl-4 col-lg-4 col-md-6 col-sm-12\">\n\t\t\t<div class=\"sigma-teammember-slide\">\n\t<div class=\"sigma-teammember-wrapper\">\n\t\t<div class=\"sigma-teammember-thumbnail-wrapper\">\n\t\t\t\t\t\t<div class=\"sigma-teammember-image-container\">\n\t\t\t\t\t\t\t\t\t\t\t<\/div>\n\t\t<\/div>\n\t\t<div class=\"sigma-teammember-content-cover\">\n\t\t\t<div class=\"sigma-teammember-title\">\n\t\t\t\t<h3 class=\"teammember-title\">\n\t\t\t\t\t<a href=\"https:\/\/a-es.eu\/de\/team\/livija-kaleja\" class=\"teammember-title-link\">Livija Kaleja<\/a>\n\t\t\t\t<\/h3>\n\t\t\t<\/div>\n\t\t\t\t\t\t\t<div class=\"sigma-teammember-designation-container\">\n\t\t\t\t\t<h5 class=\"sigma-teammember-designation\">Finanzleitung<\/h5>\n\t\t\t\t<\/div>\n\t\t\t\t\t\t<\/div>\n\t<\/div>\n<\/div>\n\t\t<\/div>\n\t\t\t\t<div class=\"col-xl-4 col-lg-4 col-md-6 col-sm-12\">\n\t\t\t<div class=\"sigma-teammember-slide\">\n\t<div class=\"sigma-teammember-wrapper\">\n\t\t<div class=\"sigma-teammember-thumbnail-wrapper\">\n\t\t\t\t\t\t<div class=\"sigma-teammember-image-container\">\n\t\t\t\t\t\t\t\t\t<img decoding=\"async\" class=\"teammember-image\" src=\"https:\/\/a-es.eu\/de\/wp-content\/uploads\/sites\/4\/2020\/05\/6-removebg-preview.png\" alt=\"Maira Muizniece\">\n\t\t\t\t\t\t\t\t\t\t\t\t<\/div>\n\t\t<\/div>\n\t\t<div class=\"sigma-teammember-content-cover\">\n\t\t\t<div class=\"sigma-teammember-title\">\n\t\t\t\t<h3 class=\"teammember-title\">\n\t\t\t\t\t<a href=\"https:\/\/a-es.eu\/de\/team\/maira-muizniece\" class=\"teammember-title-link\">Maira Muizniece<\/a>\n\t\t\t\t<\/h3>\n\t\t\t<\/div>\n\t\t\t\t\t\t\t<div class=\"sigma-teammember-designation-container\">\n\t\t\t\t\t<h5 class=\"sigma-teammember-designation\">Logistikleitung<\/h5>\n\t\t\t\t<\/div>\n\t\t\t\t\t\t<\/div>\n\t<\/div>\n<\/div>\n\t\t<\/div>\n\t\t<\/div>\n\t\t<\/div>\n\t\t[vc_empty_space][\/vc_column][\/vc_row][vc_row css=&#8221;.vc_custom_1588479581981{padding-bottom: 70px !important;}&#8221; row_css_xs=&#8221;.vc_custom_1588479581983{padding-bottom: 30px !important;}&#8221;][vc_column]\t\t<div  class=\"sigma_custom_heading_wrapper sigma-custom-heading-983449217 sigma-shortcode-wrapper custom-heading-style-1 subtitle-text- title-text- heading-alignment-left text-center\">\n\t\t\t<div class=\"sigma-custom-heading-wrapper\">\n\t\t\t<div class=\"sigma-heading-subtitle-wrapper\">\n\t\t\t<h3 class=\"heading-subtitle\">\n\t\t\t\tNeuigkeiten\t\t\t<\/h3>\n\t\t<\/div>\n\t\t\t\t<div class=\"sigma-heading-title-wrapper\">\n\t\t\t<h3 class=\"heading-title\">\n\t\t\t\tFRACHTBEF\u00d6RDERUNGEN\t\t\t<\/h3>\n\t\t<\/div>\n\t\t<\/div>\n\t\t<\/div>\n\t\t[vc_empty_space]\t\t<div  class=\"sigma_blog_wrapper sigma-blog-1690220429 sigma-shortcode-wrapper blog-style-1 blog-layout-grid\">\n\t\t\t<div class=\"row\">\n\t\t\t<div class=\"col-xl-4 col-lg-4 col-md-6 col-sm-12\">\n\t\t\t<div class=\"sigma-post-slide\">\n\t<div class=\"sigma-post-post-wrapper\">\n\t\t<div class=\"sigma-post-post-thumbnail-wrapper\">\n\t\t\t\t\t\t<div class=\"sigma-post-image-container\">\n\t\t\t\t<a href=\"https:\/\/a-es.eu\/de\/frachtversand-nach-dem-brexit\">\n\t\t\t\t\t\t\t\t\t<img decoding=\"async\" class=\"post-image\" src=\"https:\/\/a-es.eu\/de\/wp-content\/uploads\/sites\/4\/2020\/06\/28.jpeg\" alt=\"FRACHTVERSAND NACH DEM BREXIT\">\n\t\t\t\t\t\t\t\t\t<\/a>\n\t\t\t<\/div>\n\t\t<\/div>\n\t\t<div class=\"sigma-post-content-cover\">\n\t\t\t<div class=\"sigma-post-date\"><span>26<\/span>Nov<\/div>\n\t\t\t<div class=\"sigma-post-title\">\n\t\t\t\t<h3 class=\"post-title\">\n\t\t\t\t\t<a href=\"https:\/\/a-es.eu\/de\/frachtversand-nach-dem-brexit\">FRACHTVERSAND NACH DEM BREXIT<\/a>\n\t\t\t\t<\/h3>\n\t\t\t<\/div>\n\t\t\t<div class=\"sigma-post-description\">\n\t\t\t<p>Am 1. Januar 2021 wird das Vereinigte K\u00f6nigreich aus der EU-Binnenmarktunion austreten, wodurch die Reihenfolge der Ein- und Ausfuhr von Fracht nach \/ von Gro\u00dfbritannien ge\u00e4ndert wird. Welche Dokumente m\u00fcssen vorbereitet werden?<\/p>\n\t\t\t<\/div>\n\t\t\t<div class=\"sigma-post-content\">\n\t\t\t\t<div class=\"sigma-post-meta\">\n\t\t\t\t\t<div class=\"post-meta-item post-author\">\n\t\t\t\t\t\t<i class=\"far fa-user\"><\/i>\n\t\t\t\t\t\t<a href=\"https:\/\/a-es.eu\/de\/author\/a-es\" class=\"post-author-link\"><span class=\"post-author-name\">a-es<\/span><\/a>\n\t\t\t\t\t<\/div>\n\t\t\t\t\t<div class=\"post-meta-item post-comment\"><i class=\"far fa-comment\"><\/i>Comments (0)<\/div>\n\t\t\t\t<\/div>\n\t\t\t<\/div>\n\t\t<\/div>\n\t<\/div>\n<\/div>\n\t\t<\/div>\n\t\t\t\t<div class=\"col-xl-4 col-lg-4 col-md-6 col-sm-12\">\n\t\t\t<div class=\"sigma-post-slide\">\n\t<div class=\"sigma-post-post-wrapper\">\n\t\t<div class=\"sigma-post-post-thumbnail-wrapper\">\n\t\t\t\t\t\t<div class=\"sigma-post-image-container\">\n\t\t\t\t<a href=\"https:\/\/a-es.eu\/de\/spedition-preise\">\n\t\t\t\t\t\t\t\t\t<img decoding=\"async\" class=\"post-image\" src=\"https:\/\/a-es.eu\/de\/wp-content\/uploads\/sites\/4\/2021\/03\/LDM.2jpg.png\" alt=\"SPEDITION PREISE\">\n\t\t\t\t\t\t\t\t\t<\/a>\n\t\t\t<\/div>\n\t\t<\/div>\n\t\t<div class=\"sigma-post-content-cover\">\n\t\t\t<div class=\"sigma-post-date\"><span>22<\/span>Jul<\/div>\n\t\t\t<div class=\"sigma-post-title\">\n\t\t\t\t<h3 class=\"post-title\">\n\t\t\t\t\t<a href=\"https:\/\/a-es.eu\/de\/spedition-preise\">SPEDITION PREISE<\/a>\n\t\t\t\t<\/h3>\n\t\t\t<\/div>\n\t\t\t<div class=\"sigma-post-description\">\n\t\t\t<p>LDM ist eine Standardformel zur Berechnung der Tragf\u00e4higkeit, gemessen nach Fahrzeugtyp und -gr\u00f6\u00dfe. 1 LDM &#8211; 1 Meter von der Gesamtladefl\u00e4che des Fahrzeugs entfernt.<\/p>\n\t\t\t<\/div>\n\t\t\t<div class=\"sigma-post-content\">\n\t\t\t\t<div class=\"sigma-post-meta\">\n\t\t\t\t\t<div class=\"post-meta-item post-author\">\n\t\t\t\t\t\t<i class=\"far fa-user\"><\/i>\n\t\t\t\t\t\t<a href=\"https:\/\/a-es.eu\/de\/author\/a-es\" class=\"post-author-link\"><span class=\"post-author-name\">a-es<\/span><\/a>\n\t\t\t\t\t<\/div>\n\t\t\t\t\t<div class=\"post-meta-item post-comment\"><i class=\"far fa-comment\"><\/i>Comments (0)<\/div>\n\t\t\t\t<\/div>\n\t\t\t<\/div>\n\t\t<\/div>\n\t<\/div>\n<\/div>\n\t\t<\/div>\n\t\t\t\t<div class=\"col-xl-4 col-lg-4 col-md-6 col-sm-12\">\n\t\t\t<div class=\"sigma-post-slide\">\n\t<div class=\"sigma-post-post-wrapper\">\n\t\t<div class=\"sigma-post-post-thumbnail-wrapper\">\n\t\t\t\t\t\t<div class=\"sigma-post-image-container\">\n\t\t\t\t<a href=\"https:\/\/a-es.eu\/de\/360-tonnen-material-von-berlin-nach-vilnius-gebracht\">\n\t\t\t\t\t\t\t\t\t<img decoding=\"async\" class=\"post-image\" src=\"https:\/\/a-es.eu\/de\/wp-content\/uploads\/sites\/4\/2021\/03\/Untitled-design-56.png\" alt=\"360 TONNEN MATERIAL VON BERLIN NACH VILNIUS GEBRACHT\">\n\t\t\t\t\t\t\t\t\t<\/a>\n\t\t\t<\/div>\n\t\t<\/div>\n\t\t<div class=\"sigma-post-content-cover\">\n\t\t\t<div class=\"sigma-post-date\"><span>21<\/span>Nov<\/div>\n\t\t\t<div class=\"sigma-post-title\">\n\t\t\t\t<h3 class=\"post-title\">\n\t\t\t\t\t<a href=\"https:\/\/a-es.eu\/de\/360-tonnen-material-von-berlin-nach-vilnius-gebracht\">360 TONNEN MATERIAL VON BERLIN NACH VILNIUS GEBRACHT<\/a>\n\t\t\t\t<\/h3>\n\t\t\t<\/div>\n\t\t\t<div class=\"sigma-post-description\">\n\t\t\t<p>In Vilnius baut die Firma HanseGrand den Luki\u0161k\u0117s-Platz um. Es wurden von uns knapp 360 Tonnen Material von Berlin nach Vilnius gebracht.<\/p>\n\t\t\t<\/div>\n\t\t\t<div class=\"sigma-post-content\">\n\t\t\t\t<div class=\"sigma-post-meta\">\n\t\t\t\t\t<div class=\"post-meta-item post-author\">\n\t\t\t\t\t\t<i class=\"far fa-user\"><\/i>\n\t\t\t\t\t\t<a href=\"https:\/\/a-es.eu\/de\/author\/a-es\" class=\"post-author-link\"><span class=\"post-author-name\">a-es<\/span><\/a>\n\t\t\t\t\t<\/div>\n\t\t\t\t\t<div class=\"post-meta-item post-comment\"><i class=\"far fa-comment\"><\/i>Comments (0)<\/div>\n\t\t\t\t<\/div>\n\t\t\t<\/div>\n\t\t<\/div>\n\t<\/div>\n<\/div>\n\t\t<\/div>\n\t\t<\/div>\n\t\t<\/div>\n\t\t[\/vc_column][\/vc_row]<\/p>\n","protected":false},"excerpt":{"rendered":"<p>[vc_row bg_position=&#8221;center-center&#8221; el_class=&#8221;sigma-about-us2&#8243; css=&#8221;.vc_custom_1620753423717{background-position: 0 0 !important;background-repeat: no-repeat !important;}&#8221;][vc_column bg_position=&#8221;center-center&#8221; css=&#8221;.vc_custom_1587125037824{background-position: 0 0 !important;background-repeat: no-repeat !important;}&#8221; offset=&#8221;vc_col-lg-6 vc_col-md-6&#8243;][vc_row_inner css=&#8221;.vc_custom_1586792078715{padding-left: 90px !important;}&#8221; el_class=&#8221;sigma-about-introbox position-relative&#8221;][vc_column_inner][vc_column_text css=&#8221;.vc_custom_1615369137025{margin-bottom: 0px !important;}&#8221;]Wir arbeiten mit gro\u00dfen Transportunternehmen, H\u00e4fen und Flugterminals zusammen, um einen unterbrechungsfreien internationalen\u00a0Warentransport auch durch Lettland zu gew\u00e4hrleisten. Wir planen und organisieren Import-, Export- und Transit-Transporte sowie eine breite Palette [&hellip;]<\/p>\n","protected":false},"author":1,"featured_media":0,"parent":0,"menu_order":2,"comment_status":"closed","ping_status":"closed","template":"templates\/full-width.php","meta":{"footnotes":""},"class_list":["post-50","page","type-page","status-publish","hentry"],"_links":{"self":[{"href":"https:\/\/a-es.eu\/de\/wp-json\/wp\/v2\/pages\/50","targetHints":{"allow":["GET"]}}],"collection":[{"href":"https:\/\/a-es.eu\/de\/wp-json\/wp\/v2\/pages"}],"about":[{"href":"https:\/\/a-es.eu\/de\/wp-json\/wp\/v2\/types\/page"}],"author":[{"embeddable":true,"href":"https:\/\/a-es.eu\/de\/wp-json\/wp\/v2\/users\/1"}],"replies":[{"embeddable":true,"href":"https:\/\/a-es.eu\/de\/wp-json\/wp\/v2\/comments?post=50"}],"version-history":[{"count":0,"href":"https:\/\/a-es.eu\/de\/wp-json\/wp\/v2\/pages\/50\/revisions"}],"wp:attachment":[{"href":"https:\/\/a-es.eu\/de\/wp-json\/wp\/v2\/media?parent=50"}],"curies":[{"name":"wp","href":"https:\/\/api.w.org\/{rel}","templated":true}]}}