{"id":21,"date":"2020-05-31T09:10:12","date_gmt":"2020-05-31T09:10:12","guid":{"rendered":"http:\/\/testing.metropolitanhost.com\/?page_id=21"},"modified":"2021-02-05T18:14:42","modified_gmt":"2021-02-05T16:14:42","slug":"dienstleistungen","status":"publish","type":"page","link":"https:\/\/a-es.eu\/de\/dienstleistungen","title":{"rendered":"DIENSTLEISTUNGEN"},"content":{"rendered":"<p>[vc_row][vc_column]\t\t<div  class=\"sigma_services_wrapper sigma-services-1098421497 sigma-shortcode-wrapper services-style-1 services-layout-grid\">\n\t\t\t<div class=\"row\">\n\t\t\t<div class=\"col-xl-4 col-lg-4 col-md-6 col-sm-12\">\n\t\t\t<div class=\"sigma-service-slide\">\n\t<div class=\"sigma-service-service-wrapper\">\n\t\t<div class=\"sigma-service-service-thumbnail-wrapper\">\n\t\t\t\t\t\t<div class=\"sigma-service-image-container\">\n\t\t\t\t\t\t\t\t<a href=\"https:\/\/a-es.eu\/de\/service\/frachtversicherung\">\n\t\t\t\t\t<img decoding=\"async\" class=\"service-image\" src=\"https:\/\/a-es.eu\/de\/wp-content\/uploads\/sites\/4\/2020\/06\/31.jpeg\" alt=\"FRACHTVERSICHERUNG\">\n\t\t\t\t<\/a>\n\t\t\t\t\t\t\t\t<\/div>\n\t\t<\/div>\n\t\t<div class=\"sigma-service-content-cover\">\n\t\t\t<div class=\"sigma-service-date\">\n\t\t\t\t\t\t\t<i class=\"flaticon-product\"><\/i>\n\t\t\t\t\t\t\t<\/div>\n\t\t\t<div class=\"sigma-service-title\">\n\t\t\t\t<h3 class=\"service-title\">FRACHTVERSICHERUNG<\/h3>\n\t\t\t<\/div>\n\t\t\t<div class=\"sigma-service-content\">\n\t\t\t\t<p>Wir bieten Ihnen einmalige Versicherungen an, aber auch l\u00e4ngerfristige f\u00fcr jeden unserer Transporte an. Wir \u00fcbernehmen alle Kosten die durch unsere Schuld entstanden sich von Abholung bis zur Lieferung. <\/p>\n\t\t\t\t<a href=\"https:\/\/a-es.eu\/de\/service\/frachtversicherung\">Weiterlesen<\/a>\n\t\t\t<\/div>\n\t\t<\/div>\n\t<\/div>\n<\/div>\n\t\t<\/div>\n\t\t\t\t<div class=\"col-xl-4 col-lg-4 col-md-6 col-sm-12\">\n\t\t\t<div class=\"sigma-service-slide\">\n\t<div class=\"sigma-service-service-wrapper\">\n\t\t<div class=\"sigma-service-service-thumbnail-wrapper\">\n\t\t\t\t\t\t<div class=\"sigma-service-image-container\">\n\t\t\t\t\t\t\t\t<a href=\"https:\/\/a-es.eu\/de\/service\/lagerhauser\">\n\t\t\t\t\t<img decoding=\"async\" class=\"service-image\" src=\"https:\/\/a-es.eu\/de\/wp-content\/uploads\/sites\/4\/2021\/03\/warehousing.jpg\" alt=\"LAGERH\u00c4USER\">\n\t\t\t\t<\/a>\n\t\t\t\t\t\t\t\t<\/div>\n\t\t<\/div>\n\t\t<div class=\"sigma-service-content-cover\">\n\t\t\t<div class=\"sigma-service-date\">\n\t\t\t\t\t\t\t<i class=\"flaticon-warehouse\"><\/i>\n\t\t\t\t\t\t\t<\/div>\n\t\t\t<div class=\"sigma-service-title\">\n\t\t\t\t<h3 class=\"service-title\">LAGERH\u00c4USER<\/h3>\n\t\t\t<\/div>\n\t\t\t<div class=\"sigma-service-content\">\n\t\t\t\t<p>Unsere Lager sind auf den neuesten Stand und werden alle rund um die Uhr bewacht. Sie k\u00f6nnen bei uns kleine Ware oder Komplettladungen lagern, wenn Sie ein gek\u00fchltes Lager brauchen ist dies f\u00fcr uns kein Problem. <\/p>\n\t\t\t\t<a href=\"https:\/\/a-es.eu\/de\/service\/lagerhauser\">Weiterlesen<\/a>\n\t\t\t<\/div>\n\t\t<\/div>\n\t<\/div>\n<\/div>\n\t\t<\/div>\n\t\t\t\t<div class=\"col-xl-4 col-lg-4 col-md-6 col-sm-12\">\n\t\t\t<div class=\"sigma-service-slide\">\n\t<div class=\"sigma-service-service-wrapper\">\n\t\t<div class=\"sigma-service-service-thumbnail-wrapper\">\n\t\t\t\t\t\t<div class=\"sigma-service-image-container\">\n\t\t\t\t\t\t\t\t<a href=\"https:\/\/a-es.eu\/de\/service\/zollangelegenheiten\">\n\t\t\t\t\t<img decoding=\"async\" class=\"service-image\" src=\"https:\/\/a-es.eu\/de\/wp-content\/uploads\/sites\/4\/2020\/06\/Untitled-design-50.jpg\" alt=\"ZOLLANGELEGENHEITEN\">\n\t\t\t\t<\/a>\n\t\t\t\t\t\t\t\t<\/div>\n\t\t<\/div>\n\t\t<div class=\"sigma-service-content-cover\">\n\t\t\t<div class=\"sigma-service-date\">\n\t\t\t\t\t\t\t<i class=\"flaticon-warehouse\"><\/i>\n\t\t\t\t\t\t\t<\/div>\n\t\t\t<div class=\"sigma-service-title\">\n\t\t\t\t<h3 class=\"service-title\">ZOLLANGELEGENHEITEN<\/h3>\n\t\t\t<\/div>\n\t\t\t<div class=\"sigma-service-content\">\n\t\t\t\t<p>Professionelle Hilfe bei erstellen und ausf\u00fcllen der Zollunterlagen bekommen Sie von uns. Wir haben viel Erfahrung gesammelt um Ihnen effizient mit dieser Angelegenheit zu helfen.<\/p>\n\t\t\t\t<a href=\"https:\/\/a-es.eu\/de\/service\/zollangelegenheiten\">Weiterlesen<\/a>\n\t\t\t<\/div>\n\t\t<\/div>\n\t<\/div>\n<\/div>\n\t\t<\/div>\n\t\t\t\t<div class=\"col-xl-4 col-lg-4 col-md-6 col-sm-12\">\n\t\t\t<div class=\"sigma-service-slide\">\n\t<div class=\"sigma-service-service-wrapper\">\n\t\t<div class=\"sigma-service-service-thumbnail-wrapper\">\n\t\t\t\t\t\t<div class=\"sigma-service-image-container\">\n\t\t\t\t\t\t\t\t<a href=\"https:\/\/a-es.eu\/de\/service\/strassenguterverkehr\">\n\t\t\t\t\t<img decoding=\"async\" class=\"service-image\" src=\"https:\/\/a-es.eu\/de\/wp-content\/uploads\/sites\/4\/2020\/06\/14.jpeg\" alt=\"STRASSENG\u00dcTERVERKEHR\">\n\t\t\t\t<\/a>\n\t\t\t\t\t\t\t\t<\/div>\n\t\t<\/div>\n\t\t<div class=\"sigma-service-content-cover\">\n\t\t\t<div class=\"sigma-service-date\">\n\t\t\t\t\t\t\t<i class=\"flaticon-truck-2\"><\/i>\n\t\t\t\t\t\t\t<\/div>\n\t\t\t<div class=\"sigma-service-title\">\n\t\t\t\t<h3 class=\"service-title\">STRASSENG\u00dcTERVERKEHR<\/h3>\n\t\t\t<\/div>\n\t\t\t<div class=\"sigma-service-content\">\n\t\t\t\t<p>Wir k\u00f6nnen Ihnen z.B. Planenfahrzeuge, Silofahrzeuge, Kipper, K\u00fchlfahrzuege, Tiertransportfahrzeuge, Autotransportfahrzeuge und viele weitere Fahrzeuge anbieten.<\/p>\n\t\t\t\t<a href=\"https:\/\/a-es.eu\/de\/service\/strassenguterverkehr\">Weiterlesen<\/a>\n\t\t\t<\/div>\n\t\t<\/div>\n\t<\/div>\n<\/div>\n\t\t<\/div>\n\t\t\t\t<div class=\"col-xl-4 col-lg-4 col-md-6 col-sm-12\">\n\t\t\t<div class=\"sigma-service-slide\">\n\t<div class=\"sigma-service-service-wrapper\">\n\t\t<div class=\"sigma-service-service-thumbnail-wrapper\">\n\t\t\t\t\t\t<div class=\"sigma-service-image-container\">\n\t\t\t\t\t\t\t\t<a href=\"https:\/\/a-es.eu\/de\/service\/umzugsunternehmen\">\n\t\t\t\t\t<img decoding=\"async\" class=\"service-image\" src=\"https:\/\/a-es.eu\/de\/wp-content\/uploads\/sites\/4\/2020\/06\/Noforme\u0304jums-bez-nosaukuma.jpg\" alt=\"UMZUGSUNTERNEHMEN\">\n\t\t\t\t<\/a>\n\t\t\t\t\t\t\t\t<\/div>\n\t\t<\/div>\n\t\t<div class=\"sigma-service-content-cover\">\n\t\t\t<div class=\"sigma-service-date\">\n\t\t\t\t\t\t\t<i class=\"flaticon-moving\"><\/i>\n\t\t\t\t\t\t\t<\/div>\n\t\t\t<div class=\"sigma-service-title\">\n\t\t\t\t<h3 class=\"service-title\">UMZUGSUNTERNEHMEN<\/h3>\n\t\t\t<\/div>\n\t\t\t<div class=\"sigma-service-content\">\n\t\t\t\t<p>Der internationale Transport pers\u00f6nlicher Gegenst\u00e4nde ist im Vergleich zum Inlandstransport ein langer und spezifischer Prozess und muss ber\u00fccksichtigt werdenviele Details, einschlie\u00dflich Gewicht, Gr\u00f6\u00dfe und Ziel sowie Dokumentation.<\/p>\n\t\t\t\t<a href=\"https:\/\/a-es.eu\/de\/service\/umzugsunternehmen\">Weiterlesen<\/a>\n\t\t\t<\/div>\n\t\t<\/div>\n\t<\/div>\n<\/div>\n\t\t<\/div>\n\t\t\t\t<div class=\"col-xl-4 col-lg-4 col-md-6 col-sm-12\">\n\t\t\t<div class=\"sigma-service-slide\">\n\t<div class=\"sigma-service-service-wrapper\">\n\t\t<div class=\"sigma-service-service-thumbnail-wrapper\">\n\t\t\t\t\t\t<div class=\"sigma-service-image-container\">\n\t\t\t\t\t\t\t\t<a href=\"https:\/\/a-es.eu\/de\/service\/tiertransport\">\n\t\t\t\t\t<img decoding=\"async\" class=\"service-image\" src=\"https:\/\/a-es.eu\/de\/wp-content\/uploads\/sites\/4\/2020\/06\/2.jpeg\" alt=\"TIERTRANSPORT\">\n\t\t\t\t<\/a>\n\t\t\t\t\t\t\t\t<\/div>\n\t\t<\/div>\n\t\t<div class=\"sigma-service-content-cover\">\n\t\t\t<div class=\"sigma-service-date\">\n\t\t\t\t\t\t\t<i class=\"flaticon-data-transfer\"><\/i>\n\t\t\t\t\t\t\t<\/div>\n\t\t\t<div class=\"sigma-service-title\">\n\t\t\t\t<h3 class=\"service-title\">TIERTRANSPORT<\/h3>\n\t\t\t<\/div>\n\t\t\t<div class=\"sigma-service-content\">\n\t\t\t\t<p>Wir haben sehr viel Erfahrung im Tiertransport sammeln k\u00f6nnen, sodass wir viele Risiken vorbeugen k\u00f6nnen und den Tieren ein angenehmen Transport erm\u00f6glichen k\u00f6nnen. <\/p>\n\t\t\t\t<a href=\"https:\/\/a-es.eu\/de\/service\/tiertransport\">Weiterlesen<\/a>\n\t\t\t<\/div>\n\t\t<\/div>\n\t<\/div>\n<\/div>\n\t\t<\/div>\n\t\t\t\t<div class=\"col-xl-4 col-lg-4 col-md-6 col-sm-12\">\n\t\t\t<div class=\"sigma-service-slide\">\n\t<div class=\"sigma-service-service-wrapper\">\n\t\t<div class=\"sigma-service-service-thumbnail-wrapper\">\n\t\t\t\t\t\t<div class=\"sigma-service-image-container\">\n\t\t\t\t\t\t\t\t<a href=\"https:\/\/a-es.eu\/de\/service\/ubergrose-fracht\">\n\t\t\t\t\t<img decoding=\"async\" class=\"service-image\" src=\"https:\/\/a-es.eu\/de\/wp-content\/uploads\/sites\/4\/2020\/06\/17.jpeg\" alt=\"\u00dcBERGROSSE FRACHT\">\n\t\t\t\t<\/a>\n\t\t\t\t\t\t\t\t<\/div>\n\t\t<\/div>\n\t\t<div class=\"sigma-service-content-cover\">\n\t\t\t<div class=\"sigma-service-date\">\n\t\t\t\t\t\t\t<i class=\"flaticon-worldwide\"><\/i>\n\t\t\t\t\t\t\t<\/div>\n\t\t\t<div class=\"sigma-service-title\">\n\t\t\t\t<h3 class=\"service-title\">\u00dcBERGROSSE FRACHT<\/h3>\n\t\t\t<\/div>\n\t\t\t<div class=\"sigma-service-content\">\n\t\t\t\t<p>Au\u00dfergew\u00f6hnliche Fracht oder keine Standard Fracht sind sehr speziell und nur sehr schwer zu transportieren. Dies kann sehr viele Faktoren haben wie z.B.<\/p>\n\t\t\t\t<a href=\"https:\/\/a-es.eu\/de\/service\/ubergrose-fracht\">Weiterlesen<\/a>\n\t\t\t<\/div>\n\t\t<\/div>\n\t<\/div>\n<\/div>\n\t\t<\/div>\n\t\t\t\t<div class=\"col-xl-4 col-lg-4 col-md-6 col-sm-12\">\n\t\t\t<div class=\"sigma-service-slide\">\n\t<div class=\"sigma-service-service-wrapper\">\n\t\t<div class=\"sigma-service-service-thumbnail-wrapper\">\n\t\t\t\t\t\t<div class=\"sigma-service-image-container\">\n\t\t\t\t\t\t\t\t<a href=\"https:\/\/a-es.eu\/de\/service\/schienenverkehr\">\n\t\t\t\t\t<img decoding=\"async\" class=\"service-image\" src=\"https:\/\/a-es.eu\/de\/wp-content\/uploads\/sites\/4\/2020\/06\/33.jpeg\" alt=\"SCHIENENVERKEHR\">\n\t\t\t\t<\/a>\n\t\t\t\t\t\t\t\t<\/div>\n\t\t<\/div>\n\t\t<div class=\"sigma-service-content-cover\">\n\t\t\t<div class=\"sigma-service-date\">\n\t\t\t\t\t\t\t<i class=\"flaticon-global\"><\/i>\n\t\t\t\t\t\t\t<\/div>\n\t\t\t<div class=\"sigma-service-title\">\n\t\t\t\t<h3 class=\"service-title\">SCHIENENVERKEHR<\/h3>\n\t\t\t<\/div>\n\t\t\t<div class=\"sigma-service-content\">\n\t\t\t\t<p>Wir bieten Ihnen offene und geschlossene Wagons an. Wir haben auch spezial Wagons womit wir au\u00dfergew\u00f6hnliche Fracht verschicken k\u00f6nnen. <\/p>\n\t\t\t\t<a href=\"https:\/\/a-es.eu\/de\/service\/schienenverkehr\">Weiterlesen<\/a>\n\t\t\t<\/div>\n\t\t<\/div>\n\t<\/div>\n<\/div>\n\t\t<\/div>\n\t\t\t\t<div class=\"col-xl-4 col-lg-4 col-md-6 col-sm-12\">\n\t\t\t<div class=\"sigma-service-slide\">\n\t<div class=\"sigma-service-service-wrapper\">\n\t\t<div class=\"sigma-service-service-thumbnail-wrapper\">\n\t\t\t\t\t\t<div class=\"sigma-service-image-container\">\n\t\t\t\t\t\t\t\t<a href=\"https:\/\/a-es.eu\/de\/service\/luftfracht\">\n\t\t\t\t\t<img decoding=\"async\" class=\"service-image\" src=\"https:\/\/a-es.eu\/de\/wp-content\/uploads\/sites\/4\/2020\/06\/29.jpeg\" alt=\"LUFTFRACHT\">\n\t\t\t\t<\/a>\n\t\t\t\t\t\t\t\t<\/div>\n\t\t<\/div>\n\t\t<div class=\"sigma-service-content-cover\">\n\t\t\t<div class=\"sigma-service-date\">\n\t\t\t\t\t\t\t<i class=\"flaticon-worldwide\"><\/i>\n\t\t\t\t\t\t\t<\/div>\n\t\t\t<div class=\"sigma-service-title\">\n\t\t\t\t<h3 class=\"service-title\">LUFTFRACHT<\/h3>\n\t\t\t<\/div>\n\t\t\t<div class=\"sigma-service-content\">\n\t\t\t\t<p>Im Moment ist die Luftfracht der schnellste Weg Ihre Ware von A nach B zu bringen. Dies ist die richtige L\u00f6sung f\u00fcr zerbrechliche und dringende Ware. <\/p>\n\t\t\t\t<a href=\"https:\/\/a-es.eu\/de\/service\/luftfracht\">Weiterlesen<\/a>\n\t\t\t<\/div>\n\t\t<\/div>\n\t<\/div>\n<\/div>\n\t\t<\/div>\n\t\t<\/div>\n\t\t<\/div>\n\t\t[\/vc_column][\/vc_row]<\/p>\n","protected":false},"excerpt":{"rendered":"<p>[vc_row][vc_column][\/vc_column][\/vc_row]<\/p>\n","protected":false},"author":1,"featured_media":0,"parent":0,"menu_order":3,"comment_status":"closed","ping_status":"closed","template":"templates\/full-width.php","meta":{"footnotes":""},"class_list":["post-21","page","type-page","status-publish","hentry"],"_links":{"self":[{"href":"https:\/\/a-es.eu\/de\/wp-json\/wp\/v2\/pages\/21","targetHints":{"allow":["GET"]}}],"collection":[{"href":"https:\/\/a-es.eu\/de\/wp-json\/wp\/v2\/pages"}],"about":[{"href":"https:\/\/a-es.eu\/de\/wp-json\/wp\/v2\/types\/page"}],"author":[{"embeddable":true,"href":"https:\/\/a-es.eu\/de\/wp-json\/wp\/v2\/users\/1"}],"replies":[{"embeddable":true,"href":"https:\/\/a-es.eu\/de\/wp-json\/wp\/v2\/comments?post=21"}],"version-history":[{"count":0,"href":"https:\/\/a-es.eu\/de\/wp-json\/wp\/v2\/pages\/21\/revisions"}],"wp:attachment":[{"href":"https:\/\/a-es.eu\/de\/wp-json\/wp\/v2\/media?parent=21"}],"curies":[{"name":"wp","href":"https:\/\/api.w.org\/{rel}","templated":true}]}}