{"id":19,"date":"2020-05-31T09:09:54","date_gmt":"2020-05-31T09:09:54","guid":{"rendered":"http:\/\/testing.metropolitanhost.com\/?page_id=19"},"modified":"2021-02-05T18:15:17","modified_gmt":"2021-02-05T16:15:17","slug":"transporte","status":"publish","type":"page","link":"https:\/\/a-es.eu\/de\/transporte","title":{"rendered":"TRANSPORTE"},"content":{"rendered":"<p>[vc_row][vc_column]\t\t<div  class=\"sigma_fleets_wrapper sigma-fleets-2083826873 sigma-shortcode-wrapper fleets-style-1 fleets-layout-grid\">\n\t\t\t<div class=\"row\">\n\t\t\t<div class=\"col-xl-4 col-lg-4 col-md-6 col-sm-12\">\n\t\t\t<div class=\"sigma-fleets-slide\">\n\t<div class=\"sigma-fleets-wrapper\">\n\t\t<div class=\"sigma-fleets-thumbnail-wrapper\">\n\t\t\t\t\t\t<div class=\"sigma-fleets-image-container\">\n\t\t\t\t<a href=\"https:\/\/a-es.eu\/de\/transporte\/negabarita-kravas-platforma\">\n\t\t\t\t\t\t\t\t\t<img decoding=\"async\" class=\"fleets-image\" src=\"https:\/\/a-es.eu\/de\/wp-content\/uploads\/sites\/4\/2020\/06\/9.jpeg\" alt=\"NEGABAR\u012aTA KRAVAS PLATFORMA\">\n\t\t\t\t\t<div class=\"fleet-link\">\n\t\t\t\t\t<a href=\"https:\/\/a-es.eu\/de\/transporte\/negabarita-kravas-platforma\"><i class=\"fas fa-link\"><\/i><\/a>\n\t\t\t\t\t<\/div>\n\t\t\t\t\t\t\t\t\t<\/a>\n\t\t\t<\/div>\n\t\t\t<div class=\"sigma-fleets-content-cover\">\n\t\t\t\t<div class=\"sigma-fleets-action-icons\">\n\t\t\t\t\t\t\t\t\t\t<a class=\"sigma-mfg-popup-image\" href=\"https:\/\/a-es.eu\/de\/wp-content\/uploads\/sites\/4\/2020\/06\/9.jpeg\">\n\t\t\t\t\t\t\t<i class=\"fas fa-expand\"><\/i>\n\t\t\t\t\t\t<\/a>\n\t\t\t\t\t\t\t\t\t\t<\/div>\n\t\t\t\t<div class=\"fleets-content-sec\">\n\t\t\t\t\t<div class=\"sigma-fleets-title\">\n\t\t\t\t\t\t<h3 class=\"fleets-title\"><a href=\"https:\/\/a-es.eu\/de\/transporte\/negabarita-kravas-platforma\">NEGABAR\u012aTA KRAVAS PLATFORMA<\/a><\/h3>\n\t\t\t\t\t<\/div>\n\t\t\t\t\t\n\t\t\t\t<\/div>\n\t\t\t<\/div>\n\t\t<\/div>\n\t<\/div>\n<\/div>\n\t\t<\/div>\n\t\t\t\t<div class=\"col-xl-4 col-lg-4 col-md-6 col-sm-12\">\n\t\t\t<div class=\"sigma-fleets-slide\">\n\t<div class=\"sigma-fleets-wrapper\">\n\t\t<div class=\"sigma-fleets-thumbnail-wrapper\">\n\t\t\t\t\t\t<div class=\"sigma-fleets-image-container\">\n\t\t\t\t<a href=\"https:\/\/a-es.eu\/de\/transporte\/dzivnieku-parvadajumiem\">\n\t\t\t\t\t\t\t\t\t<img decoding=\"async\" class=\"fleets-image\" src=\"https:\/\/a-es.eu\/de\/wp-content\/uploads\/sites\/4\/2020\/06\/5.jpeg\" alt=\"DZ\u012aVNIEKU P\u0100RVAD\u0100JUMIEM\">\n\t\t\t\t\t<div class=\"fleet-link\">\n\t\t\t\t\t<a href=\"https:\/\/a-es.eu\/de\/transporte\/dzivnieku-parvadajumiem\"><i class=\"fas fa-link\"><\/i><\/a>\n\t\t\t\t\t<\/div>\n\t\t\t\t\t\t\t\t\t<\/a>\n\t\t\t<\/div>\n\t\t\t<div class=\"sigma-fleets-content-cover\">\n\t\t\t\t<div class=\"sigma-fleets-action-icons\">\n\t\t\t\t\t\t\t\t\t\t<a class=\"sigma-mfg-popup-image\" href=\"https:\/\/a-es.eu\/de\/wp-content\/uploads\/sites\/4\/2020\/06\/5.jpeg\">\n\t\t\t\t\t\t\t<i class=\"fas fa-expand\"><\/i>\n\t\t\t\t\t\t<\/a>\n\t\t\t\t\t\t\t\t\t\t<\/div>\n\t\t\t\t<div class=\"fleets-content-sec\">\n\t\t\t\t\t<div class=\"sigma-fleets-title\">\n\t\t\t\t\t\t<h3 class=\"fleets-title\"><a href=\"https:\/\/a-es.eu\/de\/transporte\/dzivnieku-parvadajumiem\">DZ\u012aVNIEKU P\u0100RVAD\u0100JUMIEM<\/a><\/h3>\n\t\t\t\t\t<\/div>\n\t\t\t\t\t\n\t\t\t\t<\/div>\n\t\t\t<\/div>\n\t\t<\/div>\n\t<\/div>\n<\/div>\n\t\t<\/div>\n\t\t\t\t<div class=\"col-xl-4 col-lg-4 col-md-6 col-sm-12\">\n\t\t\t<div class=\"sigma-fleets-slide\">\n\t<div class=\"sigma-fleets-wrapper\">\n\t\t<div class=\"sigma-fleets-thumbnail-wrapper\">\n\t\t\t\t\t\t<div class=\"sigma-fleets-image-container\">\n\t\t\t\t<a href=\"https:\/\/a-es.eu\/de\/transporte\/pasizgazejs\">\n\t\t\t\t\t\t\t\t\t<img decoding=\"async\" class=\"fleets-image\" src=\"https:\/\/a-es.eu\/de\/wp-content\/uploads\/sites\/4\/2021\/03\/ezgif.com-webp-to-jpg-1.jpg\" alt=\"PA\u0160IZG\u0100Z\u0112JS\">\n\t\t\t\t\t<div class=\"fleet-link\">\n\t\t\t\t\t<a href=\"https:\/\/a-es.eu\/de\/transporte\/pasizgazejs\"><i class=\"fas fa-link\"><\/i><\/a>\n\t\t\t\t\t<\/div>\n\t\t\t\t\t\t\t\t\t<\/a>\n\t\t\t<\/div>\n\t\t\t<div class=\"sigma-fleets-content-cover\">\n\t\t\t\t<div class=\"sigma-fleets-action-icons\">\n\t\t\t\t\t\t\t\t\t\t<a class=\"sigma-mfg-popup-image\" href=\"https:\/\/a-es.eu\/de\/wp-content\/uploads\/sites\/4\/2021\/03\/ezgif.com-webp-to-jpg-1.jpg\">\n\t\t\t\t\t\t\t<i class=\"fas fa-expand\"><\/i>\n\t\t\t\t\t\t<\/a>\n\t\t\t\t\t\t\t\t\t\t<\/div>\n\t\t\t\t<div class=\"fleets-content-sec\">\n\t\t\t\t\t<div class=\"sigma-fleets-title\">\n\t\t\t\t\t\t<h3 class=\"fleets-title\"><a href=\"https:\/\/a-es.eu\/de\/transporte\/pasizgazejs\">PA\u0160IZG\u0100Z\u0112JS<\/a><\/h3>\n\t\t\t\t\t<\/div>\n\t\t\t\t\t\n\t\t\t\t<\/div>\n\t\t\t<\/div>\n\t\t<\/div>\n\t<\/div>\n<\/div>\n\t\t<\/div>\n\t\t\t\t<div class=\"col-xl-4 col-lg-4 col-md-6 col-sm-12\">\n\t\t\t<div class=\"sigma-fleets-slide\">\n\t<div class=\"sigma-fleets-wrapper\">\n\t\t<div class=\"sigma-fleets-thumbnail-wrapper\">\n\t\t\t\t\t\t<div class=\"sigma-fleets-image-container\">\n\t\t\t\t<a href=\"https:\/\/a-es.eu\/de\/transporte\/refrizeratori\">\n\t\t\t\t\t\t\t\t\t<img decoding=\"async\" class=\"fleets-image\" src=\"https:\/\/a-es.eu\/de\/wp-content\/uploads\/sites\/4\/2021\/03\/7620_7031625768440.jpg\" alt=\"REFRI\u017dERATORI\">\n\t\t\t\t\t<div class=\"fleet-link\">\n\t\t\t\t\t<a href=\"https:\/\/a-es.eu\/de\/transporte\/refrizeratori\"><i class=\"fas fa-link\"><\/i><\/a>\n\t\t\t\t\t<\/div>\n\t\t\t\t\t\t\t\t\t<\/a>\n\t\t\t<\/div>\n\t\t\t<div class=\"sigma-fleets-content-cover\">\n\t\t\t\t<div class=\"sigma-fleets-action-icons\">\n\t\t\t\t\t\t\t\t\t\t<a class=\"sigma-mfg-popup-image\" href=\"https:\/\/a-es.eu\/de\/wp-content\/uploads\/sites\/4\/2021\/03\/7620_7031625768440.jpg\">\n\t\t\t\t\t\t\t<i class=\"fas fa-expand\"><\/i>\n\t\t\t\t\t\t<\/a>\n\t\t\t\t\t\t\t\t\t\t<\/div>\n\t\t\t\t<div class=\"fleets-content-sec\">\n\t\t\t\t\t<div class=\"sigma-fleets-title\">\n\t\t\t\t\t\t<h3 class=\"fleets-title\"><a href=\"https:\/\/a-es.eu\/de\/transporte\/refrizeratori\">REFRI\u017dERATORI<\/a><\/h3>\n\t\t\t\t\t<\/div>\n\t\t\t\t\t\n\t\t\t\t<\/div>\n\t\t\t<\/div>\n\t\t<\/div>\n\t<\/div>\n<\/div>\n\t\t<\/div>\n\t\t\t\t<div class=\"col-xl-4 col-lg-4 col-md-6 col-sm-12\">\n\t\t\t<div class=\"sigma-fleets-slide\">\n\t<div class=\"sigma-fleets-wrapper\">\n\t\t<div class=\"sigma-fleets-thumbnail-wrapper\">\n\t\t\t\t\t\t<div class=\"sigma-fleets-image-container\">\n\t\t\t\t<a href=\"https:\/\/a-es.eu\/de\/transporte\/tentas-kravas-auto\">\n\t\t\t\t\t\t\t\t\t<img decoding=\"async\" class=\"fleets-image\" src=\"https:\/\/a-es.eu\/de\/wp-content\/uploads\/sites\/4\/2020\/06\/14.jpeg\" alt=\"TENTAS KRAVAS AUTO\">\n\t\t\t\t\t<div class=\"fleet-link\">\n\t\t\t\t\t<a href=\"https:\/\/a-es.eu\/de\/transporte\/tentas-kravas-auto\"><i class=\"fas fa-link\"><\/i><\/a>\n\t\t\t\t\t<\/div>\n\t\t\t\t\t\t\t\t\t<\/a>\n\t\t\t<\/div>\n\t\t\t<div class=\"sigma-fleets-content-cover\">\n\t\t\t\t<div class=\"sigma-fleets-action-icons\">\n\t\t\t\t\t\t\t\t\t\t<a class=\"sigma-mfg-popup-image\" href=\"https:\/\/a-es.eu\/de\/wp-content\/uploads\/sites\/4\/2020\/06\/14.jpeg\">\n\t\t\t\t\t\t\t<i class=\"fas fa-expand\"><\/i>\n\t\t\t\t\t\t<\/a>\n\t\t\t\t\t\t\t\t\t\t<\/div>\n\t\t\t\t<div class=\"fleets-content-sec\">\n\t\t\t\t\t<div class=\"sigma-fleets-title\">\n\t\t\t\t\t\t<h3 class=\"fleets-title\"><a href=\"https:\/\/a-es.eu\/de\/transporte\/tentas-kravas-auto\">TENTAS KRAVAS AUTO<\/a><\/h3>\n\t\t\t\t\t<\/div>\n\t\t\t\t\t\n\t\t\t\t<\/div>\n\t\t\t<\/div>\n\t\t<\/div>\n\t<\/div>\n<\/div>\n\t\t<\/div>\n\t\t\t\t<div class=\"col-xl-4 col-lg-4 col-md-6 col-sm-12\">\n\t\t\t<div class=\"sigma-fleets-slide\">\n\t<div class=\"sigma-fleets-wrapper\">\n\t\t<div class=\"sigma-fleets-thumbnail-wrapper\">\n\t\t\t\t\t\t<div class=\"sigma-fleets-image-container\">\n\t\t\t\t<a href=\"https:\/\/a-es.eu\/de\/transporte\/small-van\">\n\t\t\t\t\t\t\t\t\t<img decoding=\"async\" class=\"fleets-image\" src=\"https:\/\/a-es.eu\/de\/wp-content\/uploads\/sites\/4\/2020\/06\/busins.jpeg\" alt=\"Small VAN\">\n\t\t\t\t\t<div class=\"fleet-link\">\n\t\t\t\t\t<a href=\"https:\/\/a-es.eu\/de\/transporte\/small-van\"><i class=\"fas fa-link\"><\/i><\/a>\n\t\t\t\t\t<\/div>\n\t\t\t\t\t\t\t\t\t<\/a>\n\t\t\t<\/div>\n\t\t\t<div class=\"sigma-fleets-content-cover\">\n\t\t\t\t<div class=\"sigma-fleets-action-icons\">\n\t\t\t\t\t\t\t\t\t\t<a class=\"sigma-mfg-popup-image\" href=\"https:\/\/a-es.eu\/de\/wp-content\/uploads\/sites\/4\/2020\/06\/busins.jpeg\">\n\t\t\t\t\t\t\t<i class=\"fas fa-expand\"><\/i>\n\t\t\t\t\t\t<\/a>\n\t\t\t\t\t\t\t\t\t\t<\/div>\n\t\t\t\t<div class=\"fleets-content-sec\">\n\t\t\t\t\t<div class=\"sigma-fleets-title\">\n\t\t\t\t\t\t<h3 class=\"fleets-title\"><a href=\"https:\/\/a-es.eu\/de\/transporte\/small-van\">Small VAN<\/a><\/h3>\n\t\t\t\t\t<\/div>\n\t\t\t\t\t\n\t\t\t\t<\/div>\n\t\t\t<\/div>\n\t\t<\/div>\n\t<\/div>\n<\/div>\n\t\t<\/div>\n\t\t<\/div>\n\t\t<\/div>\n\t\t[\/vc_column][\/vc_row]<\/p>\n","protected":false},"excerpt":{"rendered":"<p>[vc_row][vc_column][\/vc_column][\/vc_row]<\/p>\n","protected":false},"author":1,"featured_media":0,"parent":0,"menu_order":4,"comment_status":"closed","ping_status":"closed","template":"templates\/full-width.php","meta":{"footnotes":""},"class_list":["post-19","page","type-page","status-publish","hentry"],"_links":{"self":[{"href":"https:\/\/a-es.eu\/de\/wp-json\/wp\/v2\/pages\/19","targetHints":{"allow":["GET"]}}],"collection":[{"href":"https:\/\/a-es.eu\/de\/wp-json\/wp\/v2\/pages"}],"about":[{"href":"https:\/\/a-es.eu\/de\/wp-json\/wp\/v2\/types\/page"}],"author":[{"embeddable":true,"href":"https:\/\/a-es.eu\/de\/wp-json\/wp\/v2\/users\/1"}],"replies":[{"embeddable":true,"href":"https:\/\/a-es.eu\/de\/wp-json\/wp\/v2\/comments?post=19"}],"version-history":[{"count":0,"href":"https:\/\/a-es.eu\/de\/wp-json\/wp\/v2\/pages\/19\/revisions"}],"wp:attachment":[{"href":"https:\/\/a-es.eu\/de\/wp-json\/wp\/v2\/media?parent=19"}],"curies":[{"name":"wp","href":"https:\/\/api.w.org\/{rel}","templated":true}]}}